{"id":649,"date":"2025-01-28T12:25:20","date_gmt":"2025-01-28T12:25:20","guid":{"rendered":"https:\/\/www.prossergy.com\/\/?page_id=649"},"modified":"2025-01-30T14:23:50","modified_gmt":"2025-01-30T14:23:50","slug":"la-societe","status":"publish","type":"page","link":"https:\/\/www.prossergy.com\/en\/la-societe\/","title":{"rendered":"The company"},"content":{"rendered":"\t\t<div data-elementor-type=\"wp-page\" data-elementor-id=\"649\" class=\"elementor elementor-649 elementor-11\" data-elementor-post-type=\"page\">\n\t\t\t\t<div class=\"elementor-element elementor-element-fc8d1dc e-flex e-con-boxed e-con e-parent\" data-id=\"fc8d1dc\" data-element_type=\"container\">\n\t\t\t\t\t<div class=\"e-con-inner\">\n\t\t<div class=\"elementor-element elementor-element-953eeb6 e-con-full e-flex e-con e-child\" data-id=\"953eeb6\" data-element_type=\"container\">\n\t\t\t\t<div class=\"elementor-element elementor-element-8f25fd9 title-pseudo elementor-widget elementor-widget-heading\" data-id=\"8f25fd9\" data-element_type=\"widget\" data-widget_type=\"heading.default\">\n\t\t\t\t<div class=\"elementor-widget-container\">\n\t\t\t\t\t<h1 class=\"elementor-heading-title elementor-size-default\">The company<\/h1>\t\t\t\t<\/div>\n\t\t\t\t<\/div>\n\t\t\t\t<div class=\"elementor-element elementor-element-4c8cde3 elementor-widget elementor-widget-text-editor\" data-id=\"4c8cde3\" data-element_type=\"widget\" data-widget_type=\"text-editor.default\">\n\t\t\t\t<div class=\"elementor-widget-container\">\n\t\t\t\t\t\t\t\t\t<p><strong><span lang=\"en-US\">PROSSERGY brings together experts, engineers, and specialized technicians whose mission is to support your projects and provide a technological solution tailored to your needs. <\/span><\/strong><\/p>\t\t\t\t\t\t\t\t<\/div>\n\t\t\t\t<\/div>\n\t\t\t\t<div class=\"elementor-element elementor-element-fe51ca8 elementor-widget elementor-widget-text-editor\" data-id=\"fe51ca8\" data-element_type=\"widget\" data-widget_type=\"text-editor.default\">\n\t\t\t\t<div class=\"elementor-widget-container\">\n\t\t\t\t\t\t\t\t\t<p>Our main targets for your business:<\/p><ul><li>Optimal environmental and energy performance.<\/li><li>Reliability.<\/li><li>Minimal construction and operating costs.<\/li><li>Continuous process improvement.<\/li><li>Compliance with safety constraints.<\/li><\/ul><p>Our strengths:<\/p><ul><li>Recognized expertise in atmospheric pollutant treatment.<\/li><li>A targeted technical approach, closely aligned with our clients&#8217; needs.<\/li><li>Great flexibility and responsiveness.<\/li><li>Continuous improvement and process monitoring with operators.<\/li><\/ul>\t\t\t\t\t\t\t\t<\/div>\n\t\t\t\t<\/div>\n\t\t\t\t<\/div>\n\t\t<div class=\"elementor-element elementor-element-d260cd7 e-con-full e-flex e-con e-child\" data-id=\"d260cd7\" data-element_type=\"container\">\n\t\t\t\t<div class=\"elementor-element elementor-element-965089f elementor-widget elementor-widget-image\" data-id=\"965089f\" data-element_type=\"widget\" data-widget_type=\"image.default\">\n\t\t\t\t<div class=\"elementor-widget-container\">\n\t\t\t\t\t\t\t\t\t\t\t\t\t\t\t<img fetchpriority=\"high\" decoding=\"async\" width=\"640\" height=\"426\" src=\"https:\/\/www.prossergy.com\/wp-content\/uploads\/2025\/01\/AdobeStock_202876677.jpg\" class=\"attachment-large size-large wp-image-237\" alt=\"\" srcset=\"https:\/\/www.prossergy.com\/wp-content\/uploads\/2025\/01\/AdobeStock_202876677.jpg 800w, https:\/\/www.prossergy.com\/wp-content\/uploads\/2025\/01\/AdobeStock_202876677-300x200.jpg 300w, https:\/\/www.prossergy.com\/wp-content\/uploads\/2025\/01\/AdobeStock_202876677-768x512.jpg 768w\" sizes=\"(max-width: 640px) 100vw, 640px\" \/>\t\t\t\t\t\t\t\t\t\t\t\t\t\t\t<\/div>\n\t\t\t\t<\/div>\n\t\t\t\t<\/div>\n\t\t\t\t\t<\/div>\n\t\t\t\t<\/div>\n\t\t<div class=\"elementor-element elementor-element-45b0d5d e-flex e-con-boxed e-con e-parent\" data-id=\"45b0d5d\" data-element_type=\"container\">\n\t\t\t\t\t<div class=\"e-con-inner\">\n\t\t\t\t<div class=\"elementor-element elementor-element-7e96833 elementor-widget elementor-widget-heading\" data-id=\"7e96833\" data-element_type=\"widget\" data-widget_type=\"heading.default\">\n\t\t\t\t<div class=\"elementor-widget-container\">\n\t\t\t\t\t<h2 class=\"elementor-heading-title elementor-size-default\">Resources<\/h2>\t\t\t\t<\/div>\n\t\t\t\t<\/div>\n\t\t\t\t<div class=\"elementor-element elementor-element-ae7fa80 elementor-widget elementor-widget-text-editor\" data-id=\"ae7fa80\" data-element_type=\"widget\" data-widget_type=\"text-editor.default\">\n\t\t\t\t<div class=\"elementor-widget-container\">\n\t\t\t\t\t\t\t\t\t<strong>In order to meet client expectations, PROSSERGY has equipped itself with efficient tools for process design, <brengineering, and installation execution.<\/strong>\t\t\t\t\t\t\t\t<\/div>\n\t\t\t\t<\/div>\n\t\t\t\t\t<\/div>\n\t\t\t\t<\/div>\n\t\t<div class=\"elementor-element elementor-element-827304c e-flex e-con-boxed e-con e-parent\" data-id=\"827304c\" data-element_type=\"container\">\n\t\t\t\t\t<div class=\"e-con-inner\">\n\t\t<div class=\"elementor-element elementor-element-a6bb5b1 e-con-full e-flex e-con e-child\" data-id=\"a6bb5b1\" data-element_type=\"container\">\n\t\t\t\t<div class=\"elementor-element elementor-element-5436564 elementor-widget elementor-widget-heading\" data-id=\"5436564\" data-element_type=\"widget\" data-widget_type=\"heading.default\">\n\t\t\t\t<div class=\"elementor-widget-container\">\n\t\t\t\t\t<h3 class=\"elementor-heading-title elementor-size-default\">Measurement and testing :<\/h3>\t\t\t\t<\/div>\n\t\t\t\t<\/div>\n\t\t\t\t<div class=\"elementor-element elementor-element-03ab16b elementor-widget elementor-widget-text-editor\" data-id=\"03ab16b\" data-element_type=\"widget\" data-widget_type=\"text-editor.default\">\n\t\t\t\t<div class=\"elementor-widget-container\">\n\t\t\t\t\t\t\t\t\t<ul>\n \t<li>Gas analyzers and process measurement devices for diagnosing installations and sizing processes.<\/li>\n \t<li>Thermocouples and aspiration pyrometer up to 1350\u00b0C for temperature mapping in furnaces and boilers.<\/li>\n \t<li>Mobile reagent injection equipment for performance testing of DeNOx processes.<\/li>\n<\/ul>\t\t\t\t\t\t\t\t<\/div>\n\t\t\t\t<\/div>\n\t\t\t\t<\/div>\n\t\t<div class=\"elementor-element elementor-element-41bc58f e-con-full e-flex e-con e-child\" data-id=\"41bc58f\" data-element_type=\"container\">\n\t\t\t\t<div class=\"elementor-element elementor-element-c90184d elementor-widget elementor-widget-image\" data-id=\"c90184d\" data-element_type=\"widget\" data-widget_type=\"image.default\">\n\t\t\t\t<div class=\"elementor-widget-container\">\n\t\t\t\t\t\t\t\t\t\t\t\t\t\t\t<img decoding=\"async\" width=\"640\" height=\"459\" src=\"https:\/\/www.prossergy.com\/wp-content\/uploads\/2025\/01\/Groupe-1282-2.jpg\" class=\"attachment-large size-large wp-image-254\" alt=\"\" srcset=\"https:\/\/www.prossergy.com\/wp-content\/uploads\/2025\/01\/Groupe-1282-2.jpg 967w, https:\/\/www.prossergy.com\/wp-content\/uploads\/2025\/01\/Groupe-1282-2-300x215.jpg 300w, https:\/\/www.prossergy.com\/wp-content\/uploads\/2025\/01\/Groupe-1282-2-768x550.jpg 768w\" sizes=\"(max-width: 640px) 100vw, 640px\" \/>\t\t\t\t\t\t\t\t\t\t\t\t\t\t\t<\/div>\n\t\t\t\t<\/div>\n\t\t\t\t<\/div>\n\t\t<div class=\"elementor-element elementor-element-20ced5f e-con-full e-flex e-con e-child\" data-id=\"20ced5f\" data-element_type=\"container\">\n\t\t\t\t<div class=\"elementor-element elementor-element-65e528c elementor-widget elementor-widget-heading\" data-id=\"65e528c\" data-element_type=\"widget\" data-widget_type=\"heading.default\">\n\t\t\t\t<div class=\"elementor-widget-container\">\n\t\t\t\t\t<h3 class=\"elementor-heading-title elementor-size-default\">Process engineering :<\/h3>\t\t\t\t<\/div>\n\t\t\t\t<\/div>\n\t\t\t\t<div class=\"elementor-element elementor-element-a13c70e elementor-widget elementor-widget-text-editor\" data-id=\"a13c70e\" data-element_type=\"widget\" data-widget_type=\"text-editor.default\">\n\t\t\t\t<div class=\"elementor-widget-container\">\n\t\t\t\t\t\t\t\t\t<ul>\n \t<li>Process engineering and calculations:\n<ul>\n \t<li>Material, energy, and utility balances.<\/li>\n \t<li>CFD calculations (fluid mechanics).<\/li>\n \t<li>Heat exchange.<\/li>\n \t<li>Evaporation\/phase change.<\/li>\n \t<li>Chemical reactions.<\/li>\n<\/ul>\n<\/li>\n \t<li>PFD &#038; PID diagrams.<\/li>\n \t<li>Sizing of thermal, hydraulic, and aerodynamic equipment.<\/li>\n \t<li>Safety \u2013 Hazop analyses.<\/li>\n<\/ul>\t\t\t\t\t\t\t\t<\/div>\n\t\t\t\t<\/div>\n\t\t\t\t<\/div>\n\t\t\t\t\t<\/div>\n\t\t\t\t<\/div>\n\t\t<div class=\"elementor-element elementor-element-736ec8e section-blue e-flex e-con-boxed e-con e-parent\" data-id=\"736ec8e\" data-element_type=\"container\">\n\t\t\t\t\t<div class=\"e-con-inner\">\n\t\t<div class=\"elementor-element elementor-element-f7c44df e-con-full e-flex e-con e-child\" data-id=\"f7c44df\" data-element_type=\"container\">\n\t\t\t\t<div class=\"elementor-element elementor-element-a3292df elementor-widget elementor-widget-heading\" data-id=\"a3292df\" data-element_type=\"widget\" data-widget_type=\"heading.default\">\n\t\t\t\t<div class=\"elementor-widget-container\">\n\t\t\t\t\t<h2 class=\"elementor-heading-title elementor-size-default\">Construction :<\/h2>\t\t\t\t<\/div>\n\t\t\t\t<\/div>\n\t\t\t\t<div class=\"elementor-element elementor-element-b080b49 elementor-widget elementor-widget-text-editor\" data-id=\"b080b49\" data-element_type=\"widget\" data-widget_type=\"text-editor.default\">\n\t\t\t\t<div class=\"elementor-widget-container\">\n\t\t\t\t\t\t\t\t\t<p>The best processes are nothing without a careful execution. Our activities being fully integrated, in order to deliver turnkey units, we are in a position to offer thorough engineering services together with a significant field experience. i.e.:<\/p><ul><li>Structural and pressure equipment calculations.<\/li><li>Skid-mounted processes.<\/li><li>Manufacturing follow-up, factory, and on-site inspection.<\/li><li>Integrated assembly and test workshop.<\/li><li>On-site assembly procedures and work supervision.<\/li><li>Commissioning.<\/li><\/ul>\t\t\t\t\t\t\t\t<\/div>\n\t\t\t\t<\/div>\n\t\t\t\t<\/div>\n\t\t<div class=\"elementor-element elementor-element-d45b30a e-con-full e-flex e-con e-child\" data-id=\"d45b30a\" data-element_type=\"container\">\n\t\t\t\t<div class=\"elementor-element elementor-element-048df74 elementor-widget elementor-widget-image\" data-id=\"048df74\" data-element_type=\"widget\" data-widget_type=\"image.default\">\n\t\t\t\t<div class=\"elementor-widget-container\">\n\t\t\t\t\t\t\t\t\t\t\t\t\t\t\t<img decoding=\"async\" width=\"640\" height=\"430\" src=\"https:\/\/www.prossergy.com\/wp-content\/uploads\/2025\/01\/IMG_Mont.jpg\" class=\"attachment-large size-large wp-image-287\" alt=\"\" srcset=\"https:\/\/www.prossergy.com\/wp-content\/uploads\/2025\/01\/IMG_Mont.jpg 800w, https:\/\/www.prossergy.com\/wp-content\/uploads\/2025\/01\/IMG_Mont-300x201.jpg 300w, https:\/\/www.prossergy.com\/wp-content\/uploads\/2025\/01\/IMG_Mont-768x516.jpg 768w\" sizes=\"(max-width: 640px) 100vw, 640px\" \/>\t\t\t\t\t\t\t\t\t\t\t\t\t\t\t<\/div>\n\t\t\t\t<\/div>\n\t\t\t\t<\/div>\n\t\t\t\t\t<\/div>\n\t\t\t\t<\/div>\n\t\t<div class=\"elementor-element elementor-element-6952a10 e-flex e-con-boxed e-con e-parent\" data-id=\"6952a10\" data-element_type=\"container\">\n\t\t\t\t\t<div class=\"e-con-inner\">\n\t\t\t\t<div class=\"elementor-element elementor-element-6554f21 elementor-widget elementor-widget-heading\" data-id=\"6554f21\" data-element_type=\"widget\" data-widget_type=\"heading.default\">\n\t\t\t\t<div class=\"elementor-widget-container\">\n\t\t\t\t\t<h3 class=\"elementor-heading-title elementor-size-default\">Control:<\/h3>\t\t\t\t<\/div>\n\t\t\t\t<\/div>\n\t\t\t\t<div class=\"elementor-element elementor-element-8458558 elementor-widget elementor-widget-text-editor\" data-id=\"8458558\" data-element_type=\"widget\" data-widget_type=\"text-editor.default\">\n\t\t\t\t<div class=\"elementor-widget-container\">\n\t\t\t\t\t\t\t\t\t<p>Implementing a reliable and efficient control system is essential for an effective and sustainable process management:<\/p><ul><li>Definition of instrumentation<\/li><li>Development of functional analyses.<\/li><li>Programming.<\/li><li>Commissioning.<\/li><\/ul>\t\t\t\t\t\t\t\t<\/div>\n\t\t\t\t<\/div>\n\t\t\t\t\t<\/div>\n\t\t\t\t<\/div>\n\t\t<div class=\"elementor-element elementor-element-e85ca49 e-flex e-con-boxed e-con e-parent\" data-id=\"e85ca49\" data-element_type=\"container\">\n\t\t\t\t\t<div class=\"e-con-inner\">\n\t\t\t\t<div class=\"elementor-element elementor-element-ea1c78f elementor-widget elementor-widget-heading\" data-id=\"ea1c78f\" data-element_type=\"widget\" data-widget_type=\"heading.default\">\n\t\t\t\t<div class=\"elementor-widget-container\">\n\t\t\t\t\t<h2 class=\"elementor-heading-title elementor-size-default\">3) Quality \u2013 Safety \u2013 Environment<\/h2>\t\t\t\t<\/div>\n\t\t\t\t<\/div>\n\t\t\t\t\t<\/div>\n\t\t\t\t<\/div>\n\t\t<div class=\"elementor-element elementor-element-f4e8bc0 e-flex e-con-boxed e-con e-parent\" data-id=\"f4e8bc0\" data-element_type=\"container\">\n\t\t\t\t\t<div class=\"e-con-inner\">\n\t\t\t\t<div class=\"elementor-element elementor-element-10778d9 elementor-widget elementor-widget-text-editor\" data-id=\"10778d9\" data-element_type=\"widget\" data-widget_type=\"text-editor.default\">\n\t\t\t\t<div class=\"elementor-widget-container\">\n\t\t\t\t\t\t\t\t\t<p><strong>&gt;At PROSSERGY performance in safety, health, environment, both for employees and subcontractors, is a continuous subject of improvement. Our strong commitment is visible in our QSE policy, based on :<\/strong><\/p>\t\t\t\t\t\t\t\t<\/div>\n\t\t\t\t<\/div>\n\t\t\t\t<div class=\"elementor-element elementor-element-5a458c3 elementor-widget elementor-widget-text-editor\" data-id=\"5a458c3\" data-element_type=\"widget\" data-widget_type=\"text-editor.default\">\n\t\t\t\t<div class=\"elementor-widget-container\">\n\t\t\t\t\t\t\t\t\t<ul>\n \t<li>Complying with current standards and regulations.<\/li>\n \t<li>Meeting customers\u2019 requirements.<\/li>\n \t<li>Respecting the persons\u2019integrity as well as the environment by the prevention of accidents and of occupational risks.<\/li>\n \t<li>Managing dangerous situations, risk analysis, and staff training.<\/li>\n \t<li>Encouraging good HSE practices.<\/li>\n \t<li>Creating sustainable value for all stakeholders.<\/li>\n<\/ul>\t\t\t\t\t\t\t\t<\/div>\n\t\t\t\t<\/div>\n\t\t\t\t\t<\/div>\n\t\t\t\t<\/div>\n\t\t<div class=\"elementor-element elementor-element-3d26706 section-blue e-flex e-con-boxed e-con e-parent\" data-id=\"3d26706\" data-element_type=\"container\">\n\t\t\t\t\t<div class=\"e-con-inner\">\n\t\t<div class=\"elementor-element elementor-element-c0073dd e-con-full e-flex e-con e-child\" data-id=\"c0073dd\" data-element_type=\"container\">\n\t\t\t\t<div class=\"elementor-element elementor-element-bffc6d7 elementor-widget elementor-widget-heading\" data-id=\"bffc6d7\" data-element_type=\"widget\" data-widget_type=\"heading.default\">\n\t\t\t\t<div class=\"elementor-widget-container\">\n\t\t\t\t\t<h2 class=\"elementor-heading-title elementor-size-default\">\nMarket and references<\/h2>\t\t\t\t<\/div>\n\t\t\t\t<\/div>\n\t\t\t\t<div class=\"elementor-element elementor-element-3891b14 elementor-widget elementor-widget-text-editor\" data-id=\"3891b14\" data-element_type=\"widget\" data-widget_type=\"text-editor.default\">\n\t\t\t\t<div class=\"elementor-widget-container\">\n\t\t\t\t\t\t\t\t\t<p><strong>Prossergy&#8217;s experience in the entire chain from design to commissioning, including construction, allows to offer targeted work and field-experienced teams for projects such as:<\/strong><\/p><ul><li>Construction of new units.<\/li><li>Modernization\/optimization of existing units.<\/li><\/ul>\t\t\t\t\t\t\t\t<\/div>\n\t\t\t\t<\/div>\n\t\t\t\t<div class=\"elementor-element elementor-element-c561540 elementor-widget elementor-widget-heading\" data-id=\"c561540\" data-element_type=\"widget\" data-widget_type=\"heading.default\">\n\t\t\t\t<div class=\"elementor-widget-container\">\n\t\t\t\t\t<p class=\"elementor-heading-title elementor-size-default\"><b>Sectors of activity:<\/b><\/p>\t\t\t\t<\/div>\n\t\t\t\t<\/div>\n\t\t\t\t<\/div>\n\t\t<div class=\"elementor-element elementor-element-1eaa3c3 e-con-full e-flex e-con e-child\" data-id=\"1eaa3c3\" data-element_type=\"container\">\n\t\t\t\t<div class=\"elementor-element elementor-element-1f1a205 elementor-widget elementor-widget-text-editor\" data-id=\"1f1a205\" data-element_type=\"widget\" data-widget_type=\"text-editor.default\">\n\t\t\t\t<div class=\"elementor-widget-container\">\n\t\t\t\t\t\t\t\t\t<ul>\n \t<li>Waste recovery.<\/li>\n \t<li>Biomass recovery.<\/li>\n \t<li>Energy production.<\/li>\n \t<li>Mineral industry (cement, lime, plaster, bricks, etc.).<\/li>\n \t<li>Chemical\/Petrochemical.<\/li>\n<\/ul>\t\t\t\t\t\t\t\t<\/div>\n\t\t\t\t<\/div>\n\t\t\t\t<\/div>\n\t\t<div class=\"elementor-element elementor-element-672dff7 e-con-full e-flex e-con e-child\" data-id=\"672dff7\" data-element_type=\"container\">\n\t\t\t\t<div class=\"elementor-element elementor-element-fe828f1 elementor-widget elementor-widget-text-editor\" data-id=\"fe828f1\" data-element_type=\"widget\" data-widget_type=\"text-editor.default\">\n\t\t\t\t<div class=\"elementor-widget-container\">\n\t\t\t\t\t\t\t\t\t<ul>\n \t<li>Nuclear.<\/li>\n \t<li>Steel\/Metallurgy.<\/li>\n \t<li>Glass production.<\/li>\n \t<li>Oil &#038; Gas.<\/li>\n \t<li>Agri-food.<\/li>\n \t<li>Others (textiles, paper and cardboard, etc.).<\/li>\n<\/ul>\t\t\t\t\t\t\t\t<\/div>\n\t\t\t\t<\/div>\n\t\t\t\t<\/div>\n\t\t\t\t\t<\/div>\n\t\t\t\t<\/div>\n\t\t\t\t<\/div>\n\t\t","protected":false},"excerpt":{"rendered":"<p>The company PROSSERGY brings together experts, engineers, and specialized technicians whose mission is to support your projects and provide a technological solution tailored to your needs. Our main targets for your business: Optimal environmental and energy performance. Reliability. Minimal construction and operating costs. Continuous process improvement. Compliance with safety constraints. Our strengths: Recognized expertise in [&hellip;]<\/p>\n","protected":false},"author":1,"featured_media":0,"parent":0,"menu_order":0,"comment_status":"closed","ping_status":"closed","template":"","meta":{"_acf_changed":false,"footnotes":""},"class_list":["post-649","page","type-page","status-publish","hentry"],"acf":[],"yoast_head":"<!-- This site is optimized with the Yoast SEO plugin v26.0 - https:\/\/yoast.com\/wordpress\/plugins\/seo\/ -->\n<title>The company - Prossergy<\/title>\n<meta name=\"robots\" content=\"index, follow, max-snippet:-1, max-image-preview:large, max-video-preview:-1\" \/>\n<link rel=\"canonical\" href=\"https:\/\/www.prossergy.com\/en\/la-societe\/\" \/>\n<meta property=\"og:locale\" content=\"en_US\" \/>\n<meta property=\"og:type\" content=\"article\" \/>\n<meta property=\"og:title\" content=\"The company - Prossergy\" \/>\n<meta property=\"og:description\" content=\"The company PROSSERGY brings together experts, engineers, and specialized technicians whose mission is to support your projects and provide a technological solution tailored to your needs. Our main targets for your business: Optimal environmental and energy performance. Reliability. Minimal construction and operating costs. Continuous process improvement. Compliance with safety constraints. Our strengths: Recognized expertise in [&hellip;]\" \/>\n<meta property=\"og:url\" content=\"https:\/\/www.prossergy.com\/en\/la-societe\/\" \/>\n<meta property=\"og:site_name\" content=\"Prossergy\" \/>\n<meta property=\"article:modified_time\" content=\"2025-01-30T14:23:50+00:00\" \/>\n<meta property=\"og:image\" content=\"https:\/\/www.prossergy.com\/\/wp-content\/uploads\/2025\/01\/AdobeStock_202876677.jpg\" \/>\n<meta name=\"twitter:card\" content=\"summary_large_image\" \/>\n<meta name=\"twitter:label1\" content=\"Est. reading time\" \/>\n\t<meta name=\"twitter:data1\" content=\"3 minutes\" \/>\n<script type=\"application\/ld+json\" class=\"yoast-schema-graph\">{\"@context\":\"https:\/\/schema.org\",\"@graph\":[{\"@type\":\"WebPage\",\"@id\":\"https:\/\/www.prossergy.com\/en\/la-societe\/\",\"url\":\"https:\/\/www.prossergy.com\/en\/la-societe\/\",\"name\":\"The company - Prossergy\",\"isPartOf\":{\"@id\":\"https:\/\/www.prossergy.com\/en\/#website\"},\"primaryImageOfPage\":{\"@id\":\"https:\/\/www.prossergy.com\/en\/la-societe\/#primaryimage\"},\"image\":{\"@id\":\"https:\/\/www.prossergy.com\/en\/la-societe\/#primaryimage\"},\"thumbnailUrl\":\"https:\/\/www.prossergy.com\/\/wp-content\/uploads\/2025\/01\/AdobeStock_202876677.jpg\",\"datePublished\":\"2025-01-28T12:25:20+00:00\",\"dateModified\":\"2025-01-30T14:23:50+00:00\",\"breadcrumb\":{\"@id\":\"https:\/\/www.prossergy.com\/en\/la-societe\/#breadcrumb\"},\"inLanguage\":\"en-US\",\"potentialAction\":[{\"@type\":\"ReadAction\",\"target\":[\"https:\/\/www.prossergy.com\/en\/la-societe\/\"]}]},{\"@type\":\"ImageObject\",\"inLanguage\":\"en-US\",\"@id\":\"https:\/\/www.prossergy.com\/en\/la-societe\/#primaryimage\",\"url\":\"https:\/\/www.prossergy.com\/\/wp-content\/uploads\/2025\/01\/AdobeStock_202876677.jpg\",\"contentUrl\":\"https:\/\/www.prossergy.com\/\/wp-content\/uploads\/2025\/01\/AdobeStock_202876677.jpg\"},{\"@type\":\"BreadcrumbList\",\"@id\":\"https:\/\/www.prossergy.com\/en\/la-societe\/#breadcrumb\",\"itemListElement\":[{\"@type\":\"ListItem\",\"position\":1,\"name\":\"Accueil\",\"item\":\"https:\/\/www.prossergy.com\/en\/\"},{\"@type\":\"ListItem\",\"position\":2,\"name\":\"The company\"}]},{\"@type\":\"WebSite\",\"@id\":\"https:\/\/www.prossergy.com\/en\/#website\",\"url\":\"https:\/\/www.prossergy.com\/en\/\",\"name\":\"Prossergy\",\"description\":\"Des proc\u00e9d\u00e9s pour l&#039;\u00e9nergie\",\"publisher\":{\"@id\":\"https:\/\/www.prossergy.com\/en\/#organization\"},\"potentialAction\":[{\"@type\":\"SearchAction\",\"target\":{\"@type\":\"EntryPoint\",\"urlTemplate\":\"https:\/\/www.prossergy.com\/en\/?s={search_term_string}\"},\"query-input\":{\"@type\":\"PropertyValueSpecification\",\"valueRequired\":true,\"valueName\":\"search_term_string\"}}],\"inLanguage\":\"en-US\"},{\"@type\":\"Organization\",\"@id\":\"https:\/\/www.prossergy.com\/en\/#organization\",\"name\":\"Prossergy\",\"url\":\"https:\/\/www.prossergy.com\/en\/\",\"logo\":{\"@type\":\"ImageObject\",\"inLanguage\":\"en-US\",\"@id\":\"https:\/\/www.prossergy.com\/en\/#\/schema\/logo\/image\/\",\"url\":\"https:\/\/www.prossergy.com\/wp-content\/uploads\/2025\/02\/logo-prossergy.png\",\"contentUrl\":\"https:\/\/www.prossergy.com\/wp-content\/uploads\/2025\/02\/logo-prossergy.png\",\"width\":833,\"height\":227,\"caption\":\"Prossergy\"},\"image\":{\"@id\":\"https:\/\/www.prossergy.com\/en\/#\/schema\/logo\/image\/\"}}]}<\/script>\n<!-- \/ Yoast SEO plugin. -->","yoast_head_json":{"title":"The company - Prossergy","robots":{"index":"index","follow":"follow","max-snippet":"max-snippet:-1","max-image-preview":"max-image-preview:large","max-video-preview":"max-video-preview:-1"},"canonical":"https:\/\/www.prossergy.com\/en\/la-societe\/","og_locale":"en_US","og_type":"article","og_title":"The company - Prossergy","og_description":"The company PROSSERGY brings together experts, engineers, and specialized technicians whose mission is to support your projects and provide a technological solution tailored to your needs. Our main targets for your business: Optimal environmental and energy performance. Reliability. Minimal construction and operating costs. Continuous process improvement. Compliance with safety constraints. Our strengths: Recognized expertise in [&hellip;]","og_url":"https:\/\/www.prossergy.com\/en\/la-societe\/","og_site_name":"Prossergy","article_modified_time":"2025-01-30T14:23:50+00:00","og_image":[{"url":"https:\/\/www.prossergy.com\/\/wp-content\/uploads\/2025\/01\/AdobeStock_202876677.jpg","type":"","width":"","height":""}],"twitter_card":"summary_large_image","twitter_misc":{"Est. reading time":"3 minutes"},"schema":{"@context":"https:\/\/schema.org","@graph":[{"@type":"WebPage","@id":"https:\/\/www.prossergy.com\/en\/la-societe\/","url":"https:\/\/www.prossergy.com\/en\/la-societe\/","name":"The company - Prossergy","isPartOf":{"@id":"https:\/\/www.prossergy.com\/en\/#website"},"primaryImageOfPage":{"@id":"https:\/\/www.prossergy.com\/en\/la-societe\/#primaryimage"},"image":{"@id":"https:\/\/www.prossergy.com\/en\/la-societe\/#primaryimage"},"thumbnailUrl":"https:\/\/www.prossergy.com\/\/wp-content\/uploads\/2025\/01\/AdobeStock_202876677.jpg","datePublished":"2025-01-28T12:25:20+00:00","dateModified":"2025-01-30T14:23:50+00:00","breadcrumb":{"@id":"https:\/\/www.prossergy.com\/en\/la-societe\/#breadcrumb"},"inLanguage":"en-US","potentialAction":[{"@type":"ReadAction","target":["https:\/\/www.prossergy.com\/en\/la-societe\/"]}]},{"@type":"ImageObject","inLanguage":"en-US","@id":"https:\/\/www.prossergy.com\/en\/la-societe\/#primaryimage","url":"https:\/\/www.prossergy.com\/\/wp-content\/uploads\/2025\/01\/AdobeStock_202876677.jpg","contentUrl":"https:\/\/www.prossergy.com\/\/wp-content\/uploads\/2025\/01\/AdobeStock_202876677.jpg"},{"@type":"BreadcrumbList","@id":"https:\/\/www.prossergy.com\/en\/la-societe\/#breadcrumb","itemListElement":[{"@type":"ListItem","position":1,"name":"Accueil","item":"https:\/\/www.prossergy.com\/en\/"},{"@type":"ListItem","position":2,"name":"The company"}]},{"@type":"WebSite","@id":"https:\/\/www.prossergy.com\/en\/#website","url":"https:\/\/www.prossergy.com\/en\/","name":"Prossergy","description":"Des proc\u00e9d\u00e9s pour l&#039;\u00e9nergie","publisher":{"@id":"https:\/\/www.prossergy.com\/en\/#organization"},"potentialAction":[{"@type":"SearchAction","target":{"@type":"EntryPoint","urlTemplate":"https:\/\/www.prossergy.com\/en\/?s={search_term_string}"},"query-input":{"@type":"PropertyValueSpecification","valueRequired":true,"valueName":"search_term_string"}}],"inLanguage":"en-US"},{"@type":"Organization","@id":"https:\/\/www.prossergy.com\/en\/#organization","name":"Prossergy","url":"https:\/\/www.prossergy.com\/en\/","logo":{"@type":"ImageObject","inLanguage":"en-US","@id":"https:\/\/www.prossergy.com\/en\/#\/schema\/logo\/image\/","url":"https:\/\/www.prossergy.com\/wp-content\/uploads\/2025\/02\/logo-prossergy.png","contentUrl":"https:\/\/www.prossergy.com\/wp-content\/uploads\/2025\/02\/logo-prossergy.png","width":833,"height":227,"caption":"Prossergy"},"image":{"@id":"https:\/\/www.prossergy.com\/en\/#\/schema\/logo\/image\/"}}]}},"_links":{"self":[{"href":"https:\/\/www.prossergy.com\/en\/wp-json\/wp\/v2\/pages\/649","targetHints":{"allow":["GET"]}}],"collection":[{"href":"https:\/\/www.prossergy.com\/en\/wp-json\/wp\/v2\/pages"}],"about":[{"href":"https:\/\/www.prossergy.com\/en\/wp-json\/wp\/v2\/types\/page"}],"author":[{"embeddable":true,"href":"https:\/\/www.prossergy.com\/en\/wp-json\/wp\/v2\/users\/1"}],"replies":[{"embeddable":true,"href":"https:\/\/www.prossergy.com\/en\/wp-json\/wp\/v2\/comments?post=649"}],"version-history":[{"count":11,"href":"https:\/\/www.prossergy.com\/en\/wp-json\/wp\/v2\/pages\/649\/revisions"}],"predecessor-version":[{"id":662,"href":"https:\/\/www.prossergy.com\/en\/wp-json\/wp\/v2\/pages\/649\/revisions\/662"}],"wp:attachment":[{"href":"https:\/\/www.prossergy.com\/en\/wp-json\/wp\/v2\/media?parent=649"}],"curies":[{"name":"wp","href":"https:\/\/api.w.org\/{rel}","templated":true}]}}