{"id":663,"date":"2025-01-28T12:25:31","date_gmt":"2025-01-28T12:25:31","guid":{"rendered":"https:\/\/www.prossergy.com\/\/?page_id=663"},"modified":"2025-01-30T14:30:30","modified_gmt":"2025-01-30T14:30:30","slug":"services","status":"publish","type":"page","link":"https:\/\/www.prossergy.com\/en\/services\/","title":{"rendered":"Services"},"content":{"rendered":"\t\t<div data-elementor-type=\"wp-page\" data-elementor-id=\"663\" class=\"elementor elementor-663 elementor-15\" data-elementor-post-type=\"page\">\n\t\t\t\t<div class=\"elementor-element elementor-element-ac42634 e-flex e-con-boxed e-con e-parent\" data-id=\"ac42634\" data-element_type=\"container\">\n\t\t\t\t\t<div class=\"e-con-inner\">\n\t\t<div class=\"elementor-element elementor-element-3d96cba e-con-full e-flex e-con e-child\" data-id=\"3d96cba\" data-element_type=\"container\">\n\t\t\t\t<div class=\"elementor-element elementor-element-48060fb title-pseudo elementor-widget elementor-widget-heading\" data-id=\"48060fb\" data-element_type=\"widget\" data-widget_type=\"heading.default\">\n\t\t\t\t<div class=\"elementor-widget-container\">\n\t\t\t\t\t<h1 class=\"elementor-heading-title elementor-size-default\">Services<\/h1>\t\t\t\t<\/div>\n\t\t\t\t<\/div>\n\t\t\t\t<div class=\"elementor-element elementor-element-29587cb mb-0 elementor-widget elementor-widget-text-editor\" data-id=\"29587cb\" data-element_type=\"widget\" data-widget_type=\"text-editor.default\">\n\t\t\t\t<div class=\"elementor-widget-container\">\n\t\t\t\t\t\t\t\t\t<strong>PROSSERGY offers a range of responsive services tailored to the needs of operators to optimize and ensure the reliability of their flue gas treatment installations:<\/strong>\t\t\t\t\t\t\t\t<\/div>\n\t\t\t\t<\/div>\n\t\t\t\t<div class=\"elementor-element elementor-element-70378a2 mb-0 elementor-widget elementor-widget-text-editor\" data-id=\"70378a2\" data-element_type=\"widget\" data-widget_type=\"text-editor.default\">\n\t\t\t\t<div class=\"elementor-widget-container\">\n\t\t\t\t\t\t\t\t\t<ul>\n \t<li>Maintenance and spare parts.<\/li>\n \t<li>Expertise and troubleshooting.<\/li>\n \t<li>Catalyst management.<\/li>\n \t<li>Technical support and training.<\/li>\n<\/ul>\t\t\t\t\t\t\t\t<\/div>\n\t\t\t\t<\/div>\n\t\t\t\t<div class=\"elementor-element elementor-element-9cd9179 elementor-widget elementor-widget-text-editor\" data-id=\"9cd9179\" data-element_type=\"widget\" data-widget_type=\"text-editor.default\">\n\t\t\t\t<div class=\"elementor-widget-container\">\n\t\t\t\t\t\t\t\t\t<p>The PROSSERGY teams, with their extensive expertise and experience in flue gas treatment processes, are highly capable of promptly responding operators&#8217; requests.<\/p>\t\t\t\t\t\t\t\t<\/div>\n\t\t\t\t<\/div>\n\t\t\t\t<\/div>\n\t\t<div class=\"elementor-element elementor-element-08afaca e-con-full e-flex e-con e-child\" data-id=\"08afaca\" data-element_type=\"container\">\n\t\t\t\t<div class=\"elementor-element elementor-element-b4fda39 elementor-hidden-mobile elementor-widget elementor-widget-image\" data-id=\"b4fda39\" data-element_type=\"widget\" data-widget_type=\"image.default\">\n\t\t\t\t<div class=\"elementor-widget-container\">\n\t\t\t\t\t\t\t\t\t\t\t\t\t\t\t<img fetchpriority=\"high\" decoding=\"async\" width=\"640\" height=\"426\" src=\"https:\/\/www.prossergy.com\/wp-content\/uploads\/2025\/01\/AdobeStock_211266712.jpg\" class=\"attachment-large size-large wp-image-401\" alt=\"\" srcset=\"https:\/\/www.prossergy.com\/wp-content\/uploads\/2025\/01\/AdobeStock_211266712.jpg 800w, https:\/\/www.prossergy.com\/wp-content\/uploads\/2025\/01\/AdobeStock_211266712-300x200.jpg 300w, https:\/\/www.prossergy.com\/wp-content\/uploads\/2025\/01\/AdobeStock_211266712-768x512.jpg 768w\" sizes=\"(max-width: 640px) 100vw, 640px\" \/>\t\t\t\t\t\t\t\t\t\t\t\t\t\t\t<\/div>\n\t\t\t\t<\/div>\n\t\t\t\t<\/div>\n\t\t\t\t\t<\/div>\n\t\t\t\t<\/div>\n\t\t<div class=\"elementor-element elementor-element-8d26d02 e-flex e-con-boxed e-con e-parent\" data-id=\"8d26d02\" data-element_type=\"container\">\n\t\t\t\t\t<div class=\"e-con-inner\">\n\t\t<div class=\"elementor-element elementor-element-bd2843a e-con-full e-flex e-con e-child\" data-id=\"bd2843a\" data-element_type=\"container\">\n\t\t\t\t<div class=\"elementor-element elementor-element-431225c elementor-widget elementor-widget-image\" data-id=\"431225c\" data-element_type=\"widget\" data-widget_type=\"image.default\">\n\t\t\t\t<div class=\"elementor-widget-container\">\n\t\t\t\t\t\t\t\t\t\t\t\t\t\t\t<img decoding=\"async\" width=\"640\" height=\"400\" src=\"https:\/\/www.prossergy.com\/wp-content\/uploads\/2025\/01\/AdobeStock_176145628.jpg\" class=\"attachment-large size-large wp-image-403\" alt=\"\" srcset=\"https:\/\/www.prossergy.com\/wp-content\/uploads\/2025\/01\/AdobeStock_176145628.jpg 800w, https:\/\/www.prossergy.com\/wp-content\/uploads\/2025\/01\/AdobeStock_176145628-300x188.jpg 300w, https:\/\/www.prossergy.com\/wp-content\/uploads\/2025\/01\/AdobeStock_176145628-768x480.jpg 768w\" sizes=\"(max-width: 640px) 100vw, 640px\" \/>\t\t\t\t\t\t\t\t\t\t\t\t\t\t\t<\/div>\n\t\t\t\t<\/div>\n\t\t\t\t<\/div>\n\t\t<div class=\"elementor-element elementor-element-da5b33d e-con-full e-flex e-con e-child\" data-id=\"da5b33d\" data-element_type=\"container\">\n\t\t\t\t<div class=\"elementor-element elementor-element-671d55b elementor-widget elementor-widget-heading\" data-id=\"671d55b\" data-element_type=\"widget\" data-widget_type=\"heading.default\">\n\t\t\t\t<div class=\"elementor-widget-container\">\n\t\t\t\t\t<h2 class=\"elementor-heading-title elementor-size-default\">Maintenance and spare parts<\/h2>\t\t\t\t<\/div>\n\t\t\t\t<\/div>\n\t\t\t\t<div class=\"elementor-element elementor-element-23355a6 elementor-widget elementor-widget-text-editor\" data-id=\"23355a6\" data-element_type=\"widget\" data-widget_type=\"text-editor.default\">\n\t\t\t\t<div class=\"elementor-widget-container\">\n\t\t\t\t\t\t\t\t\t<p><strong>PROSSERGY provides customized maintenance solutions based on the client\u2019s needs and the technical specificities of their units.<\/strong><\/p><p>This helps you reduce downtime, enhance operational safety, and extend the lifespan of installations:<\/p><ul><li>Annual or semi-annual visits, including inspection and performance checks.<\/li><li>Definition of maintenance programs and spare parts requirements.<\/li><li>Execution or assistance with maintenance operations.<\/li><li>Operation monitoring.<\/li><li>Hotline and troubleshooting.<\/li><\/ul><p>PROSSERGY keeps a significant stock of spare parts, and has a wide pool of responsive partners to promptly meet the needs of operators.<\/p>\t\t\t\t\t\t\t\t<\/div>\n\t\t\t\t<\/div>\n\t\t\t\t<\/div>\n\t\t\t\t\t<\/div>\n\t\t\t\t<\/div>\n\t\t<div class=\"elementor-element elementor-element-e14a7dc e-flex e-con-boxed e-con e-parent\" data-id=\"e14a7dc\" data-element_type=\"container\">\n\t\t\t\t\t<div class=\"e-con-inner\">\n\t\t<div class=\"elementor-element elementor-element-6005550 e-con-full e-flex e-con e-child\" data-id=\"6005550\" data-element_type=\"container\">\n\t\t\t\t<div class=\"elementor-element elementor-element-a37c1bc elementor-widget elementor-widget-heading\" data-id=\"a37c1bc\" data-element_type=\"widget\" data-widget_type=\"heading.default\">\n\t\t\t\t<div class=\"elementor-widget-container\">\n\t\t\t\t\t<h2 class=\"elementor-heading-title elementor-size-default\">Expertise and troubleshooting<\/h2>\t\t\t\t<\/div>\n\t\t\t\t<\/div>\n\t\t\t\t<div class=\"elementor-element elementor-element-b10f2f2 elementor-widget elementor-widget-text-editor\" data-id=\"b10f2f2\" data-element_type=\"widget\" data-widget_type=\"text-editor.default\">\n\t\t\t\t<div class=\"elementor-widget-container\">\n\t\t\t\t\t\t\t\t\t<strong>In the event of a breakdown or malfunction, we quickly get into action to diagnose and resolve the trouble:<\/strong>\n<ul>\n \t<li>On-site metrology and gas analysis.<\/li>\n \t<li>Process engineering\/calculation.<\/li>\n \t<li>Provision of emergency equipment (reagent injection skids).<\/li>\n<\/ul>\t\t\t\t\t\t\t\t<\/div>\n\t\t\t\t<\/div>\n\t\t\t\t<\/div>\n\t\t<div class=\"elementor-element elementor-element-c35cda0 e-con-full e-flex e-con e-child\" data-id=\"c35cda0\" data-element_type=\"container\">\n\t\t\t\t<div class=\"elementor-element elementor-element-27c1720 elementor-widget elementor-widget-image\" data-id=\"27c1720\" data-element_type=\"widget\" data-widget_type=\"image.default\">\n\t\t\t\t<div class=\"elementor-widget-container\">\n\t\t\t\t\t\t\t\t\t\t\t\t\t\t\t<img decoding=\"async\" width=\"640\" height=\"426\" src=\"https:\/\/www.prossergy.com\/wp-content\/uploads\/2025\/01\/AdobeStock_748806486.jpg\" class=\"attachment-large size-large wp-image-405\" alt=\"\" srcset=\"https:\/\/www.prossergy.com\/wp-content\/uploads\/2025\/01\/AdobeStock_748806486.jpg 800w, https:\/\/www.prossergy.com\/wp-content\/uploads\/2025\/01\/AdobeStock_748806486-300x200.jpg 300w, https:\/\/www.prossergy.com\/wp-content\/uploads\/2025\/01\/AdobeStock_748806486-768x512.jpg 768w\" sizes=\"(max-width: 640px) 100vw, 640px\" \/>\t\t\t\t\t\t\t\t\t\t\t\t\t\t\t<\/div>\n\t\t\t\t<\/div>\n\t\t\t\t<\/div>\n\t\t\t\t\t<\/div>\n\t\t\t\t<\/div>\n\t\t<div class=\"elementor-element elementor-element-dac3c42 e-flex e-con-boxed e-con e-parent\" data-id=\"dac3c42\" data-element_type=\"container\">\n\t\t\t\t\t<div class=\"e-con-inner\">\n\t\t<div class=\"elementor-element elementor-element-e750d96 e-con-full e-flex e-con e-child\" data-id=\"e750d96\" data-element_type=\"container\">\n\t\t\t\t<div class=\"elementor-element elementor-element-6caa06a elementor-widget elementor-widget-image\" data-id=\"6caa06a\" data-element_type=\"widget\" data-widget_type=\"image.default\">\n\t\t\t\t<div class=\"elementor-widget-container\">\n\t\t\t\t\t\t\t\t\t\t\t\t\t\t\t<img loading=\"lazy\" decoding=\"async\" width=\"640\" height=\"355\" src=\"https:\/\/www.prossergy.com\/wp-content\/uploads\/2025\/01\/IMG_Cata.jpg\" class=\"attachment-large size-large wp-image-407\" alt=\"\" srcset=\"https:\/\/www.prossergy.com\/wp-content\/uploads\/2025\/01\/IMG_Cata.jpg 800w, https:\/\/www.prossergy.com\/wp-content\/uploads\/2025\/01\/IMG_Cata-300x167.jpg 300w, https:\/\/www.prossergy.com\/wp-content\/uploads\/2025\/01\/IMG_Cata-768x426.jpg 768w\" sizes=\"(max-width: 640px) 100vw, 640px\" \/>\t\t\t\t\t\t\t\t\t\t\t\t\t\t\t<\/div>\n\t\t\t\t<\/div>\n\t\t\t\t<\/div>\n\t\t<div class=\"elementor-element elementor-element-6b39c3c e-con-full e-flex e-con e-child\" data-id=\"6b39c3c\" data-element_type=\"container\">\n\t\t\t\t<div class=\"elementor-element elementor-element-059c8e0 elementor-widget elementor-widget-heading\" data-id=\"059c8e0\" data-element_type=\"widget\" data-widget_type=\"heading.default\">\n\t\t\t\t<div class=\"elementor-widget-container\">\n\t\t\t\t\t<h2 class=\"elementor-heading-title elementor-size-default\">Catalyts management<\/h2>\t\t\t\t<\/div>\n\t\t\t\t<\/div>\n\t\t\t\t<div class=\"elementor-element elementor-element-a40c9f9 elementor-widget elementor-widget-text-editor\" data-id=\"a40c9f9\" data-element_type=\"widget\" data-widget_type=\"text-editor.default\">\n\t\t\t\t<div class=\"elementor-widget-container\">\n\t\t\t\t\t\t\t\t\t<strong>PROSSERGY combines  an extensive knowledge of DeNOx processes and a parthership  with ENERCAT ALSYS- GROUP to offer a comprehensive range of services related to NOx and dioxin treatment catalysts:<\/strong>\n<ul>\n \t<li>Sampling and analysis of catalysts (activity, physico-chemical characterization, etc.).<\/li>\n \t<li>Monitoring of activity and aging.<\/li>\n \t<li>Replacement of used catalysts.<\/li>\n \t<li>Modification of reactor and increase of capacity<\/li>\n \t<li>Regeneration and reloading.<\/li>\n<\/ul>\t\t\t\t\t\t\t\t<\/div>\n\t\t\t\t<\/div>\n\t\t\t\t<\/div>\n\t\t\t\t\t<\/div>\n\t\t\t\t<\/div>\n\t\t<div class=\"elementor-element elementor-element-afba55b section-blue e-flex e-con-boxed e-con e-parent\" data-id=\"afba55b\" data-element_type=\"container\">\n\t\t\t\t\t<div class=\"e-con-inner\">\n\t\t<div class=\"elementor-element elementor-element-82607af e-con-full e-flex e-con e-child\" data-id=\"82607af\" data-element_type=\"container\">\n\t\t\t\t<div class=\"elementor-element elementor-element-d56f2ff elementor-widget elementor-widget-heading\" data-id=\"d56f2ff\" data-element_type=\"widget\" data-widget_type=\"heading.default\">\n\t\t\t\t<div class=\"elementor-widget-container\">\n\t\t\t\t\t<h2 class=\"elementor-heading-title elementor-size-default\">Technical Support and Training<\/h2>\t\t\t\t<\/div>\n\t\t\t\t<\/div>\n\t\t\t\t<div class=\"elementor-element elementor-element-af291ff elementor-widget elementor-widget-text-editor\" data-id=\"af291ff\" data-element_type=\"widget\" data-widget_type=\"text-editor.default\">\n\t\t\t\t<div class=\"elementor-widget-container\">\n\t\t\t\t\t\t\t\t\t<p><strong>PROSSERGY offers a full range of services to operators to improve performance and optimize the operation of their flue gas treatment installations.<\/strong><\/p><ul><li>Expertise in flue gas treatment and thermal loop.<\/li><li>Studies to optimize the performance<ul><li>Reduction of emission limit values (ELV).<\/li><li>Reduction of reagent consumption.<\/li><li>Decrease in electrical and utility consumption.<\/li><li>Improvement of thermal efficiency.<\/li><li>Reliability, availability improvement, and increased lifespan of the equipment<\/li><\/ul><\/li><li>Operational Assistance:<ul><li>Performance monitoring over time.<\/li><li>Continuous improvement programs.<\/li><li>Detection of shifting and faults.<\/li><li>Maintenance planning.<\/li><\/ul><\/li><\/ul><p>PROSSERGY also offers training to operators on process and maintenance aspects.<\/p>\t\t\t\t\t\t\t\t<\/div>\n\t\t\t\t<\/div>\n\t\t\t\t<\/div>\n\t\t<div class=\"elementor-element elementor-element-a5a51bb e-con-full e-flex e-con e-child\" data-id=\"a5a51bb\" data-element_type=\"container\">\n\t\t\t\t<div class=\"elementor-element elementor-element-c5861d9 elementor-widget elementor-widget-image\" data-id=\"c5861d9\" data-element_type=\"widget\" data-widget_type=\"image.default\">\n\t\t\t\t<div class=\"elementor-widget-container\">\n\t\t\t\t\t\t\t\t\t\t\t\t\t\t\t<img loading=\"lazy\" decoding=\"async\" width=\"640\" height=\"358\" src=\"https:\/\/www.prossergy.com\/wp-content\/uploads\/2025\/01\/AdobeStock_828297667.jpg\" class=\"attachment-large size-large wp-image-411\" alt=\"\" srcset=\"https:\/\/www.prossergy.com\/wp-content\/uploads\/2025\/01\/AdobeStock_828297667.jpg 800w, https:\/\/www.prossergy.com\/wp-content\/uploads\/2025\/01\/AdobeStock_828297667-300x168.jpg 300w, https:\/\/www.prossergy.com\/wp-content\/uploads\/2025\/01\/AdobeStock_828297667-768x430.jpg 768w\" sizes=\"(max-width: 640px) 100vw, 640px\" \/>\t\t\t\t\t\t\t\t\t\t\t\t\t\t\t<\/div>\n\t\t\t\t<\/div>\n\t\t\t\t<\/div>\n\t\t\t\t\t<\/div>\n\t\t\t\t<\/div>\n\t\t\t\t<\/div>\n\t\t","protected":false},"excerpt":{"rendered":"<p>Services PROSSERGY offers a range of responsive services tailored to the needs of operators to optimize and ensure the reliability of their flue gas treatment installations: Maintenance and spare parts. Expertise and troubleshooting. Catalyst management. Technical support and training. The PROSSERGY teams, with their extensive expertise and experience in flue gas treatment processes, are highly [&hellip;]<\/p>\n","protected":false},"author":1,"featured_media":0,"parent":0,"menu_order":0,"comment_status":"closed","ping_status":"closed","template":"","meta":{"_acf_changed":false,"footnotes":""},"class_list":["post-663","page","type-page","status-publish","hentry"],"acf":[],"yoast_head":"<!-- This site is optimized with the Yoast SEO plugin v26.0 - https:\/\/yoast.com\/wordpress\/plugins\/seo\/ -->\n<title>Services - Prossergy<\/title>\n<meta name=\"robots\" content=\"index, follow, max-snippet:-1, max-image-preview:large, max-video-preview:-1\" \/>\n<link rel=\"canonical\" href=\"https:\/\/www.prossergy.com\/en\/services\/\" \/>\n<meta property=\"og:locale\" content=\"en_US\" \/>\n<meta property=\"og:type\" content=\"article\" \/>\n<meta property=\"og:title\" content=\"Services - Prossergy\" \/>\n<meta property=\"og:description\" content=\"Services PROSSERGY offers a range of responsive services tailored to the needs of operators to optimize and ensure the reliability of their flue gas treatment installations: Maintenance and spare parts. Expertise and troubleshooting. Catalyst management. Technical support and training. The PROSSERGY teams, with their extensive expertise and experience in flue gas treatment processes, are highly [&hellip;]\" \/>\n<meta property=\"og:url\" content=\"https:\/\/www.prossergy.com\/en\/services\/\" \/>\n<meta property=\"og:site_name\" content=\"Prossergy\" \/>\n<meta property=\"article:modified_time\" content=\"2025-01-30T14:30:30+00:00\" \/>\n<meta property=\"og:image\" content=\"https:\/\/www.prossergy.com\/\/wp-content\/uploads\/2025\/01\/AdobeStock_211266712.jpg\" \/>\n<meta name=\"twitter:card\" content=\"summary_large_image\" \/>\n<meta name=\"twitter:label1\" content=\"Est. reading time\" \/>\n\t<meta name=\"twitter:data1\" content=\"3 minutes\" \/>\n<script type=\"application\/ld+json\" class=\"yoast-schema-graph\">{\"@context\":\"https:\/\/schema.org\",\"@graph\":[{\"@type\":\"WebPage\",\"@id\":\"https:\/\/www.prossergy.com\/en\/services\/\",\"url\":\"https:\/\/www.prossergy.com\/en\/services\/\",\"name\":\"Services - Prossergy\",\"isPartOf\":{\"@id\":\"https:\/\/www.prossergy.com\/en\/#website\"},\"primaryImageOfPage\":{\"@id\":\"https:\/\/www.prossergy.com\/en\/services\/#primaryimage\"},\"image\":{\"@id\":\"https:\/\/www.prossergy.com\/en\/services\/#primaryimage\"},\"thumbnailUrl\":\"https:\/\/www.prossergy.com\/\/wp-content\/uploads\/2025\/01\/AdobeStock_211266712.jpg\",\"datePublished\":\"2025-01-28T12:25:31+00:00\",\"dateModified\":\"2025-01-30T14:30:30+00:00\",\"breadcrumb\":{\"@id\":\"https:\/\/www.prossergy.com\/en\/services\/#breadcrumb\"},\"inLanguage\":\"en-US\",\"potentialAction\":[{\"@type\":\"ReadAction\",\"target\":[\"https:\/\/www.prossergy.com\/en\/services\/\"]}]},{\"@type\":\"ImageObject\",\"inLanguage\":\"en-US\",\"@id\":\"https:\/\/www.prossergy.com\/en\/services\/#primaryimage\",\"url\":\"https:\/\/www.prossergy.com\/\/wp-content\/uploads\/2025\/01\/AdobeStock_211266712.jpg\",\"contentUrl\":\"https:\/\/www.prossergy.com\/\/wp-content\/uploads\/2025\/01\/AdobeStock_211266712.jpg\"},{\"@type\":\"BreadcrumbList\",\"@id\":\"https:\/\/www.prossergy.com\/en\/services\/#breadcrumb\",\"itemListElement\":[{\"@type\":\"ListItem\",\"position\":1,\"name\":\"Accueil\",\"item\":\"https:\/\/www.prossergy.com\/en\/\"},{\"@type\":\"ListItem\",\"position\":2,\"name\":\"Services\"}]},{\"@type\":\"WebSite\",\"@id\":\"https:\/\/www.prossergy.com\/en\/#website\",\"url\":\"https:\/\/www.prossergy.com\/en\/\",\"name\":\"Prossergy\",\"description\":\"Des proc\u00e9d\u00e9s pour l&#039;\u00e9nergie\",\"publisher\":{\"@id\":\"https:\/\/www.prossergy.com\/en\/#organization\"},\"potentialAction\":[{\"@type\":\"SearchAction\",\"target\":{\"@type\":\"EntryPoint\",\"urlTemplate\":\"https:\/\/www.prossergy.com\/en\/?s={search_term_string}\"},\"query-input\":{\"@type\":\"PropertyValueSpecification\",\"valueRequired\":true,\"valueName\":\"search_term_string\"}}],\"inLanguage\":\"en-US\"},{\"@type\":\"Organization\",\"@id\":\"https:\/\/www.prossergy.com\/en\/#organization\",\"name\":\"Prossergy\",\"url\":\"https:\/\/www.prossergy.com\/en\/\",\"logo\":{\"@type\":\"ImageObject\",\"inLanguage\":\"en-US\",\"@id\":\"https:\/\/www.prossergy.com\/en\/#\/schema\/logo\/image\/\",\"url\":\"https:\/\/www.prossergy.com\/wp-content\/uploads\/2025\/02\/logo-prossergy.png\",\"contentUrl\":\"https:\/\/www.prossergy.com\/wp-content\/uploads\/2025\/02\/logo-prossergy.png\",\"width\":833,\"height\":227,\"caption\":\"Prossergy\"},\"image\":{\"@id\":\"https:\/\/www.prossergy.com\/en\/#\/schema\/logo\/image\/\"}}]}<\/script>\n<!-- \/ Yoast SEO plugin. -->","yoast_head_json":{"title":"Services - Prossergy","robots":{"index":"index","follow":"follow","max-snippet":"max-snippet:-1","max-image-preview":"max-image-preview:large","max-video-preview":"max-video-preview:-1"},"canonical":"https:\/\/www.prossergy.com\/en\/services\/","og_locale":"en_US","og_type":"article","og_title":"Services - Prossergy","og_description":"Services PROSSERGY offers a range of responsive services tailored to the needs of operators to optimize and ensure the reliability of their flue gas treatment installations: Maintenance and spare parts. Expertise and troubleshooting. Catalyst management. Technical support and training. The PROSSERGY teams, with their extensive expertise and experience in flue gas treatment processes, are highly [&hellip;]","og_url":"https:\/\/www.prossergy.com\/en\/services\/","og_site_name":"Prossergy","article_modified_time":"2025-01-30T14:30:30+00:00","og_image":[{"url":"https:\/\/www.prossergy.com\/\/wp-content\/uploads\/2025\/01\/AdobeStock_211266712.jpg","type":"","width":"","height":""}],"twitter_card":"summary_large_image","twitter_misc":{"Est. reading time":"3 minutes"},"schema":{"@context":"https:\/\/schema.org","@graph":[{"@type":"WebPage","@id":"https:\/\/www.prossergy.com\/en\/services\/","url":"https:\/\/www.prossergy.com\/en\/services\/","name":"Services - Prossergy","isPartOf":{"@id":"https:\/\/www.prossergy.com\/en\/#website"},"primaryImageOfPage":{"@id":"https:\/\/www.prossergy.com\/en\/services\/#primaryimage"},"image":{"@id":"https:\/\/www.prossergy.com\/en\/services\/#primaryimage"},"thumbnailUrl":"https:\/\/www.prossergy.com\/\/wp-content\/uploads\/2025\/01\/AdobeStock_211266712.jpg","datePublished":"2025-01-28T12:25:31+00:00","dateModified":"2025-01-30T14:30:30+00:00","breadcrumb":{"@id":"https:\/\/www.prossergy.com\/en\/services\/#breadcrumb"},"inLanguage":"en-US","potentialAction":[{"@type":"ReadAction","target":["https:\/\/www.prossergy.com\/en\/services\/"]}]},{"@type":"ImageObject","inLanguage":"en-US","@id":"https:\/\/www.prossergy.com\/en\/services\/#primaryimage","url":"https:\/\/www.prossergy.com\/\/wp-content\/uploads\/2025\/01\/AdobeStock_211266712.jpg","contentUrl":"https:\/\/www.prossergy.com\/\/wp-content\/uploads\/2025\/01\/AdobeStock_211266712.jpg"},{"@type":"BreadcrumbList","@id":"https:\/\/www.prossergy.com\/en\/services\/#breadcrumb","itemListElement":[{"@type":"ListItem","position":1,"name":"Accueil","item":"https:\/\/www.prossergy.com\/en\/"},{"@type":"ListItem","position":2,"name":"Services"}]},{"@type":"WebSite","@id":"https:\/\/www.prossergy.com\/en\/#website","url":"https:\/\/www.prossergy.com\/en\/","name":"Prossergy","description":"Des proc\u00e9d\u00e9s pour l&#039;\u00e9nergie","publisher":{"@id":"https:\/\/www.prossergy.com\/en\/#organization"},"potentialAction":[{"@type":"SearchAction","target":{"@type":"EntryPoint","urlTemplate":"https:\/\/www.prossergy.com\/en\/?s={search_term_string}"},"query-input":{"@type":"PropertyValueSpecification","valueRequired":true,"valueName":"search_term_string"}}],"inLanguage":"en-US"},{"@type":"Organization","@id":"https:\/\/www.prossergy.com\/en\/#organization","name":"Prossergy","url":"https:\/\/www.prossergy.com\/en\/","logo":{"@type":"ImageObject","inLanguage":"en-US","@id":"https:\/\/www.prossergy.com\/en\/#\/schema\/logo\/image\/","url":"https:\/\/www.prossergy.com\/wp-content\/uploads\/2025\/02\/logo-prossergy.png","contentUrl":"https:\/\/www.prossergy.com\/wp-content\/uploads\/2025\/02\/logo-prossergy.png","width":833,"height":227,"caption":"Prossergy"},"image":{"@id":"https:\/\/www.prossergy.com\/en\/#\/schema\/logo\/image\/"}}]}},"_links":{"self":[{"href":"https:\/\/www.prossergy.com\/en\/wp-json\/wp\/v2\/pages\/663","targetHints":{"allow":["GET"]}}],"collection":[{"href":"https:\/\/www.prossergy.com\/en\/wp-json\/wp\/v2\/pages"}],"about":[{"href":"https:\/\/www.prossergy.com\/en\/wp-json\/wp\/v2\/types\/page"}],"author":[{"embeddable":true,"href":"https:\/\/www.prossergy.com\/en\/wp-json\/wp\/v2\/users\/1"}],"replies":[{"embeddable":true,"href":"https:\/\/www.prossergy.com\/en\/wp-json\/wp\/v2\/comments?post=663"}],"version-history":[{"count":7,"href":"https:\/\/www.prossergy.com\/en\/wp-json\/wp\/v2\/pages\/663\/revisions"}],"predecessor-version":[{"id":672,"href":"https:\/\/www.prossergy.com\/en\/wp-json\/wp\/v2\/pages\/663\/revisions\/672"}],"wp:attachment":[{"href":"https:\/\/www.prossergy.com\/en\/wp-json\/wp\/v2\/media?parent=663"}],"curies":[{"name":"wp","href":"https:\/\/api.w.org\/{rel}","templated":true}]}}