{"id":695,"date":"2025-01-28T15:39:43","date_gmt":"2025-01-28T15:39:43","guid":{"rendered":"https:\/\/www.prossergy.com\/\/?page_id=695"},"modified":"2025-02-04T09:02:43","modified_gmt":"2025-02-04T09:02:43","slug":"nox-treatment","status":"publish","type":"page","link":"https:\/\/www.prossergy.com\/en\/solutions\/nox-treatment\/","title":{"rendered":"NOx treatment"},"content":{"rendered":"\t\t<div data-elementor-type=\"wp-page\" data-elementor-id=\"695\" class=\"elementor elementor-695 elementor-175\" data-elementor-post-type=\"page\">\n\t\t\t\t<div class=\"elementor-element elementor-element-7a77d6d e-flex e-con-boxed e-con e-parent\" data-id=\"7a77d6d\" data-element_type=\"container\">\n\t\t\t\t\t<div class=\"e-con-inner\">\n\t\t<div class=\"elementor-element elementor-element-db61a3d e-con-full e-flex e-con e-child\" data-id=\"db61a3d\" data-element_type=\"container\">\n\t\t\t\t<div class=\"elementor-element elementor-element-4702b1c title-pseudo center elementor-widget elementor-widget-heading\" data-id=\"4702b1c\" data-element_type=\"widget\" data-widget_type=\"heading.default\">\n\t\t\t\t<div class=\"elementor-widget-container\">\n\t\t\t\t\t<h1 class=\"elementor-heading-title elementor-size-default\">NOx treatment<\/h1>\t\t\t\t<\/div>\n\t\t\t\t<\/div>\n\t\t\t\t<div class=\"elementor-element elementor-element-b6cea25 mb-0 elementor-widget elementor-widget-text-editor\" data-id=\"b6cea25\" data-element_type=\"widget\" data-widget_type=\"text-editor.default\">\n\t\t\t\t<div class=\"elementor-widget-container\">\n\t\t\t\t\t\t\t\t\t<p><strong>Prossergy is a major actor in NOx treatment solutions with over a hundred<br \/>references across various applications and industries.<\/strong><\/p>\t\t\t\t\t\t\t\t<\/div>\n\t\t\t\t<\/div>\n\t\t\t\t<\/div>\n\t\t\t\t\t<\/div>\n\t\t\t\t<\/div>\n\t\t<div class=\"elementor-element elementor-element-1671af0 e-flex e-con-boxed e-con e-parent\" data-id=\"1671af0\" data-element_type=\"container\">\n\t\t\t\t\t<div class=\"e-con-inner\">\n\t\t<div class=\"elementor-element elementor-element-67db6d1 e-con-full e-flex e-con e-child\" data-id=\"67db6d1\" data-element_type=\"container\">\n\t\t\t\t<div class=\"elementor-element elementor-element-b2fcf98 elementor-widget elementor-widget-image\" data-id=\"b2fcf98\" data-element_type=\"widget\" data-widget_type=\"image.default\">\n\t\t\t\t<div class=\"elementor-widget-container\">\n\t\t\t\t\t\t\t\t\t\t\t\t\t\t\t<img fetchpriority=\"high\" decoding=\"async\" width=\"640\" height=\"754\" src=\"https:\/\/www.prossergy.com\/wp-content\/uploads\/2025\/01\/IMG_SNCR.jpg\" class=\"attachment-large size-large wp-image-434\" alt=\"\" srcset=\"https:\/\/www.prossergy.com\/wp-content\/uploads\/2025\/01\/IMG_SNCR.jpg 800w, https:\/\/www.prossergy.com\/wp-content\/uploads\/2025\/01\/IMG_SNCR-255x300.jpg 255w, https:\/\/www.prossergy.com\/wp-content\/uploads\/2025\/01\/IMG_SNCR-768x905.jpg 768w\" sizes=\"(max-width: 640px) 100vw, 640px\" \/>\t\t\t\t\t\t\t\t\t\t\t\t\t\t\t<\/div>\n\t\t\t\t<\/div>\n\t\t\t\t<\/div>\n\t\t<div class=\"elementor-element elementor-element-218fa7e e-con-full e-flex e-con e-child\" data-id=\"218fa7e\" data-element_type=\"container\">\n\t\t\t\t<div class=\"elementor-element elementor-element-8f264e3 elementor-widget elementor-widget-heading\" data-id=\"8f264e3\" data-element_type=\"widget\" data-widget_type=\"heading.default\">\n\t\t\t\t<div class=\"elementor-widget-container\">\n\t\t\t\t\t<h2 class=\"elementor-heading-title elementor-size-default\">DeNOx SNCR<\/h2>\t\t\t\t<\/div>\n\t\t\t\t<\/div>\n\t\t\t\t<div class=\"elementor-element elementor-element-d3cb1ef elementor-widget elementor-widget-text-editor\" data-id=\"d3cb1ef\" data-element_type=\"widget\" data-widget_type=\"text-editor.default\">\n\t\t\t\t<div class=\"elementor-widget-container\">\n\t\t\t\t\t\t\t\t\t<p><strong>NOx treatment by SNCR (Selective Non-Catalytic Reduction) implies reducing NO and NO\u2082 into water and nitrogen. To get the proper reaction, the addition of a reducing agent (NH\u2082 molecule) and a temperature between 850 and 1050\u00b0C, is required.<\/strong><\/p><p>The reducing agent can be urea or ammonia, reacting as follows:<br \/><strong>CO(NH2)2 + 2 NO + \u00bd O2 \u21d2 2 N2 + CO2 + 2 H2O (Urea)<br \/><\/strong><strong>4NH3 + 4 NO + O2 \u21d2 4 N2 + 6 H2O (Ammonia)<\/strong><\/p><p>For a real effective perfectly controlled reaction, the reagent must be injected into an optimal temperature zone with sufficient residence time within the equipment. It&#8217;s also necessary to minimize ammonia slip to prevent ammonium salt deposits and and possible corrosion on the equipment.<\/p><p>PROSSERGY SNCR process, developed over more than 20 years out of experience, is tailored to each specific installation:<\/p><ul><li>Custom design based on the installation features.<\/li><li>Efficiency on NOx reduction up to 60-70% or more.<\/li><li>Reduced operating costs through optimized reagent and utility consumption.<\/li><li>High level of automation, thus reducing human action.<\/li><li>Very low maintenance costs.<\/li><li>Compact design.<\/li><\/ul><p>PROSSERGY also makes optimizing and revamping existing installations.<\/p>\t\t\t\t\t\t\t\t<\/div>\n\t\t\t\t<\/div>\n\t\t\t\t<\/div>\n\t\t\t\t\t<\/div>\n\t\t\t\t<\/div>\n\t\t<div class=\"elementor-element elementor-element-7129720 e-flex e-con-boxed e-con e-parent\" data-id=\"7129720\" data-element_type=\"container\">\n\t\t\t\t\t<div class=\"e-con-inner\">\n\t\t<div class=\"elementor-element elementor-element-ad2b2e1 e-con-full e-flex e-con e-child\" data-id=\"ad2b2e1\" data-element_type=\"container\">\n\t\t\t\t<div class=\"elementor-element elementor-element-f12f42a elementor-widget elementor-widget-heading\" data-id=\"f12f42a\" data-element_type=\"widget\" data-widget_type=\"heading.default\">\n\t\t\t\t<div class=\"elementor-widget-container\">\n\t\t\t\t\t<h2 class=\"elementor-heading-title elementor-size-default\">DeNOx SCR<\/h2>\t\t\t\t<\/div>\n\t\t\t\t<\/div>\n\t\t\t\t<div class=\"elementor-element elementor-element-01c6c8b elementor-widget elementor-widget-text-editor\" data-id=\"01c6c8b\" data-element_type=\"widget\" data-widget_type=\"text-editor.default\">\n\t\t\t\t<div class=\"elementor-widget-container\">\n\t\t\t\t\t\t\t\t\t<p><strong>In SCR (Selective Catalytic Reduction) processes, the reaction is similar to SNCR but occurs at lower temperatures with addition of a catalyst, achieving higher efficiency (up to over 95%). Reagent consumption is lower, and ammonia slip is minimal.<\/strong><\/p><p>SCR catalysts typically operate between 180 and 450\u00b0C. They consist of a support, usually ceramic (sometimes metal), impregnated with an active phase. The support can take various forms: monolith, plates, or pellets.<br \/><br \/>These catalysts are sensitive to certain poisons in the flue gas, requiring expertise from professionals to achieve effective and reliable implementation.<br \/><br \/>Integrating SCR into the flue gas treatment and inside the unit thermal loop is a key issue to get optimal environmental performance, reliability, and energy efficiency.<\/p>\t\t\t\t\t\t\t\t<\/div>\n\t\t\t\t<\/div>\n\t\t\t\t<div class=\"elementor-element elementor-element-857cb80 text-editor-blue elementor-widget elementor-widget-text-editor\" data-id=\"857cb80\" data-element_type=\"widget\" data-widget_type=\"text-editor.default\">\n\t\t\t\t<div class=\"elementor-widget-container\">\n\t\t\t\t\t\t\t\t\t<p>Advantages of SCR:<\/p><ul><li>Very high reduction efficiency with minimal ammonia slip.<\/li><li>Low reagent consumption.<\/li><li>Easy scalability for lower emission limit values.<\/li><li>Potential to combine SCR with dioxin\/furan reduction.<\/li><\/ul>\t\t\t\t\t\t\t\t<\/div>\n\t\t\t\t<\/div>\n\t\t\t\t<\/div>\n\t\t<div class=\"elementor-element elementor-element-adcd417 e-con-full e-flex e-con e-child\" data-id=\"adcd417\" data-element_type=\"container\">\n\t\t\t\t<div class=\"elementor-element elementor-element-0feb87a elementor-widget elementor-widget-image\" data-id=\"0feb87a\" data-element_type=\"widget\" data-widget_type=\"image.default\">\n\t\t\t\t<div class=\"elementor-widget-container\">\n\t\t\t\t\t\t\t\t\t\t\t\t\t\t\t<img decoding=\"async\" width=\"640\" height=\"853\" src=\"https:\/\/www.prossergy.com\/wp-content\/uploads\/2025\/01\/IMG_SCR-768x1024.jpg\" class=\"attachment-large size-large wp-image-441\" alt=\"\" srcset=\"https:\/\/www.prossergy.com\/wp-content\/uploads\/2025\/01\/IMG_SCR-768x1024.jpg 768w, https:\/\/www.prossergy.com\/wp-content\/uploads\/2025\/01\/IMG_SCR-225x300.jpg 225w, https:\/\/www.prossergy.com\/wp-content\/uploads\/2025\/01\/IMG_SCR.jpg 800w\" sizes=\"(max-width: 640px) 100vw, 640px\" \/>\t\t\t\t\t\t\t\t\t\t\t\t\t\t\t<\/div>\n\t\t\t\t<\/div>\n\t\t\t\t<\/div>\n\t\t\t\t\t<\/div>\n\t\t\t\t<\/div>\n\t\t<div class=\"elementor-element elementor-element-14cb1fe e-flex e-con-boxed e-con e-parent\" data-id=\"14cb1fe\" data-element_type=\"container\">\n\t\t\t\t\t<div class=\"e-con-inner\">\n\t\t<div class=\"elementor-element elementor-element-43636ad e-con-full e-flex e-con e-child\" data-id=\"43636ad\" data-element_type=\"container\">\n\t\t\t\t<div class=\"elementor-element elementor-element-3c56535 elementor-widget elementor-widget-image\" data-id=\"3c56535\" data-element_type=\"widget\" data-widget_type=\"image.default\">\n\t\t\t\t<div class=\"elementor-widget-container\">\n\t\t\t\t\t\t\t\t\t\t\t\t\t\t\t<img decoding=\"async\" width=\"640\" height=\"247\" src=\"https:\/\/www.prossergy.com\/wp-content\/uploads\/2025\/02\/Schema-Process-Hybride-Objet-1024x395.jpg\" class=\"attachment-large size-large wp-image-938\" alt=\"\" srcset=\"https:\/\/www.prossergy.com\/wp-content\/uploads\/2025\/02\/Schema-Process-Hybride-Objet-1024x395.jpg 1024w, https:\/\/www.prossergy.com\/wp-content\/uploads\/2025\/02\/Schema-Process-Hybride-Objet-300x116.jpg 300w, https:\/\/www.prossergy.com\/wp-content\/uploads\/2025\/02\/Schema-Process-Hybride-Objet-768x296.jpg 768w, https:\/\/www.prossergy.com\/wp-content\/uploads\/2025\/02\/Schema-Process-Hybride-Objet-1536x592.jpg 1536w, https:\/\/www.prossergy.com\/wp-content\/uploads\/2025\/02\/Schema-Process-Hybride-Objet.jpg 1920w\" sizes=\"(max-width: 640px) 100vw, 640px\" \/>\t\t\t\t\t\t\t\t\t\t\t\t\t\t\t<\/div>\n\t\t\t\t<\/div>\n\t\t\t\t<\/div>\n\t\t<div class=\"elementor-element elementor-element-717f5c4 e-con-full e-flex e-con e-child\" data-id=\"717f5c4\" data-element_type=\"container\">\n\t\t\t\t<div class=\"elementor-element elementor-element-fd4e8d2 elementor-widget elementor-widget-heading\" data-id=\"fd4e8d2\" data-element_type=\"widget\" data-widget_type=\"heading.default\">\n\t\t\t\t<div class=\"elementor-widget-container\">\n\t\t\t\t\t<h2 class=\"elementor-heading-title elementor-size-default\">Hybride DeNOx<\/h2>\t\t\t\t<\/div>\n\t\t\t\t<\/div>\n\t\t\t\t<div class=\"elementor-element elementor-element-520bcfb elementor-widget elementor-widget-text-editor\" data-id=\"520bcfb\" data-element_type=\"widget\" data-widget_type=\"text-editor.default\">\n\t\t\t\t<div class=\"elementor-widget-container\">\n\t\t\t\t\t\t\t\t\t<p><strong>PROSSERGY&#8217;s Hybrid DeNOx solution combines the best of both SNCR and SCR processes:<\/strong><\/p><ul><li>Simplicity and low cost of SNCR.<\/li><li>Efficiency of SCR.<\/li><\/ul>\t\t\t\t\t\t\t\t<\/div>\n\t\t\t\t<\/div>\n\t\t\t\t<\/div>\n\t\t<div class=\"elementor-element elementor-element-0361ec6 e-con-full e-flex e-con e-child\" data-id=\"0361ec6\" data-element_type=\"container\">\n\t\t\t\t<div class=\"elementor-element elementor-element-68e0b60 elementor-widget elementor-widget-text-editor\" data-id=\"68e0b60\" data-element_type=\"widget\" data-widget_type=\"text-editor.default\">\n\t\t\t\t<div class=\"elementor-widget-container\">\n\t\t\t\t\t\t\t\t\t<p>Thanks to a strong expertise PROSSERGY manages the enhancement of high-performance SNCR with a compact SCR catalyst easily installed downstream of the filtration. Coupled with advanced control systems optimizing reagent injection based on furnace conditions, the HyDNX hybrid solution offers:<\/p><ul><li>Optimized investment and operating costs.<\/li><li>Elimination of reheating and regeneration burners.<\/li><li>Easier integration into existing units.<\/li><li>Increased energy efficiency through the addition of an economizer downstream of the catalyst.<\/li><\/ul>\t\t\t\t\t\t\t\t<\/div>\n\t\t\t\t<\/div>\n\t\t\t\t<\/div>\n\t\t\t\t\t<\/div>\n\t\t\t\t<\/div>\n\t\t\t\t<\/div>\n\t\t","protected":false},"excerpt":{"rendered":"<p>NOx treatment Prossergy is a major actor in NOx treatment solutions with over a hundredreferences across various applications and industries. DeNOx SNCR NOx treatment by SNCR (Selective Non-Catalytic Reduction) implies reducing NO and NO\u2082 into water and nitrogen. To get the proper reaction, the addition of a reducing agent (NH\u2082 molecule) and a temperature between [&hellip;]<\/p>\n","protected":false},"author":1,"featured_media":0,"parent":708,"menu_order":0,"comment_status":"closed","ping_status":"closed","template":"","meta":{"_acf_changed":false,"footnotes":""},"class_list":["post-695","page","type-page","status-publish","hentry"],"acf":[],"yoast_head":"<!-- This site is optimized with the Yoast SEO plugin v26.0 - https:\/\/yoast.com\/wordpress\/plugins\/seo\/ -->\n<title>NOx treatment - Prossergy<\/title>\n<meta name=\"robots\" content=\"index, follow, max-snippet:-1, max-image-preview:large, max-video-preview:-1\" \/>\n<link rel=\"canonical\" href=\"https:\/\/www.prossergy.com\/en\/solutions\/nox-treatment\/\" \/>\n<meta property=\"og:locale\" content=\"en_US\" \/>\n<meta property=\"og:type\" content=\"article\" \/>\n<meta property=\"og:title\" content=\"NOx treatment - Prossergy\" \/>\n<meta property=\"og:description\" content=\"NOx treatment Prossergy is a major actor in NOx treatment solutions with over a hundredreferences across various applications and industries. DeNOx SNCR NOx treatment by SNCR (Selective Non-Catalytic Reduction) implies reducing NO and NO\u2082 into water and nitrogen. To get the proper reaction, the addition of a reducing agent (NH\u2082 molecule) and a temperature between [&hellip;]\" \/>\n<meta property=\"og:url\" content=\"https:\/\/www.prossergy.com\/en\/solutions\/nox-treatment\/\" \/>\n<meta property=\"og:site_name\" content=\"Prossergy\" \/>\n<meta property=\"article:modified_time\" content=\"2025-02-04T09:02:43+00:00\" \/>\n<meta property=\"og:image\" content=\"https:\/\/www.prossergy.com\/wp-content\/uploads\/2025\/01\/IMG_SNCR.jpg\" \/>\n\t<meta property=\"og:image:width\" content=\"800\" \/>\n\t<meta property=\"og:image:height\" content=\"943\" \/>\n\t<meta property=\"og:image:type\" content=\"image\/jpeg\" \/>\n<meta name=\"twitter:card\" content=\"summary_large_image\" \/>\n<meta name=\"twitter:label1\" content=\"Est. reading time\" \/>\n\t<meta name=\"twitter:data1\" content=\"3 minutes\" \/>\n<script type=\"application\/ld+json\" class=\"yoast-schema-graph\">{\"@context\":\"https:\/\/schema.org\",\"@graph\":[{\"@type\":\"WebPage\",\"@id\":\"https:\/\/www.prossergy.com\/en\/solutions\/nox-treatment\/\",\"url\":\"https:\/\/www.prossergy.com\/en\/solutions\/nox-treatment\/\",\"name\":\"NOx treatment - Prossergy\",\"isPartOf\":{\"@id\":\"https:\/\/www.prossergy.com\/en\/#website\"},\"primaryImageOfPage\":{\"@id\":\"https:\/\/www.prossergy.com\/en\/solutions\/nox-treatment\/#primaryimage\"},\"image\":{\"@id\":\"https:\/\/www.prossergy.com\/en\/solutions\/nox-treatment\/#primaryimage\"},\"thumbnailUrl\":\"https:\/\/www.prossergy.com\/wp-content\/uploads\/2025\/01\/IMG_SNCR.jpg\",\"datePublished\":\"2025-01-28T15:39:43+00:00\",\"dateModified\":\"2025-02-04T09:02:43+00:00\",\"breadcrumb\":{\"@id\":\"https:\/\/www.prossergy.com\/en\/solutions\/nox-treatment\/#breadcrumb\"},\"inLanguage\":\"en-US\",\"potentialAction\":[{\"@type\":\"ReadAction\",\"target\":[\"https:\/\/www.prossergy.com\/en\/solutions\/nox-treatment\/\"]}]},{\"@type\":\"ImageObject\",\"inLanguage\":\"en-US\",\"@id\":\"https:\/\/www.prossergy.com\/en\/solutions\/nox-treatment\/#primaryimage\",\"url\":\"https:\/\/www.prossergy.com\/wp-content\/uploads\/2025\/01\/IMG_SNCR.jpg\",\"contentUrl\":\"https:\/\/www.prossergy.com\/wp-content\/uploads\/2025\/01\/IMG_SNCR.jpg\"},{\"@type\":\"BreadcrumbList\",\"@id\":\"https:\/\/www.prossergy.com\/en\/solutions\/nox-treatment\/#breadcrumb\",\"itemListElement\":[{\"@type\":\"ListItem\",\"position\":1,\"name\":\"Accueil\",\"item\":\"https:\/\/www.prossergy.com\/en\/\"},{\"@type\":\"ListItem\",\"position\":2,\"name\":\"Solutions\",\"item\":\"https:\/\/www.prossergy.com\/en\/solutions\/\"},{\"@type\":\"ListItem\",\"position\":3,\"name\":\"NOx treatment\"}]},{\"@type\":\"WebSite\",\"@id\":\"https:\/\/www.prossergy.com\/en\/#website\",\"url\":\"https:\/\/www.prossergy.com\/en\/\",\"name\":\"Prossergy\",\"description\":\"Des proc\u00e9d\u00e9s pour l&#039;\u00e9nergie\",\"publisher\":{\"@id\":\"https:\/\/www.prossergy.com\/en\/#organization\"},\"potentialAction\":[{\"@type\":\"SearchAction\",\"target\":{\"@type\":\"EntryPoint\",\"urlTemplate\":\"https:\/\/www.prossergy.com\/en\/?s={search_term_string}\"},\"query-input\":{\"@type\":\"PropertyValueSpecification\",\"valueRequired\":true,\"valueName\":\"search_term_string\"}}],\"inLanguage\":\"en-US\"},{\"@type\":\"Organization\",\"@id\":\"https:\/\/www.prossergy.com\/en\/#organization\",\"name\":\"Prossergy\",\"url\":\"https:\/\/www.prossergy.com\/en\/\",\"logo\":{\"@type\":\"ImageObject\",\"inLanguage\":\"en-US\",\"@id\":\"https:\/\/www.prossergy.com\/en\/#\/schema\/logo\/image\/\",\"url\":\"https:\/\/www.prossergy.com\/wp-content\/uploads\/2025\/02\/logo-prossergy.png\",\"contentUrl\":\"https:\/\/www.prossergy.com\/wp-content\/uploads\/2025\/02\/logo-prossergy.png\",\"width\":833,\"height\":227,\"caption\":\"Prossergy\"},\"image\":{\"@id\":\"https:\/\/www.prossergy.com\/en\/#\/schema\/logo\/image\/\"}}]}<\/script>\n<!-- \/ Yoast SEO plugin. -->","yoast_head_json":{"title":"NOx treatment - Prossergy","robots":{"index":"index","follow":"follow","max-snippet":"max-snippet:-1","max-image-preview":"max-image-preview:large","max-video-preview":"max-video-preview:-1"},"canonical":"https:\/\/www.prossergy.com\/en\/solutions\/nox-treatment\/","og_locale":"en_US","og_type":"article","og_title":"NOx treatment - Prossergy","og_description":"NOx treatment Prossergy is a major actor in NOx treatment solutions with over a hundredreferences across various applications and industries. DeNOx SNCR NOx treatment by SNCR (Selective Non-Catalytic Reduction) implies reducing NO and NO\u2082 into water and nitrogen. To get the proper reaction, the addition of a reducing agent (NH\u2082 molecule) and a temperature between [&hellip;]","og_url":"https:\/\/www.prossergy.com\/en\/solutions\/nox-treatment\/","og_site_name":"Prossergy","article_modified_time":"2025-02-04T09:02:43+00:00","og_image":[{"width":800,"height":943,"url":"https:\/\/www.prossergy.com\/wp-content\/uploads\/2025\/01\/IMG_SNCR.jpg","type":"image\/jpeg"}],"twitter_card":"summary_large_image","twitter_misc":{"Est. reading time":"3 minutes"},"schema":{"@context":"https:\/\/schema.org","@graph":[{"@type":"WebPage","@id":"https:\/\/www.prossergy.com\/en\/solutions\/nox-treatment\/","url":"https:\/\/www.prossergy.com\/en\/solutions\/nox-treatment\/","name":"NOx treatment - Prossergy","isPartOf":{"@id":"https:\/\/www.prossergy.com\/en\/#website"},"primaryImageOfPage":{"@id":"https:\/\/www.prossergy.com\/en\/solutions\/nox-treatment\/#primaryimage"},"image":{"@id":"https:\/\/www.prossergy.com\/en\/solutions\/nox-treatment\/#primaryimage"},"thumbnailUrl":"https:\/\/www.prossergy.com\/wp-content\/uploads\/2025\/01\/IMG_SNCR.jpg","datePublished":"2025-01-28T15:39:43+00:00","dateModified":"2025-02-04T09:02:43+00:00","breadcrumb":{"@id":"https:\/\/www.prossergy.com\/en\/solutions\/nox-treatment\/#breadcrumb"},"inLanguage":"en-US","potentialAction":[{"@type":"ReadAction","target":["https:\/\/www.prossergy.com\/en\/solutions\/nox-treatment\/"]}]},{"@type":"ImageObject","inLanguage":"en-US","@id":"https:\/\/www.prossergy.com\/en\/solutions\/nox-treatment\/#primaryimage","url":"https:\/\/www.prossergy.com\/wp-content\/uploads\/2025\/01\/IMG_SNCR.jpg","contentUrl":"https:\/\/www.prossergy.com\/wp-content\/uploads\/2025\/01\/IMG_SNCR.jpg"},{"@type":"BreadcrumbList","@id":"https:\/\/www.prossergy.com\/en\/solutions\/nox-treatment\/#breadcrumb","itemListElement":[{"@type":"ListItem","position":1,"name":"Accueil","item":"https:\/\/www.prossergy.com\/en\/"},{"@type":"ListItem","position":2,"name":"Solutions","item":"https:\/\/www.prossergy.com\/en\/solutions\/"},{"@type":"ListItem","position":3,"name":"NOx treatment"}]},{"@type":"WebSite","@id":"https:\/\/www.prossergy.com\/en\/#website","url":"https:\/\/www.prossergy.com\/en\/","name":"Prossergy","description":"Des proc\u00e9d\u00e9s pour l&#039;\u00e9nergie","publisher":{"@id":"https:\/\/www.prossergy.com\/en\/#organization"},"potentialAction":[{"@type":"SearchAction","target":{"@type":"EntryPoint","urlTemplate":"https:\/\/www.prossergy.com\/en\/?s={search_term_string}"},"query-input":{"@type":"PropertyValueSpecification","valueRequired":true,"valueName":"search_term_string"}}],"inLanguage":"en-US"},{"@type":"Organization","@id":"https:\/\/www.prossergy.com\/en\/#organization","name":"Prossergy","url":"https:\/\/www.prossergy.com\/en\/","logo":{"@type":"ImageObject","inLanguage":"en-US","@id":"https:\/\/www.prossergy.com\/en\/#\/schema\/logo\/image\/","url":"https:\/\/www.prossergy.com\/wp-content\/uploads\/2025\/02\/logo-prossergy.png","contentUrl":"https:\/\/www.prossergy.com\/wp-content\/uploads\/2025\/02\/logo-prossergy.png","width":833,"height":227,"caption":"Prossergy"},"image":{"@id":"https:\/\/www.prossergy.com\/en\/#\/schema\/logo\/image\/"}}]}},"_links":{"self":[{"href":"https:\/\/www.prossergy.com\/en\/wp-json\/wp\/v2\/pages\/695","targetHints":{"allow":["GET"]}}],"collection":[{"href":"https:\/\/www.prossergy.com\/en\/wp-json\/wp\/v2\/pages"}],"about":[{"href":"https:\/\/www.prossergy.com\/en\/wp-json\/wp\/v2\/types\/page"}],"author":[{"embeddable":true,"href":"https:\/\/www.prossergy.com\/en\/wp-json\/wp\/v2\/users\/1"}],"replies":[{"embeddable":true,"href":"https:\/\/www.prossergy.com\/en\/wp-json\/wp\/v2\/comments?post=695"}],"version-history":[{"count":13,"href":"https:\/\/www.prossergy.com\/en\/wp-json\/wp\/v2\/pages\/695\/revisions"}],"predecessor-version":[{"id":944,"href":"https:\/\/www.prossergy.com\/en\/wp-json\/wp\/v2\/pages\/695\/revisions\/944"}],"up":[{"embeddable":true,"href":"https:\/\/www.prossergy.com\/en\/wp-json\/wp\/v2\/pages\/708"}],"wp:attachment":[{"href":"https:\/\/www.prossergy.com\/en\/wp-json\/wp\/v2\/media?parent=695"}],"curies":[{"name":"wp","href":"https:\/\/api.w.org\/{rel}","templated":true}]}}