{"id":708,"date":"2025-01-28T12:25:26","date_gmt":"2025-01-28T12:25:26","guid":{"rendered":"https:\/\/www.prossergy.com\/\/?page_id=708"},"modified":"2025-01-30T16:05:48","modified_gmt":"2025-01-30T16:05:48","slug":"solutions","status":"publish","type":"page","link":"https:\/\/www.prossergy.com\/en\/solutions\/","title":{"rendered":"Solutions"},"content":{"rendered":"\t\t<div data-elementor-type=\"wp-page\" data-elementor-id=\"708\" class=\"elementor elementor-708 elementor-13\" data-elementor-post-type=\"page\">\n\t\t\t\t<div class=\"elementor-element elementor-element-f8f6f47 e-con-full e-flex e-con e-child\" data-id=\"f8f6f47\" data-element_type=\"container\">\n\t\t\t\t<\/div>\n\t\t<div class=\"elementor-element elementor-element-c987583 e-flex e-con-boxed e-con e-parent\" data-id=\"c987583\" data-element_type=\"container\">\n\t\t\t\t\t<div class=\"e-con-inner\">\n\t\t<div class=\"elementor-element elementor-element-b7bac20 e-con-full e-flex e-con e-child\" data-id=\"b7bac20\" data-element_type=\"container\">\n\t\t\t\t<div class=\"elementor-element elementor-element-57c8225 title-pseudo elementor-widget elementor-widget-heading\" data-id=\"57c8225\" data-element_type=\"widget\" data-widget_type=\"heading.default\">\n\t\t\t\t<div class=\"elementor-widget-container\">\n\t\t\t\t\t<h2 class=\"elementor-heading-title elementor-size-default\">Technologies and solutions<\/h2>\t\t\t\t<\/div>\n\t\t\t\t<\/div>\n\t\t\t\t<\/div>\n\t\t<div class=\"elementor-element elementor-element-a6dc208 e-con-full e-flex e-con e-child\" data-id=\"a6dc208\" data-element_type=\"container\">\n\t\t\t\t<div class=\"elementor-element elementor-element-b0fa168 elementor-cta--skin-cover elementor-animated-content elementor-bg-transform elementor-bg-transform-zoom-in elementor-widget elementor-widget-call-to-action\" data-id=\"b0fa168\" data-element_type=\"widget\" data-widget_type=\"call-to-action.default\">\n\t\t\t\t<div class=\"elementor-widget-container\">\n\t\t\t\t\t\t\t<a class=\"elementor-cta\" href=\"https:\/\/www.prossergy.com\/\/en\/solutions\/nox-treatment\/\">\n\t\t\t\t\t<div class=\"elementor-cta__bg-wrapper\">\n\t\t\t\t<div class=\"elementor-cta__bg elementor-bg\" style=\"background-image: url(https:\/\/www.prossergy.com\/wp-content\/uploads\/2025\/01\/smoke-coming-out-factories-industrial-area.jpg);\" role=\"img\" aria-label=\"smoke-coming-out-factories-industrial-area\"><\/div>\n\t\t\t\t<div class=\"elementor-cta__bg-overlay\"><\/div>\n\t\t\t<\/div>\n\t\t\t\t\t\t\t<div class=\"elementor-cta__content\">\n\t\t\t\t\n\t\t\t\t\t\t\t\t\t<h2 class=\"elementor-cta__title elementor-cta__content-item elementor-content-item elementor-animated-item--grow\">\n\t\t\t\t\t\tNOx treatment\t\t\t\t\t<\/h2>\n\t\t\t\t\n\t\t\t\t\n\t\t\t\t\t\t\t\t\t<div class=\"elementor-cta__button-wrapper elementor-cta__content-item elementor-content-item elementor-animated-item--grow\">\n\t\t\t\t\t<span class=\"elementor-cta__button elementor-button elementor-size-\">\n\t\t\t\t\t\tClick Here\t\t\t\t\t<\/span>\n\t\t\t\t\t<\/div>\n\t\t\t\t\t\t\t<\/div>\n\t\t\t\t\t\t<\/a>\n\t\t\t\t\t\t<\/div>\n\t\t\t\t<\/div>\n\t\t\t\t<\/div>\n\t\t<div class=\"elementor-element elementor-element-d026ef8 e-con-full e-flex e-con e-child\" data-id=\"d026ef8\" data-element_type=\"container\">\n\t\t\t\t<div class=\"elementor-element elementor-element-a5693f8 elementor-cta--skin-cover elementor-animated-content elementor-bg-transform elementor-bg-transform-zoom-in elementor-widget elementor-widget-call-to-action\" data-id=\"a5693f8\" data-element_type=\"widget\" data-widget_type=\"call-to-action.default\">\n\t\t\t\t<div class=\"elementor-widget-container\">\n\t\t\t\t\t\t\t<a class=\"elementor-cta\" href=\"https:\/\/www.prossergy.com\/\/en\/solutions\/depoussierage-et-traitement-des-gaz-acides\/\">\n\t\t\t\t\t<div class=\"elementor-cta__bg-wrapper\">\n\t\t\t\t<div class=\"elementor-cta__bg elementor-bg\" style=\"background-image: url(https:\/\/www.prossergy.com\/wp-content\/uploads\/2025\/01\/3d-rendering-gas-cylinder.jpg);\" role=\"img\" aria-label=\"3d-rendering-gas-cylinder\"><\/div>\n\t\t\t\t<div class=\"elementor-cta__bg-overlay\"><\/div>\n\t\t\t<\/div>\n\t\t\t\t\t\t\t<div class=\"elementor-cta__content\">\n\t\t\t\t\n\t\t\t\t\t\t\t\t\t<h2 class=\"elementor-cta__title elementor-cta__content-item elementor-content-item elementor-animated-item--grow\">\n\t\t\t\t\t\tAcid gas treatment\t\t\t\t\t<\/h2>\n\t\t\t\t\n\t\t\t\t\n\t\t\t\t\t\t\t\t\t<div class=\"elementor-cta__button-wrapper elementor-cta__content-item elementor-content-item elementor-animated-item--grow\">\n\t\t\t\t\t<span class=\"elementor-cta__button elementor-button elementor-size-\">\n\t\t\t\t\t\tClick Here\t\t\t\t\t<\/span>\n\t\t\t\t\t<\/div>\n\t\t\t\t\t\t\t<\/div>\n\t\t\t\t\t\t<\/a>\n\t\t\t\t\t\t<\/div>\n\t\t\t\t<\/div>\n\t\t\t\t<\/div>\n\t\t<div class=\"elementor-element elementor-element-c00e4b6 e-con-full e-flex e-con e-child\" data-id=\"c00e4b6\" data-element_type=\"container\">\n\t\t\t\t<div class=\"elementor-element elementor-element-352400a elementor-cta--skin-cover elementor-animated-content elementor-bg-transform elementor-bg-transform-zoom-in elementor-widget elementor-widget-call-to-action\" data-id=\"352400a\" data-element_type=\"widget\" data-widget_type=\"call-to-action.default\">\n\t\t\t\t<div class=\"elementor-widget-container\">\n\t\t\t\t\t\t\t<a class=\"elementor-cta\" href=\"https:\/\/www.prossergy.com\/\/en\/solutions\/very-high-efficiency-catalytic-treatment\/\">\n\t\t\t\t\t<div class=\"elementor-cta__bg-wrapper\">\n\t\t\t\t<div class=\"elementor-cta__bg elementor-bg\" style=\"background-image: url(https:\/\/www.prossergy.com\/wp-content\/uploads\/2025\/01\/person-working-building-construction.jpg);\" role=\"img\" aria-label=\"person-working-building-construction\"><\/div>\n\t\t\t\t<div class=\"elementor-cta__bg-overlay\"><\/div>\n\t\t\t<\/div>\n\t\t\t\t\t\t\t<div class=\"elementor-cta__content\">\n\t\t\t\t\n\t\t\t\t\t\t\t\t\t<h2 class=\"elementor-cta__title elementor-cta__content-item elementor-content-item elementor-animated-item--grow\">\n\t\t\t\t\t\tVery high efficiency catalytic treatment\t\t\t\t\t<\/h2>\n\t\t\t\t\n\t\t\t\t\n\t\t\t\t\t\t\t\t\t<div class=\"elementor-cta__button-wrapper elementor-cta__content-item elementor-content-item elementor-animated-item--grow\">\n\t\t\t\t\t<span class=\"elementor-cta__button elementor-button elementor-size-\">\n\t\t\t\t\t\tClick Here\t\t\t\t\t<\/span>\n\t\t\t\t\t<\/div>\n\t\t\t\t\t\t\t<\/div>\n\t\t\t\t\t\t<\/a>\n\t\t\t\t\t\t<\/div>\n\t\t\t\t<\/div>\n\t\t\t\t<\/div>\n\t\t<div class=\"elementor-element elementor-element-8c40c2f e-con-full e-flex e-con e-child\" data-id=\"8c40c2f\" data-element_type=\"container\">\n\t\t\t\t<div class=\"elementor-element elementor-element-276f033 elementor-cta--skin-cover elementor-animated-content elementor-bg-transform elementor-bg-transform-zoom-in elementor-widget elementor-widget-call-to-action\" data-id=\"276f033\" data-element_type=\"widget\" data-widget_type=\"call-to-action.default\">\n\t\t\t\t<div class=\"elementor-widget-container\">\n\t\t\t\t\t\t\t<a class=\"elementor-cta\" href=\"https:\/\/www.prossergy.com\/\/en\/solutions\/injection-reutilisation-des-eaux-industrielles\/\">\n\t\t\t\t\t<div class=\"elementor-cta__bg-wrapper\">\n\t\t\t\t<div class=\"elementor-cta__bg elementor-bg\" style=\"background-image: url(https:\/\/www.prossergy.com\/wp-content\/uploads\/2025\/01\/closeup-industrial-pipelines-around-factor-sunny-day.jpg);\" role=\"img\" aria-label=\"closeup-industrial-pipelines-around-factor-sunny-day\"><\/div>\n\t\t\t\t<div class=\"elementor-cta__bg-overlay\"><\/div>\n\t\t\t<\/div>\n\t\t\t\t\t\t\t<div class=\"elementor-cta__content\">\n\t\t\t\t\n\t\t\t\t\t\t\t\t\t<h2 class=\"elementor-cta__title elementor-cta__content-item elementor-content-item elementor-animated-item--grow\">\n\t\t\t\t\t\tWater Injection<br>Reuse of Industrial Water\t\t\t\t\t<\/h2>\n\t\t\t\t\n\t\t\t\t\n\t\t\t\t\t\t\t\t\t<div class=\"elementor-cta__button-wrapper elementor-cta__content-item elementor-content-item elementor-animated-item--grow\">\n\t\t\t\t\t<span class=\"elementor-cta__button elementor-button elementor-size-\">\n\t\t\t\t\t\tClick Here\t\t\t\t\t<\/span>\n\t\t\t\t\t<\/div>\n\t\t\t\t\t\t\t<\/div>\n\t\t\t\t\t\t<\/a>\n\t\t\t\t\t\t<\/div>\n\t\t\t\t<\/div>\n\t\t\t\t<\/div>\n\t\t<div class=\"elementor-element elementor-element-852c8e5 e-con-full e-flex e-con e-child\" data-id=\"852c8e5\" data-element_type=\"container\">\n\t\t\t\t<div class=\"elementor-element elementor-element-98bd127 elementor-cta--skin-cover elementor-animated-content elementor-bg-transform elementor-bg-transform-zoom-in elementor-widget elementor-widget-call-to-action\" data-id=\"98bd127\" data-element_type=\"widget\" data-widget_type=\"call-to-action.default\">\n\t\t\t\t<div class=\"elementor-widget-container\">\n\t\t\t\t\t\t\t<a class=\"elementor-cta\" href=\"https:\/\/www.prossergy.com\/\/en\/solutions\/storage-and-handling-of-chemical-products\/\">\n\t\t\t\t\t<div class=\"elementor-cta__bg-wrapper\">\n\t\t\t\t<div class=\"elementor-cta__bg elementor-bg\" style=\"background-image: url(https:\/\/www.prossergy.com\/wp-content\/uploads\/2025\/01\/barrels-toxic-waste-from-nuclear-power-plant.jpg);\" role=\"img\" aria-label=\"barrels-toxic-waste-from-nuclear-power-plant\"><\/div>\n\t\t\t\t<div class=\"elementor-cta__bg-overlay\"><\/div>\n\t\t\t<\/div>\n\t\t\t\t\t\t\t<div class=\"elementor-cta__content\">\n\t\t\t\t\n\t\t\t\t\t\t\t\t\t<h2 class=\"elementor-cta__title elementor-cta__content-item elementor-content-item elementor-animated-item--grow\">\n\t\t\t\t\t\tStorage and Handling <br>of Chemical Products\t\t\t\t\t<\/h2>\n\t\t\t\t\n\t\t\t\t\n\t\t\t\t\t\t\t\t\t<div class=\"elementor-cta__button-wrapper elementor-cta__content-item elementor-content-item elementor-animated-item--grow\">\n\t\t\t\t\t<span class=\"elementor-cta__button elementor-button elementor-size-\">\n\t\t\t\t\t\tClick Here\t\t\t\t\t<\/span>\n\t\t\t\t\t<\/div>\n\t\t\t\t\t\t\t<\/div>\n\t\t\t\t\t\t<\/a>\n\t\t\t\t\t\t<\/div>\n\t\t\t\t<\/div>\n\t\t\t\t<\/div>\n\t\t\t\t\t<\/div>\n\t\t\t\t<\/div>\n\t\t\t\t<\/div>\n\t\t","protected":false},"excerpt":{"rendered":"<p>Technologies and solutions NOx treatment Click Here Acid gas treatment Click Here Very high efficiency catalytic treatment Click Here Water InjectionReuse of Industrial Water Click Here Storage and Handling of Chemical Products Click Here<\/p>\n","protected":false},"author":1,"featured_media":0,"parent":0,"menu_order":0,"comment_status":"closed","ping_status":"closed","template":"","meta":{"_acf_changed":false,"footnotes":""},"class_list":["post-708","page","type-page","status-publish","hentry"],"acf":[],"yoast_head":"<!-- This site is optimized with the Yoast SEO plugin v26.0 - https:\/\/yoast.com\/wordpress\/plugins\/seo\/ -->\n<title>Solutions - Prossergy<\/title>\n<meta name=\"robots\" content=\"index, follow, max-snippet:-1, max-image-preview:large, max-video-preview:-1\" \/>\n<link rel=\"canonical\" href=\"https:\/\/www.prossergy.com\/en\/solutions\/\" \/>\n<meta property=\"og:locale\" content=\"en_US\" \/>\n<meta property=\"og:type\" content=\"article\" \/>\n<meta property=\"og:title\" content=\"Solutions - Prossergy\" \/>\n<meta property=\"og:description\" content=\"Technologies and solutions NOx treatment Click Here Acid gas treatment Click Here Very high efficiency catalytic treatment Click Here Water InjectionReuse of Industrial Water Click Here Storage and Handling of Chemical Products Click Here\" \/>\n<meta property=\"og:url\" content=\"https:\/\/www.prossergy.com\/en\/solutions\/\" \/>\n<meta property=\"og:site_name\" content=\"Prossergy\" \/>\n<meta property=\"article:modified_time\" content=\"2025-01-30T16:05:48+00:00\" \/>\n<meta name=\"twitter:card\" content=\"summary_large_image\" \/>\n<meta name=\"twitter:label1\" content=\"Est. reading time\" \/>\n\t<meta name=\"twitter:data1\" content=\"1 minute\" \/>\n<script type=\"application\/ld+json\" class=\"yoast-schema-graph\">{\"@context\":\"https:\/\/schema.org\",\"@graph\":[{\"@type\":\"WebPage\",\"@id\":\"https:\/\/www.prossergy.com\/en\/solutions\/\",\"url\":\"https:\/\/www.prossergy.com\/en\/solutions\/\",\"name\":\"Solutions - Prossergy\",\"isPartOf\":{\"@id\":\"https:\/\/www.prossergy.com\/en\/#website\"},\"datePublished\":\"2025-01-28T12:25:26+00:00\",\"dateModified\":\"2025-01-30T16:05:48+00:00\",\"breadcrumb\":{\"@id\":\"https:\/\/www.prossergy.com\/en\/solutions\/#breadcrumb\"},\"inLanguage\":\"en-US\",\"potentialAction\":[{\"@type\":\"ReadAction\",\"target\":[\"https:\/\/www.prossergy.com\/en\/solutions\/\"]}]},{\"@type\":\"BreadcrumbList\",\"@id\":\"https:\/\/www.prossergy.com\/en\/solutions\/#breadcrumb\",\"itemListElement\":[{\"@type\":\"ListItem\",\"position\":1,\"name\":\"Accueil\",\"item\":\"https:\/\/www.prossergy.com\/en\/\"},{\"@type\":\"ListItem\",\"position\":2,\"name\":\"Solutions\"}]},{\"@type\":\"WebSite\",\"@id\":\"https:\/\/www.prossergy.com\/en\/#website\",\"url\":\"https:\/\/www.prossergy.com\/en\/\",\"name\":\"Prossergy\",\"description\":\"Des proc\u00e9d\u00e9s pour l&#039;\u00e9nergie\",\"publisher\":{\"@id\":\"https:\/\/www.prossergy.com\/en\/#organization\"},\"potentialAction\":[{\"@type\":\"SearchAction\",\"target\":{\"@type\":\"EntryPoint\",\"urlTemplate\":\"https:\/\/www.prossergy.com\/en\/?s={search_term_string}\"},\"query-input\":{\"@type\":\"PropertyValueSpecification\",\"valueRequired\":true,\"valueName\":\"search_term_string\"}}],\"inLanguage\":\"en-US\"},{\"@type\":\"Organization\",\"@id\":\"https:\/\/www.prossergy.com\/en\/#organization\",\"name\":\"Prossergy\",\"url\":\"https:\/\/www.prossergy.com\/en\/\",\"logo\":{\"@type\":\"ImageObject\",\"inLanguage\":\"en-US\",\"@id\":\"https:\/\/www.prossergy.com\/en\/#\/schema\/logo\/image\/\",\"url\":\"https:\/\/www.prossergy.com\/wp-content\/uploads\/2025\/02\/logo-prossergy.png\",\"contentUrl\":\"https:\/\/www.prossergy.com\/wp-content\/uploads\/2025\/02\/logo-prossergy.png\",\"width\":833,\"height\":227,\"caption\":\"Prossergy\"},\"image\":{\"@id\":\"https:\/\/www.prossergy.com\/en\/#\/schema\/logo\/image\/\"}}]}<\/script>\n<!-- \/ Yoast SEO plugin. -->","yoast_head_json":{"title":"Solutions - Prossergy","robots":{"index":"index","follow":"follow","max-snippet":"max-snippet:-1","max-image-preview":"max-image-preview:large","max-video-preview":"max-video-preview:-1"},"canonical":"https:\/\/www.prossergy.com\/en\/solutions\/","og_locale":"en_US","og_type":"article","og_title":"Solutions - Prossergy","og_description":"Technologies and solutions NOx treatment Click Here Acid gas treatment Click Here Very high efficiency catalytic treatment Click Here Water InjectionReuse of Industrial Water Click Here Storage and Handling of Chemical Products Click Here","og_url":"https:\/\/www.prossergy.com\/en\/solutions\/","og_site_name":"Prossergy","article_modified_time":"2025-01-30T16:05:48+00:00","twitter_card":"summary_large_image","twitter_misc":{"Est. reading time":"1 minute"},"schema":{"@context":"https:\/\/schema.org","@graph":[{"@type":"WebPage","@id":"https:\/\/www.prossergy.com\/en\/solutions\/","url":"https:\/\/www.prossergy.com\/en\/solutions\/","name":"Solutions - Prossergy","isPartOf":{"@id":"https:\/\/www.prossergy.com\/en\/#website"},"datePublished":"2025-01-28T12:25:26+00:00","dateModified":"2025-01-30T16:05:48+00:00","breadcrumb":{"@id":"https:\/\/www.prossergy.com\/en\/solutions\/#breadcrumb"},"inLanguage":"en-US","potentialAction":[{"@type":"ReadAction","target":["https:\/\/www.prossergy.com\/en\/solutions\/"]}]},{"@type":"BreadcrumbList","@id":"https:\/\/www.prossergy.com\/en\/solutions\/#breadcrumb","itemListElement":[{"@type":"ListItem","position":1,"name":"Accueil","item":"https:\/\/www.prossergy.com\/en\/"},{"@type":"ListItem","position":2,"name":"Solutions"}]},{"@type":"WebSite","@id":"https:\/\/www.prossergy.com\/en\/#website","url":"https:\/\/www.prossergy.com\/en\/","name":"Prossergy","description":"Des proc\u00e9d\u00e9s pour l&#039;\u00e9nergie","publisher":{"@id":"https:\/\/www.prossergy.com\/en\/#organization"},"potentialAction":[{"@type":"SearchAction","target":{"@type":"EntryPoint","urlTemplate":"https:\/\/www.prossergy.com\/en\/?s={search_term_string}"},"query-input":{"@type":"PropertyValueSpecification","valueRequired":true,"valueName":"search_term_string"}}],"inLanguage":"en-US"},{"@type":"Organization","@id":"https:\/\/www.prossergy.com\/en\/#organization","name":"Prossergy","url":"https:\/\/www.prossergy.com\/en\/","logo":{"@type":"ImageObject","inLanguage":"en-US","@id":"https:\/\/www.prossergy.com\/en\/#\/schema\/logo\/image\/","url":"https:\/\/www.prossergy.com\/wp-content\/uploads\/2025\/02\/logo-prossergy.png","contentUrl":"https:\/\/www.prossergy.com\/wp-content\/uploads\/2025\/02\/logo-prossergy.png","width":833,"height":227,"caption":"Prossergy"},"image":{"@id":"https:\/\/www.prossergy.com\/en\/#\/schema\/logo\/image\/"}}]}},"_links":{"self":[{"href":"https:\/\/www.prossergy.com\/en\/wp-json\/wp\/v2\/pages\/708","targetHints":{"allow":["GET"]}}],"collection":[{"href":"https:\/\/www.prossergy.com\/en\/wp-json\/wp\/v2\/pages"}],"about":[{"href":"https:\/\/www.prossergy.com\/en\/wp-json\/wp\/v2\/types\/page"}],"author":[{"embeddable":true,"href":"https:\/\/www.prossergy.com\/en\/wp-json\/wp\/v2\/users\/1"}],"replies":[{"embeddable":true,"href":"https:\/\/www.prossergy.com\/en\/wp-json\/wp\/v2\/comments?post=708"}],"version-history":[{"count":13,"href":"https:\/\/www.prossergy.com\/en\/wp-json\/wp\/v2\/pages\/708\/revisions"}],"predecessor-version":[{"id":832,"href":"https:\/\/www.prossergy.com\/en\/wp-json\/wp\/v2\/pages\/708\/revisions\/832"}],"wp:attachment":[{"href":"https:\/\/www.prossergy.com\/en\/wp-json\/wp\/v2\/media?parent=708"}],"curies":[{"name":"wp","href":"https:\/\/api.w.org\/{rel}","templated":true}]}}