{"id":712,"date":"2025-01-28T15:40:00","date_gmt":"2025-01-28T15:40:00","guid":{"rendered":"https:\/\/www.prossergy.com\/\/?page_id=712"},"modified":"2025-02-04T09:06:06","modified_gmt":"2025-02-04T09:06:06","slug":"depoussierage-et-traitement-des-gaz-acides","status":"publish","type":"page","link":"https:\/\/www.prossergy.com\/en\/solutions\/depoussierage-et-traitement-des-gaz-acides\/","title":{"rendered":"Acid gas treatment and dust removal"},"content":{"rendered":"\t\t<div data-elementor-type=\"wp-page\" data-elementor-id=\"712\" class=\"elementor elementor-712 elementor-177\" data-elementor-post-type=\"page\">\n\t\t\t\t<div class=\"elementor-element elementor-element-a7c2333 e-flex e-con-boxed e-con e-parent\" data-id=\"a7c2333\" data-element_type=\"container\">\n\t\t\t\t\t<div class=\"e-con-inner\">\n\t\t<div class=\"elementor-element elementor-element-c68ce6d e-con-full e-flex e-con e-child\" data-id=\"c68ce6d\" data-element_type=\"container\">\n\t\t\t\t<div class=\"elementor-element elementor-element-968281e title-pseudo center elementor-widget elementor-widget-heading\" data-id=\"968281e\" data-element_type=\"widget\" data-widget_type=\"heading.default\">\n\t\t\t\t<div class=\"elementor-widget-container\">\n\t\t\t\t\t<h1 class=\"elementor-heading-title elementor-size-default\">Acid gas treatment and dust removal<\/h1>\t\t\t\t<\/div>\n\t\t\t\t<\/div>\n\t\t\t\t<div class=\"elementor-element elementor-element-5645840 mb-0 elementor-widget elementor-widget-text-editor\" data-id=\"5645840\" data-element_type=\"widget\" data-widget_type=\"text-editor.default\">\n\t\t\t\t<div class=\"elementor-widget-container\">\n\t\t\t\t\t\t\t\t\t<p><strong>For the treatment of acid gases such as SOx, HCl, and HF, PROSSERGY has developed dry\/semi-dry processes, <br \/>with or without recirculation and reactivation, using calcium or sodium sorbents.<\/strong><\/p>\t\t\t\t\t\t\t\t<\/div>\n\t\t\t\t<\/div>\n\t\t\t\t<\/div>\n\t\t\t\t\t<\/div>\n\t\t\t\t<\/div>\n\t\t<div class=\"elementor-element elementor-element-6c1f542 e-flex e-con-boxed e-con e-parent\" data-id=\"6c1f542\" data-element_type=\"container\">\n\t\t\t\t\t<div class=\"e-con-inner\">\n\t\t<div class=\"elementor-element elementor-element-1d6feeb e-con-full e-flex e-con e-child\" data-id=\"1d6feeb\" data-element_type=\"container\">\n\t\t\t\t<div class=\"elementor-element elementor-element-64cb422 elementor-widget elementor-widget-image\" data-id=\"64cb422\" data-element_type=\"widget\" data-widget_type=\"image.default\">\n\t\t\t\t<div class=\"elementor-widget-container\">\n\t\t\t\t\t\t\t\t\t\t\t\t\t\t\t<img fetchpriority=\"high\" decoding=\"async\" width=\"600\" height=\"400\" src=\"https:\/\/www.prossergy.com\/wp-content\/uploads\/2025\/01\/pollution-concept-factory-emisions.jpg\" class=\"attachment-large size-large wp-image-491\" alt=\"\" srcset=\"https:\/\/www.prossergy.com\/wp-content\/uploads\/2025\/01\/pollution-concept-factory-emisions.jpg 600w, https:\/\/www.prossergy.com\/wp-content\/uploads\/2025\/01\/pollution-concept-factory-emisions-300x200.jpg 300w\" sizes=\"(max-width: 600px) 100vw, 600px\" \/>\t\t\t\t\t\t\t\t\t\t\t\t\t\t\t<\/div>\n\t\t\t\t<\/div>\n\t\t\t\t<\/div>\n\t\t<div class=\"elementor-element elementor-element-87432bf e-con-full e-flex e-con e-child\" data-id=\"87432bf\" data-element_type=\"container\">\n\t\t\t\t<div class=\"elementor-element elementor-element-c649417 elementor-widget elementor-widget-text-editor\" data-id=\"c649417\" data-element_type=\"widget\" data-widget_type=\"text-editor.default\">\n\t\t\t\t<div class=\"elementor-widget-container\">\n\t\t\t\t\t\t\t\t\t<strong>The addition of activated carbon or coke injection also allows for the treatment of PCDD\/F (dioxins and furans), Hg (mercury), and other metallic pollutants.<\/strong>\n\nEach solution is specifically tailored to the client&#8217;s needs and the installation&#8217;s characteristics, considering:\n<ul>\n \t<li>The types of gases to be reduced and their respective concentrations.<\/li>\n \t<li>Required efficiencies.<\/li>\n \t<li>Sorbent cost.<\/li>\n \t<li>The cost of disposal for residues.<\/li>\n \t<li>Integration into the overall flue gas treatment and the thermal design of the unit (reaction temperature and energy consumption).<\/li>\n<\/ul>\nReagent selection must be based on the specific pollutants to be captured to achieve optimal economic performance.\t\t\t\t\t\t\t\t<\/div>\n\t\t\t\t<\/div>\n\t\t\t\t<\/div>\n\t\t\t\t\t<\/div>\n\t\t\t\t<\/div>\n\t\t<div class=\"elementor-element elementor-element-69362aa e-flex e-con-boxed e-con e-parent\" data-id=\"69362aa\" data-element_type=\"container\">\n\t\t\t\t\t<div class=\"e-con-inner\">\n\t\t<div class=\"elementor-element elementor-element-ff82e26 e-con-full e-flex e-con e-child\" data-id=\"ff82e26\" data-element_type=\"container\">\n\t\t\t\t<div class=\"elementor-element elementor-element-fe8560d elementor-widget elementor-widget-heading\" data-id=\"fe8560d\" data-element_type=\"widget\" data-widget_type=\"heading.default\">\n\t\t\t\t<div class=\"elementor-widget-container\">\n\t\t\t\t\t<h2 class=\"elementor-heading-title elementor-size-default\">Sodium Bicarbonate or Sodium <br>Carbonate (Na\u2082CO\u2083 or NaHCO\u2083)<\/h2>\t\t\t\t<\/div>\n\t\t\t\t<\/div>\n\t\t\t\t<div class=\"elementor-element elementor-element-743b64e elementor-widget elementor-widget-text-editor\" data-id=\"743b64e\" data-element_type=\"widget\" data-widget_type=\"text-editor.default\">\n\t\t\t\t<div class=\"elementor-widget-container\">\n\t\t\t\t\t\t\t\t\t<p><strong>Sodium Bicarbonate or Sodium Carbonate (Na\u2082CO\u2083 or NaHCO\u2083) must be ground to reduce particle size before being injected into the flue gas. It can also be supplied already ground to the optimal grain size.<\/strong><\/p><p>In the case of using bicarbonate, the first step is to convert it into carbonate.<br \/><strong>2NaHCO3 \u21d2 Na2CO3 + H2O + CO2<\/strong><\/p><p>The capture reactions are as follows:<br \/><strong>NaHCO3+ HCl \u21d2 NaCl + H2O + CO2<br \/><\/strong><strong>2 NaHCO3+ SO2 + \u00bdO2 \u21d2 Na2SO4 + 2 CO2 + H2O<br \/><\/strong><strong>NaHCO3 + HF \u21d2 NaF + H2O + CO2<\/strong><\/p>\t\t\t\t\t\t\t\t<\/div>\n\t\t\t\t<\/div>\n\t\t\t\t<\/div>\n\t\t<div class=\"elementor-element elementor-element-a2bbd6c e-con-full e-flex e-con e-child\" data-id=\"a2bbd6c\" data-element_type=\"container\">\n\t\t\t\t<div class=\"elementor-element elementor-element-ef60a3f elementor-widget elementor-widget-image\" data-id=\"ef60a3f\" data-element_type=\"widget\" data-widget_type=\"image.default\">\n\t\t\t\t<div class=\"elementor-widget-container\">\n\t\t\t\t\t\t\t\t\t\t\t\t\t\t\t<img decoding=\"async\" width=\"600\" height=\"336\" src=\"https:\/\/www.prossergy.com\/wp-content\/uploads\/2025\/01\/white-powder-moving-conveyor-belt-food-processing-plant.jpg\" class=\"attachment-large size-large wp-image-493\" alt=\"\" srcset=\"https:\/\/www.prossergy.com\/wp-content\/uploads\/2025\/01\/white-powder-moving-conveyor-belt-food-processing-plant.jpg 600w, https:\/\/www.prossergy.com\/wp-content\/uploads\/2025\/01\/white-powder-moving-conveyor-belt-food-processing-plant-300x168.jpg 300w\" sizes=\"(max-width: 600px) 100vw, 600px\" \/>\t\t\t\t\t\t\t\t\t\t\t\t\t\t\t<\/div>\n\t\t\t\t<\/div>\n\t\t\t\t<\/div>\n\t\t\t\t\t<\/div>\n\t\t\t\t<\/div>\n\t\t<div class=\"elementor-element elementor-element-fb0979a section-blue e-flex e-con-boxed e-con e-parent\" data-id=\"fb0979a\" data-element_type=\"container\">\n\t\t\t\t\t<div class=\"e-con-inner\">\n\t\t<div class=\"elementor-element elementor-element-44a224e e-con-full e-flex e-con e-child\" data-id=\"44a224e\" data-element_type=\"container\">\n\t\t\t\t<div class=\"elementor-element elementor-element-94c59e5 elementor-widget elementor-widget-heading\" data-id=\"94c59e5\" data-element_type=\"widget\" data-widget_type=\"heading.default\">\n\t\t\t\t<div class=\"elementor-widget-container\">\n\t\t\t\t\t<h2 class=\"elementor-heading-title elementor-size-default\">Lime (Ca(OH)\u2082)<\/h2>\t\t\t\t<\/div>\n\t\t\t\t<\/div>\n\t\t\t\t<div class=\"elementor-element elementor-element-2a3fe1f elementor-widget elementor-widget-text-editor\" data-id=\"2a3fe1f\" data-element_type=\"widget\" data-widget_type=\"text-editor.default\">\n\t\t\t\t<div class=\"elementor-widget-container\">\n\t\t\t\t\t\t\t\t\t<p><strong>Lime (Ca(OH)\u2082) can be used without grinding but with various qualities (standard lime or high specific surface lime) depending on the process used and the expected economic and technical performance.<\/strong><\/p><p>The capture reactions are as follows:<\/p><p><strong>Ca(OH)2 + 2HCl \u21d2 CaCl2 + 2H2O<\/strong><br \/><strong>Ca(OH)2 + SO2 + \u00bdO2\u21d2 CaSO4 + H2O<\/strong><br \/><strong>Ca(OH)2 + 2HF \u21d2 CaF2 + 2H2O<\/strong><\/p><p><span lang=\"en-US\">When using lime as a reagent, residue recirculation can be implemented to limit its consumption.<\/span><\/p>\t\t\t\t\t\t\t\t<\/div>\n\t\t\t\t<\/div>\n\t\t\t\t<\/div>\n\t\t\t\t\t<\/div>\n\t\t\t\t<\/div>\n\t\t<div class=\"elementor-element elementor-element-d632a84 e-flex e-con-boxed e-con e-parent\" data-id=\"d632a84\" data-element_type=\"container\">\n\t\t\t\t\t<div class=\"e-con-inner\">\n\t\t<div class=\"elementor-element elementor-element-d5d7e76 e-con-full e-flex e-con e-child\" data-id=\"d5d7e76\" data-element_type=\"container\">\n\t\t\t\t<div class=\"elementor-element elementor-element-df6e9c3 elementor-widget elementor-widget-text-editor\" data-id=\"df6e9c3\" data-element_type=\"widget\" data-widget_type=\"text-editor.default\">\n\t\t\t\t<div class=\"elementor-widget-container\">\n\t\t\t\t\t\t\t\t\t<strong>It is also possible to carry out dual injection of lime\/sodium bicarbonate to combine the best of both reagents, achieving optimal efficiency and operating costs.<\/strong>\n\n<strong>La s\u00e9lectivit\u00e9 de captation des deux r\u00e9actifs est diff\u00e9rente\u00a0:<\/strong>\t\t\t\t\t\t\t\t<\/div>\n\t\t\t\t<\/div>\n\t\t\t\t<div class=\"elementor-element elementor-element-6189b44 elementor-widget elementor-widget-text-editor\" data-id=\"6189b44\" data-element_type=\"widget\" data-widget_type=\"text-editor.default\">\n\t\t\t\t<div class=\"elementor-widget-container\">\n\t\t\t\t\t\t\t\t\t<div style=\"display: flex;\"><div><p>The two reagents have different capture selectivity:<br \/><span lang=\"en-US\"><br \/>Optimal reaction temperatures also vary. Generally, for the commonly encountered temperature ranges in these treatments, sodium bicarbonate offers good capture efficiency above 150\u00b0C, while the efficiency of hydrated lime increases at lower temperatures.<br \/><\/span><\/p><p><span lang=\"en-US\">The optimal capture efficiencies and temperatures differ depending on the pollutants to be treated.<\/span><\/p><\/div><p><img decoding=\"async\" class=\"alignnone size-medium wp-image-482\" src=\"https:\/\/www.prossergy.com\/\/wp-content\/uploads\/2025\/01\/Groupe-1354-300x251.jpg\" alt=\"\" width=\"200\" srcset=\"https:\/\/www.prossergy.com\/wp-content\/uploads\/2025\/01\/Groupe-1354-300x251.jpg 300w, https:\/\/www.prossergy.com\/wp-content\/uploads\/2025\/01\/Groupe-1354.jpg 556w\" sizes=\"(max-width: 300px) 100vw, 300px\" \/><\/p><\/div>\t\t\t\t\t\t\t\t<\/div>\n\t\t\t\t<\/div>\n\t\t\t\t<div class=\"elementor-element elementor-element-36c3c93 elementor-widget elementor-widget-text-editor\" data-id=\"36c3c93\" data-element_type=\"widget\" data-widget_type=\"text-editor.default\">\n\t\t\t\t<div class=\"elementor-widget-container\">\n\t\t\t\t\t\t\t\t\t<p><span lang=\"en-US\">When combining several processes for capturing multiple pollutants, temperature selection is crucial to achieve optimal techno-economic results. In some cases, the addition of a heater and heat exchanger can improve treatment operation and optimize the energy efficiency in the installation.<\/span><\/p><p><span lang=\"en-US\">As with all other processes, PROSSERGY pays close attention to the compatibility and combination of different treatments (DeNOx, dust removal, acid gas, metals, etc.) and their energy integration.<\/span><\/p>\t\t\t\t\t\t\t\t<\/div>\n\t\t\t\t<\/div>\n\t\t\t\t<\/div>\n\t\t<div class=\"elementor-element elementor-element-c121511 e-con-full e-flex e-con e-child\" data-id=\"c121511\" data-element_type=\"container\">\n\t\t\t\t<div class=\"elementor-element elementor-element-3fcd6e6 elementor-widget elementor-widget-image\" data-id=\"3fcd6e6\" data-element_type=\"widget\" data-widget_type=\"image.default\">\n\t\t\t\t<div class=\"elementor-widget-container\">\n\t\t\t\t\t\t\t\t\t\t\t\t\t\t\t<img decoding=\"async\" width=\"600\" height=\"414\" src=\"https:\/\/www.prossergy.com\/wp-content\/uploads\/2025\/01\/shutterstock_736282708_02.jpg\" class=\"attachment-large size-large wp-image-495\" alt=\"\" srcset=\"https:\/\/www.prossergy.com\/wp-content\/uploads\/2025\/01\/shutterstock_736282708_02.jpg 600w, https:\/\/www.prossergy.com\/wp-content\/uploads\/2025\/01\/shutterstock_736282708_02-300x207.jpg 300w\" sizes=\"(max-width: 600px) 100vw, 600px\" \/>\t\t\t\t\t\t\t\t\t\t\t\t\t\t\t<\/div>\n\t\t\t\t<\/div>\n\t\t\t\t<\/div>\n\t\t\t\t\t<\/div>\n\t\t\t\t<\/div>\n\t\t<div class=\"elementor-element elementor-element-f51d354 e-flex e-con-boxed e-con e-parent\" data-id=\"f51d354\" data-element_type=\"container\">\n\t\t\t\t\t<div class=\"e-con-inner\">\n\t\t\t\t<div class=\"elementor-element elementor-element-e1d822a elementor-widget elementor-widget-image\" data-id=\"e1d822a\" data-element_type=\"widget\" data-widget_type=\"image.default\">\n\t\t\t\t<div class=\"elementor-widget-container\">\n\t\t\t\t\t\t\t\t\t\t\t\t\t\t\t<img loading=\"lazy\" decoding=\"async\" width=\"640\" height=\"376\" src=\"https:\/\/www.prossergy.com\/wp-content\/uploads\/2025\/02\/Schema-Process-complet-1024x601.jpg\" class=\"attachment-large size-large wp-image-946\" alt=\"\" srcset=\"https:\/\/www.prossergy.com\/wp-content\/uploads\/2025\/02\/Schema-Process-complet-1024x601.jpg 1024w, https:\/\/www.prossergy.com\/wp-content\/uploads\/2025\/02\/Schema-Process-complet-300x176.jpg 300w, https:\/\/www.prossergy.com\/wp-content\/uploads\/2025\/02\/Schema-Process-complet-768x450.jpg 768w, https:\/\/www.prossergy.com\/wp-content\/uploads\/2025\/02\/Schema-Process-complet-1536x901.jpg 1536w, https:\/\/www.prossergy.com\/wp-content\/uploads\/2025\/02\/Schema-Process-complet.jpg 1920w\" sizes=\"(max-width: 640px) 100vw, 640px\" \/>\t\t\t\t\t\t\t\t\t\t\t\t\t\t\t<\/div>\n\t\t\t\t<\/div>\n\t\t\t\t\t<\/div>\n\t\t\t\t<\/div>\n\t\t\t\t<\/div>\n\t\t","protected":false},"excerpt":{"rendered":"<p>Acid gas treatment and dust removal For the treatment of acid gases such as SOx, HCl, and HF, PROSSERGY has developed dry\/semi-dry processes, with or without recirculation and reactivation, using calcium or sodium sorbents. The addition of activated carbon or coke injection also allows for the treatment of PCDD\/F (dioxins and furans), Hg (mercury), and [&hellip;]<\/p>\n","protected":false},"author":1,"featured_media":0,"parent":708,"menu_order":0,"comment_status":"closed","ping_status":"closed","template":"","meta":{"_acf_changed":false,"footnotes":""},"class_list":["post-712","page","type-page","status-publish","hentry"],"acf":[],"yoast_head":"<!-- This site is optimized with the Yoast SEO plugin v26.0 - https:\/\/yoast.com\/wordpress\/plugins\/seo\/ -->\n<title>Acid gas treatment and dust removal - Prossergy<\/title>\n<meta name=\"robots\" content=\"index, follow, max-snippet:-1, max-image-preview:large, max-video-preview:-1\" \/>\n<link rel=\"canonical\" href=\"https:\/\/www.prossergy.com\/en\/solutions\/depoussierage-et-traitement-des-gaz-acides\/\" \/>\n<meta property=\"og:locale\" content=\"en_US\" \/>\n<meta property=\"og:type\" content=\"article\" \/>\n<meta property=\"og:title\" content=\"Acid gas treatment and dust removal - Prossergy\" \/>\n<meta property=\"og:description\" content=\"Acid gas treatment and dust removal For the treatment of acid gases such as SOx, HCl, and HF, PROSSERGY has developed dry\/semi-dry processes, with or without recirculation and reactivation, using calcium or sodium sorbents. The addition of activated carbon or coke injection also allows for the treatment of PCDD\/F (dioxins and furans), Hg (mercury), and [&hellip;]\" \/>\n<meta property=\"og:url\" content=\"https:\/\/www.prossergy.com\/en\/solutions\/depoussierage-et-traitement-des-gaz-acides\/\" \/>\n<meta property=\"og:site_name\" content=\"Prossergy\" \/>\n<meta property=\"article:modified_time\" content=\"2025-02-04T09:06:06+00:00\" \/>\n<meta property=\"og:image\" content=\"https:\/\/www.prossergy.com\/wp-content\/uploads\/2025\/01\/pollution-concept-factory-emisions.jpg\" \/>\n\t<meta property=\"og:image:width\" content=\"600\" \/>\n\t<meta property=\"og:image:height\" content=\"400\" \/>\n\t<meta property=\"og:image:type\" content=\"image\/jpeg\" \/>\n<meta name=\"twitter:card\" content=\"summary_large_image\" \/>\n<meta name=\"twitter:label1\" content=\"Est. reading time\" \/>\n\t<meta name=\"twitter:data1\" content=\"3 minutes\" \/>\n<script type=\"application\/ld+json\" class=\"yoast-schema-graph\">{\"@context\":\"https:\/\/schema.org\",\"@graph\":[{\"@type\":\"WebPage\",\"@id\":\"https:\/\/www.prossergy.com\/en\/solutions\/depoussierage-et-traitement-des-gaz-acides\/\",\"url\":\"https:\/\/www.prossergy.com\/en\/solutions\/depoussierage-et-traitement-des-gaz-acides\/\",\"name\":\"Acid gas treatment and dust removal - Prossergy\",\"isPartOf\":{\"@id\":\"https:\/\/www.prossergy.com\/en\/#website\"},\"primaryImageOfPage\":{\"@id\":\"https:\/\/www.prossergy.com\/en\/solutions\/depoussierage-et-traitement-des-gaz-acides\/#primaryimage\"},\"image\":{\"@id\":\"https:\/\/www.prossergy.com\/en\/solutions\/depoussierage-et-traitement-des-gaz-acides\/#primaryimage\"},\"thumbnailUrl\":\"https:\/\/www.prossergy.com\/wp-content\/uploads\/2025\/01\/pollution-concept-factory-emisions.jpg\",\"datePublished\":\"2025-01-28T15:40:00+00:00\",\"dateModified\":\"2025-02-04T09:06:06+00:00\",\"breadcrumb\":{\"@id\":\"https:\/\/www.prossergy.com\/en\/solutions\/depoussierage-et-traitement-des-gaz-acides\/#breadcrumb\"},\"inLanguage\":\"en-US\",\"potentialAction\":[{\"@type\":\"ReadAction\",\"target\":[\"https:\/\/www.prossergy.com\/en\/solutions\/depoussierage-et-traitement-des-gaz-acides\/\"]}]},{\"@type\":\"ImageObject\",\"inLanguage\":\"en-US\",\"@id\":\"https:\/\/www.prossergy.com\/en\/solutions\/depoussierage-et-traitement-des-gaz-acides\/#primaryimage\",\"url\":\"https:\/\/www.prossergy.com\/wp-content\/uploads\/2025\/01\/pollution-concept-factory-emisions.jpg\",\"contentUrl\":\"https:\/\/www.prossergy.com\/wp-content\/uploads\/2025\/01\/pollution-concept-factory-emisions.jpg\"},{\"@type\":\"BreadcrumbList\",\"@id\":\"https:\/\/www.prossergy.com\/en\/solutions\/depoussierage-et-traitement-des-gaz-acides\/#breadcrumb\",\"itemListElement\":[{\"@type\":\"ListItem\",\"position\":1,\"name\":\"Accueil\",\"item\":\"https:\/\/www.prossergy.com\/en\/\"},{\"@type\":\"ListItem\",\"position\":2,\"name\":\"Solutions\",\"item\":\"https:\/\/www.prossergy.com\/en\/solutions\/\"},{\"@type\":\"ListItem\",\"position\":3,\"name\":\"Acid gas treatment and dust removal\"}]},{\"@type\":\"WebSite\",\"@id\":\"https:\/\/www.prossergy.com\/en\/#website\",\"url\":\"https:\/\/www.prossergy.com\/en\/\",\"name\":\"Prossergy\",\"description\":\"Des proc\u00e9d\u00e9s pour l&#039;\u00e9nergie\",\"publisher\":{\"@id\":\"https:\/\/www.prossergy.com\/en\/#organization\"},\"potentialAction\":[{\"@type\":\"SearchAction\",\"target\":{\"@type\":\"EntryPoint\",\"urlTemplate\":\"https:\/\/www.prossergy.com\/en\/?s={search_term_string}\"},\"query-input\":{\"@type\":\"PropertyValueSpecification\",\"valueRequired\":true,\"valueName\":\"search_term_string\"}}],\"inLanguage\":\"en-US\"},{\"@type\":\"Organization\",\"@id\":\"https:\/\/www.prossergy.com\/en\/#organization\",\"name\":\"Prossergy\",\"url\":\"https:\/\/www.prossergy.com\/en\/\",\"logo\":{\"@type\":\"ImageObject\",\"inLanguage\":\"en-US\",\"@id\":\"https:\/\/www.prossergy.com\/en\/#\/schema\/logo\/image\/\",\"url\":\"https:\/\/www.prossergy.com\/wp-content\/uploads\/2025\/02\/logo-prossergy.png\",\"contentUrl\":\"https:\/\/www.prossergy.com\/wp-content\/uploads\/2025\/02\/logo-prossergy.png\",\"width\":833,\"height\":227,\"caption\":\"Prossergy\"},\"image\":{\"@id\":\"https:\/\/www.prossergy.com\/en\/#\/schema\/logo\/image\/\"}}]}<\/script>\n<!-- \/ Yoast SEO plugin. -->","yoast_head_json":{"title":"Acid gas treatment and dust removal - Prossergy","robots":{"index":"index","follow":"follow","max-snippet":"max-snippet:-1","max-image-preview":"max-image-preview:large","max-video-preview":"max-video-preview:-1"},"canonical":"https:\/\/www.prossergy.com\/en\/solutions\/depoussierage-et-traitement-des-gaz-acides\/","og_locale":"en_US","og_type":"article","og_title":"Acid gas treatment and dust removal - Prossergy","og_description":"Acid gas treatment and dust removal For the treatment of acid gases such as SOx, HCl, and HF, PROSSERGY has developed dry\/semi-dry processes, with or without recirculation and reactivation, using calcium or sodium sorbents. The addition of activated carbon or coke injection also allows for the treatment of PCDD\/F (dioxins and furans), Hg (mercury), and [&hellip;]","og_url":"https:\/\/www.prossergy.com\/en\/solutions\/depoussierage-et-traitement-des-gaz-acides\/","og_site_name":"Prossergy","article_modified_time":"2025-02-04T09:06:06+00:00","og_image":[{"width":600,"height":400,"url":"https:\/\/www.prossergy.com\/wp-content\/uploads\/2025\/01\/pollution-concept-factory-emisions.jpg","type":"image\/jpeg"}],"twitter_card":"summary_large_image","twitter_misc":{"Est. reading time":"3 minutes"},"schema":{"@context":"https:\/\/schema.org","@graph":[{"@type":"WebPage","@id":"https:\/\/www.prossergy.com\/en\/solutions\/depoussierage-et-traitement-des-gaz-acides\/","url":"https:\/\/www.prossergy.com\/en\/solutions\/depoussierage-et-traitement-des-gaz-acides\/","name":"Acid gas treatment and dust removal - Prossergy","isPartOf":{"@id":"https:\/\/www.prossergy.com\/en\/#website"},"primaryImageOfPage":{"@id":"https:\/\/www.prossergy.com\/en\/solutions\/depoussierage-et-traitement-des-gaz-acides\/#primaryimage"},"image":{"@id":"https:\/\/www.prossergy.com\/en\/solutions\/depoussierage-et-traitement-des-gaz-acides\/#primaryimage"},"thumbnailUrl":"https:\/\/www.prossergy.com\/wp-content\/uploads\/2025\/01\/pollution-concept-factory-emisions.jpg","datePublished":"2025-01-28T15:40:00+00:00","dateModified":"2025-02-04T09:06:06+00:00","breadcrumb":{"@id":"https:\/\/www.prossergy.com\/en\/solutions\/depoussierage-et-traitement-des-gaz-acides\/#breadcrumb"},"inLanguage":"en-US","potentialAction":[{"@type":"ReadAction","target":["https:\/\/www.prossergy.com\/en\/solutions\/depoussierage-et-traitement-des-gaz-acides\/"]}]},{"@type":"ImageObject","inLanguage":"en-US","@id":"https:\/\/www.prossergy.com\/en\/solutions\/depoussierage-et-traitement-des-gaz-acides\/#primaryimage","url":"https:\/\/www.prossergy.com\/wp-content\/uploads\/2025\/01\/pollution-concept-factory-emisions.jpg","contentUrl":"https:\/\/www.prossergy.com\/wp-content\/uploads\/2025\/01\/pollution-concept-factory-emisions.jpg"},{"@type":"BreadcrumbList","@id":"https:\/\/www.prossergy.com\/en\/solutions\/depoussierage-et-traitement-des-gaz-acides\/#breadcrumb","itemListElement":[{"@type":"ListItem","position":1,"name":"Accueil","item":"https:\/\/www.prossergy.com\/en\/"},{"@type":"ListItem","position":2,"name":"Solutions","item":"https:\/\/www.prossergy.com\/en\/solutions\/"},{"@type":"ListItem","position":3,"name":"Acid gas treatment and dust removal"}]},{"@type":"WebSite","@id":"https:\/\/www.prossergy.com\/en\/#website","url":"https:\/\/www.prossergy.com\/en\/","name":"Prossergy","description":"Des proc\u00e9d\u00e9s pour l&#039;\u00e9nergie","publisher":{"@id":"https:\/\/www.prossergy.com\/en\/#organization"},"potentialAction":[{"@type":"SearchAction","target":{"@type":"EntryPoint","urlTemplate":"https:\/\/www.prossergy.com\/en\/?s={search_term_string}"},"query-input":{"@type":"PropertyValueSpecification","valueRequired":true,"valueName":"search_term_string"}}],"inLanguage":"en-US"},{"@type":"Organization","@id":"https:\/\/www.prossergy.com\/en\/#organization","name":"Prossergy","url":"https:\/\/www.prossergy.com\/en\/","logo":{"@type":"ImageObject","inLanguage":"en-US","@id":"https:\/\/www.prossergy.com\/en\/#\/schema\/logo\/image\/","url":"https:\/\/www.prossergy.com\/wp-content\/uploads\/2025\/02\/logo-prossergy.png","contentUrl":"https:\/\/www.prossergy.com\/wp-content\/uploads\/2025\/02\/logo-prossergy.png","width":833,"height":227,"caption":"Prossergy"},"image":{"@id":"https:\/\/www.prossergy.com\/en\/#\/schema\/logo\/image\/"}}]}},"_links":{"self":[{"href":"https:\/\/www.prossergy.com\/en\/wp-json\/wp\/v2\/pages\/712","targetHints":{"allow":["GET"]}}],"collection":[{"href":"https:\/\/www.prossergy.com\/en\/wp-json\/wp\/v2\/pages"}],"about":[{"href":"https:\/\/www.prossergy.com\/en\/wp-json\/wp\/v2\/types\/page"}],"author":[{"embeddable":true,"href":"https:\/\/www.prossergy.com\/en\/wp-json\/wp\/v2\/users\/1"}],"replies":[{"embeddable":true,"href":"https:\/\/www.prossergy.com\/en\/wp-json\/wp\/v2\/comments?post=712"}],"version-history":[{"count":21,"href":"https:\/\/www.prossergy.com\/en\/wp-json\/wp\/v2\/pages\/712\/revisions"}],"predecessor-version":[{"id":952,"href":"https:\/\/www.prossergy.com\/en\/wp-json\/wp\/v2\/pages\/712\/revisions\/952"}],"up":[{"embeddable":true,"href":"https:\/\/www.prossergy.com\/en\/wp-json\/wp\/v2\/pages\/708"}],"wp:attachment":[{"href":"https:\/\/www.prossergy.com\/en\/wp-json\/wp\/v2\/media?parent=712"}],"curies":[{"name":"wp","href":"https:\/\/api.w.org\/{rel}","templated":true}]}}