{"id":736,"date":"2025-01-28T15:40:39","date_gmt":"2025-01-28T15:40:39","guid":{"rendered":"https:\/\/www.prossergy.com\/\/?page_id=736"},"modified":"2025-01-30T15:06:03","modified_gmt":"2025-01-30T15:06:03","slug":"storage-and-handling-of-chemical-products","status":"publish","type":"page","link":"https:\/\/www.prossergy.com\/en\/solutions\/storage-and-handling-of-chemical-products\/","title":{"rendered":"Storage and Handling of Chemical Products"},"content":{"rendered":"\t\t<div data-elementor-type=\"wp-page\" data-elementor-id=\"736\" class=\"elementor elementor-736 elementor-183\" data-elementor-post-type=\"page\">\n\t\t\t\t<div class=\"elementor-element elementor-element-97db617 e-flex e-con-boxed e-con e-parent\" data-id=\"97db617\" data-element_type=\"container\">\n\t\t\t\t\t<div class=\"e-con-inner\">\n\t\t<div class=\"elementor-element elementor-element-8110016 e-con-full e-flex e-con e-child\" data-id=\"8110016\" data-element_type=\"container\">\n\t\t\t\t<div class=\"elementor-element elementor-element-3a326e5 title-pseudo center elementor-widget elementor-widget-heading\" data-id=\"3a326e5\" data-element_type=\"widget\" data-widget_type=\"heading.default\">\n\t\t\t\t<div class=\"elementor-widget-container\">\n\t\t\t\t\t<h1 class=\"elementor-heading-title elementor-size-default\">Storage and Handling of Chemical Products<\/h1>\t\t\t\t<\/div>\n\t\t\t\t<\/div>\n\t\t\t\t<\/div>\n\t\t\t\t\t<\/div>\n\t\t\t\t<\/div>\n\t\t<div class=\"elementor-element elementor-element-7868ed0 e-flex e-con-boxed e-con e-parent\" data-id=\"7868ed0\" data-element_type=\"container\">\n\t\t\t\t\t<div class=\"e-con-inner\">\n\t\t<div class=\"elementor-element elementor-element-cc123ae e-con-full e-flex e-con e-child\" data-id=\"cc123ae\" data-element_type=\"container\">\n\t\t\t\t<div class=\"elementor-element elementor-element-72e3078 elementor-widget elementor-widget-image\" data-id=\"72e3078\" data-element_type=\"widget\" data-widget_type=\"image.default\">\n\t\t\t\t<div class=\"elementor-widget-container\">\n\t\t\t\t\t\t\t\t\t\t\t\t\t\t\t<img fetchpriority=\"high\" decoding=\"async\" width=\"640\" height=\"427\" src=\"https:\/\/www.prossergy.com\/wp-content\/uploads\/2025\/01\/AdobeStock_561831575.jpg\" class=\"attachment-large size-large wp-image-525\" alt=\"\" srcset=\"https:\/\/www.prossergy.com\/wp-content\/uploads\/2025\/01\/AdobeStock_561831575.jpg 700w, https:\/\/www.prossergy.com\/wp-content\/uploads\/2025\/01\/AdobeStock_561831575-300x200.jpg 300w\" sizes=\"(max-width: 640px) 100vw, 640px\" \/>\t\t\t\t\t\t\t\t\t\t\t\t\t\t\t<\/div>\n\t\t\t\t<\/div>\n\t\t\t\t<\/div>\n\t\t<div class=\"elementor-element elementor-element-508623d e-con-full e-flex e-con e-child\" data-id=\"508623d\" data-element_type=\"container\">\n\t\t\t\t<div class=\"elementor-element elementor-element-91a7676 elementor-widget elementor-widget-text-editor\" data-id=\"91a7676\" data-element_type=\"widget\" data-widget_type=\"text-editor.default\">\n\t\t\t\t<div class=\"elementor-widget-container\">\n\t\t\t\t\t\t\t\t\t<p><strong>PROSSERGY offers turnkey storage and handling units for liquid chemical products, suitable for all types of industrial applications:<\/strong><\/p><ul><li>Urea \/ AdBlue<\/li><li>Production of liquid solutions from solid urea<\/li><li>Ammonia water<\/li><li>Hydrocarbons \/ lubricants<\/li><li>Adjuvants \/ additives<\/li><\/ul>\t\t\t\t\t\t\t\t<\/div>\n\t\t\t\t<\/div>\n\t\t\t\t<\/div>\n\t\t\t\t\t<\/div>\n\t\t\t\t<\/div>\n\t\t\t\t<\/div>\n\t\t","protected":false},"excerpt":{"rendered":"<p>Storage and Handling of Chemical Products PROSSERGY offers turnkey storage and handling units for liquid chemical products, suitable for all types of industrial applications: Urea \/ AdBlue Production of liquid solutions from solid urea Ammonia water Hydrocarbons \/ lubricants Adjuvants \/ additives<\/p>\n","protected":false},"author":1,"featured_media":0,"parent":708,"menu_order":0,"comment_status":"closed","ping_status":"closed","template":"","meta":{"_acf_changed":false,"footnotes":""},"class_list":["post-736","page","type-page","status-publish","hentry"],"acf":[],"yoast_head":"<!-- This site is optimized with the Yoast SEO plugin v26.0 - https:\/\/yoast.com\/wordpress\/plugins\/seo\/ -->\n<title>Storage and Handling of Chemical Products - Prossergy<\/title>\n<meta name=\"robots\" content=\"index, follow, max-snippet:-1, max-image-preview:large, max-video-preview:-1\" \/>\n<link rel=\"canonical\" href=\"https:\/\/www.prossergy.com\/en\/solutions\/storage-and-handling-of-chemical-products\/\" \/>\n<meta property=\"og:locale\" content=\"en_US\" \/>\n<meta property=\"og:type\" content=\"article\" \/>\n<meta property=\"og:title\" content=\"Storage and Handling of Chemical Products - Prossergy\" \/>\n<meta property=\"og:description\" content=\"Storage and Handling of Chemical Products PROSSERGY offers turnkey storage and handling units for liquid chemical products, suitable for all types of industrial applications: Urea \/ AdBlue Production of liquid solutions from solid urea Ammonia water Hydrocarbons \/ lubricants Adjuvants \/ additives\" \/>\n<meta property=\"og:url\" content=\"https:\/\/www.prossergy.com\/en\/solutions\/storage-and-handling-of-chemical-products\/\" \/>\n<meta property=\"og:site_name\" content=\"Prossergy\" \/>\n<meta property=\"article:modified_time\" content=\"2025-01-30T15:06:03+00:00\" \/>\n<meta property=\"og:image\" content=\"https:\/\/www.prossergy.com\/\/wp-content\/uploads\/2025\/01\/AdobeStock_561831575.jpg\" \/>\n<meta name=\"twitter:card\" content=\"summary_large_image\" \/>\n<meta name=\"twitter:label1\" content=\"Est. reading time\" \/>\n\t<meta name=\"twitter:data1\" content=\"1 minute\" \/>\n<script type=\"application\/ld+json\" class=\"yoast-schema-graph\">{\"@context\":\"https:\/\/schema.org\",\"@graph\":[{\"@type\":\"WebPage\",\"@id\":\"https:\/\/www.prossergy.com\/en\/solutions\/storage-and-handling-of-chemical-products\/\",\"url\":\"https:\/\/www.prossergy.com\/en\/solutions\/storage-and-handling-of-chemical-products\/\",\"name\":\"Storage and Handling of Chemical Products - Prossergy\",\"isPartOf\":{\"@id\":\"https:\/\/www.prossergy.com\/en\/#website\"},\"primaryImageOfPage\":{\"@id\":\"https:\/\/www.prossergy.com\/en\/solutions\/storage-and-handling-of-chemical-products\/#primaryimage\"},\"image\":{\"@id\":\"https:\/\/www.prossergy.com\/en\/solutions\/storage-and-handling-of-chemical-products\/#primaryimage\"},\"thumbnailUrl\":\"https:\/\/www.prossergy.com\/\/wp-content\/uploads\/2025\/01\/AdobeStock_561831575.jpg\",\"datePublished\":\"2025-01-28T15:40:39+00:00\",\"dateModified\":\"2025-01-30T15:06:03+00:00\",\"breadcrumb\":{\"@id\":\"https:\/\/www.prossergy.com\/en\/solutions\/storage-and-handling-of-chemical-products\/#breadcrumb\"},\"inLanguage\":\"en-US\",\"potentialAction\":[{\"@type\":\"ReadAction\",\"target\":[\"https:\/\/www.prossergy.com\/en\/solutions\/storage-and-handling-of-chemical-products\/\"]}]},{\"@type\":\"ImageObject\",\"inLanguage\":\"en-US\",\"@id\":\"https:\/\/www.prossergy.com\/en\/solutions\/storage-and-handling-of-chemical-products\/#primaryimage\",\"url\":\"https:\/\/www.prossergy.com\/\/wp-content\/uploads\/2025\/01\/AdobeStock_561831575.jpg\",\"contentUrl\":\"https:\/\/www.prossergy.com\/\/wp-content\/uploads\/2025\/01\/AdobeStock_561831575.jpg\"},{\"@type\":\"BreadcrumbList\",\"@id\":\"https:\/\/www.prossergy.com\/en\/solutions\/storage-and-handling-of-chemical-products\/#breadcrumb\",\"itemListElement\":[{\"@type\":\"ListItem\",\"position\":1,\"name\":\"Accueil\",\"item\":\"https:\/\/www.prossergy.com\/en\/\"},{\"@type\":\"ListItem\",\"position\":2,\"name\":\"Solutions\",\"item\":\"https:\/\/www.prossergy.com\/en\/solutions\/\"},{\"@type\":\"ListItem\",\"position\":3,\"name\":\"Storage and Handling of Chemical Products\"}]},{\"@type\":\"WebSite\",\"@id\":\"https:\/\/www.prossergy.com\/en\/#website\",\"url\":\"https:\/\/www.prossergy.com\/en\/\",\"name\":\"Prossergy\",\"description\":\"Des proc\u00e9d\u00e9s pour l&#039;\u00e9nergie\",\"publisher\":{\"@id\":\"https:\/\/www.prossergy.com\/en\/#organization\"},\"potentialAction\":[{\"@type\":\"SearchAction\",\"target\":{\"@type\":\"EntryPoint\",\"urlTemplate\":\"https:\/\/www.prossergy.com\/en\/?s={search_term_string}\"},\"query-input\":{\"@type\":\"PropertyValueSpecification\",\"valueRequired\":true,\"valueName\":\"search_term_string\"}}],\"inLanguage\":\"en-US\"},{\"@type\":\"Organization\",\"@id\":\"https:\/\/www.prossergy.com\/en\/#organization\",\"name\":\"Prossergy\",\"url\":\"https:\/\/www.prossergy.com\/en\/\",\"logo\":{\"@type\":\"ImageObject\",\"inLanguage\":\"en-US\",\"@id\":\"https:\/\/www.prossergy.com\/en\/#\/schema\/logo\/image\/\",\"url\":\"https:\/\/www.prossergy.com\/wp-content\/uploads\/2025\/02\/logo-prossergy.png\",\"contentUrl\":\"https:\/\/www.prossergy.com\/wp-content\/uploads\/2025\/02\/logo-prossergy.png\",\"width\":833,\"height\":227,\"caption\":\"Prossergy\"},\"image\":{\"@id\":\"https:\/\/www.prossergy.com\/en\/#\/schema\/logo\/image\/\"}}]}<\/script>\n<!-- \/ Yoast SEO plugin. -->","yoast_head_json":{"title":"Storage and Handling of Chemical Products - Prossergy","robots":{"index":"index","follow":"follow","max-snippet":"max-snippet:-1","max-image-preview":"max-image-preview:large","max-video-preview":"max-video-preview:-1"},"canonical":"https:\/\/www.prossergy.com\/en\/solutions\/storage-and-handling-of-chemical-products\/","og_locale":"en_US","og_type":"article","og_title":"Storage and Handling of Chemical Products - Prossergy","og_description":"Storage and Handling of Chemical Products PROSSERGY offers turnkey storage and handling units for liquid chemical products, suitable for all types of industrial applications: Urea \/ AdBlue Production of liquid solutions from solid urea Ammonia water Hydrocarbons \/ lubricants Adjuvants \/ additives","og_url":"https:\/\/www.prossergy.com\/en\/solutions\/storage-and-handling-of-chemical-products\/","og_site_name":"Prossergy","article_modified_time":"2025-01-30T15:06:03+00:00","og_image":[{"url":"https:\/\/www.prossergy.com\/\/wp-content\/uploads\/2025\/01\/AdobeStock_561831575.jpg","type":"","width":"","height":""}],"twitter_card":"summary_large_image","twitter_misc":{"Est. reading time":"1 minute"},"schema":{"@context":"https:\/\/schema.org","@graph":[{"@type":"WebPage","@id":"https:\/\/www.prossergy.com\/en\/solutions\/storage-and-handling-of-chemical-products\/","url":"https:\/\/www.prossergy.com\/en\/solutions\/storage-and-handling-of-chemical-products\/","name":"Storage and Handling of Chemical Products - Prossergy","isPartOf":{"@id":"https:\/\/www.prossergy.com\/en\/#website"},"primaryImageOfPage":{"@id":"https:\/\/www.prossergy.com\/en\/solutions\/storage-and-handling-of-chemical-products\/#primaryimage"},"image":{"@id":"https:\/\/www.prossergy.com\/en\/solutions\/storage-and-handling-of-chemical-products\/#primaryimage"},"thumbnailUrl":"https:\/\/www.prossergy.com\/\/wp-content\/uploads\/2025\/01\/AdobeStock_561831575.jpg","datePublished":"2025-01-28T15:40:39+00:00","dateModified":"2025-01-30T15:06:03+00:00","breadcrumb":{"@id":"https:\/\/www.prossergy.com\/en\/solutions\/storage-and-handling-of-chemical-products\/#breadcrumb"},"inLanguage":"en-US","potentialAction":[{"@type":"ReadAction","target":["https:\/\/www.prossergy.com\/en\/solutions\/storage-and-handling-of-chemical-products\/"]}]},{"@type":"ImageObject","inLanguage":"en-US","@id":"https:\/\/www.prossergy.com\/en\/solutions\/storage-and-handling-of-chemical-products\/#primaryimage","url":"https:\/\/www.prossergy.com\/\/wp-content\/uploads\/2025\/01\/AdobeStock_561831575.jpg","contentUrl":"https:\/\/www.prossergy.com\/\/wp-content\/uploads\/2025\/01\/AdobeStock_561831575.jpg"},{"@type":"BreadcrumbList","@id":"https:\/\/www.prossergy.com\/en\/solutions\/storage-and-handling-of-chemical-products\/#breadcrumb","itemListElement":[{"@type":"ListItem","position":1,"name":"Accueil","item":"https:\/\/www.prossergy.com\/en\/"},{"@type":"ListItem","position":2,"name":"Solutions","item":"https:\/\/www.prossergy.com\/en\/solutions\/"},{"@type":"ListItem","position":3,"name":"Storage and Handling of Chemical Products"}]},{"@type":"WebSite","@id":"https:\/\/www.prossergy.com\/en\/#website","url":"https:\/\/www.prossergy.com\/en\/","name":"Prossergy","description":"Des proc\u00e9d\u00e9s pour l&#039;\u00e9nergie","publisher":{"@id":"https:\/\/www.prossergy.com\/en\/#organization"},"potentialAction":[{"@type":"SearchAction","target":{"@type":"EntryPoint","urlTemplate":"https:\/\/www.prossergy.com\/en\/?s={search_term_string}"},"query-input":{"@type":"PropertyValueSpecification","valueRequired":true,"valueName":"search_term_string"}}],"inLanguage":"en-US"},{"@type":"Organization","@id":"https:\/\/www.prossergy.com\/en\/#organization","name":"Prossergy","url":"https:\/\/www.prossergy.com\/en\/","logo":{"@type":"ImageObject","inLanguage":"en-US","@id":"https:\/\/www.prossergy.com\/en\/#\/schema\/logo\/image\/","url":"https:\/\/www.prossergy.com\/wp-content\/uploads\/2025\/02\/logo-prossergy.png","contentUrl":"https:\/\/www.prossergy.com\/wp-content\/uploads\/2025\/02\/logo-prossergy.png","width":833,"height":227,"caption":"Prossergy"},"image":{"@id":"https:\/\/www.prossergy.com\/en\/#\/schema\/logo\/image\/"}}]}},"_links":{"self":[{"href":"https:\/\/www.prossergy.com\/en\/wp-json\/wp\/v2\/pages\/736","targetHints":{"allow":["GET"]}}],"collection":[{"href":"https:\/\/www.prossergy.com\/en\/wp-json\/wp\/v2\/pages"}],"about":[{"href":"https:\/\/www.prossergy.com\/en\/wp-json\/wp\/v2\/types\/page"}],"author":[{"embeddable":true,"href":"https:\/\/www.prossergy.com\/en\/wp-json\/wp\/v2\/users\/1"}],"replies":[{"embeddable":true,"href":"https:\/\/www.prossergy.com\/en\/wp-json\/wp\/v2\/comments?post=736"}],"version-history":[{"count":4,"href":"https:\/\/www.prossergy.com\/en\/wp-json\/wp\/v2\/pages\/736\/revisions"}],"predecessor-version":[{"id":744,"href":"https:\/\/www.prossergy.com\/en\/wp-json\/wp\/v2\/pages\/736\/revisions\/744"}],"up":[{"embeddable":true,"href":"https:\/\/www.prossergy.com\/en\/wp-json\/wp\/v2\/pages\/708"}],"wp:attachment":[{"href":"https:\/\/www.prossergy.com\/en\/wp-json\/wp\/v2\/media?parent=736"}],"curies":[{"name":"wp","href":"https:\/\/api.w.org\/{rel}","templated":true}]}}