{"id":795,"date":"2025-01-28T15:40:11","date_gmt":"2025-01-28T15:40:11","guid":{"rendered":"https:\/\/www.prossergy.com\/\/?page_id=795"},"modified":"2025-02-03T15:05:31","modified_gmt":"2025-02-03T15:05:31","slug":"very-high-efficiency-catalytic-treatment","status":"publish","type":"page","link":"https:\/\/www.prossergy.com\/en\/solutions\/very-high-efficiency-catalytic-treatment\/","title":{"rendered":"Very high efficiency catalytic treatment"},"content":{"rendered":"\t\t<div data-elementor-type=\"wp-page\" data-elementor-id=\"795\" class=\"elementor elementor-795 elementor-179\" data-elementor-post-type=\"page\">\n\t\t\t\t<div class=\"elementor-element elementor-element-5576e6c e-flex e-con-boxed e-con e-parent\" data-id=\"5576e6c\" data-element_type=\"container\">\n\t\t\t\t\t<div class=\"e-con-inner\">\n\t\t<div class=\"elementor-element elementor-element-291148b e-con-full e-flex e-con e-child\" data-id=\"291148b\" data-element_type=\"container\">\n\t\t\t\t<div class=\"elementor-element elementor-element-9eaee9c title-pseudo center elementor-widget elementor-widget-heading\" data-id=\"9eaee9c\" data-element_type=\"widget\" data-widget_type=\"heading.default\">\n\t\t\t\t<div class=\"elementor-widget-container\">\n\t\t\t\t\t<h1 class=\"elementor-heading-title elementor-size-default\">Very high efficiency catalytic treatment<\/h1>\t\t\t\t<\/div>\n\t\t\t\t<\/div>\n\t\t\t\t<div class=\"elementor-element elementor-element-0222e96 mb-0 elementor-widget elementor-widget-text-editor\" data-id=\"0222e96\" data-element_type=\"widget\" data-widget_type=\"text-editor.default\">\n\t\t\t\t<div class=\"elementor-widget-container\">\n\t\t\t\t\t\t\t\t\t<strong>PROSSERGY offers high-efficiency catalytic gas treatment processes,<br> custom-designed for  clients&#8217; applications.<\/strong>\t\t\t\t\t\t\t\t<\/div>\n\t\t\t\t<\/div>\n\t\t\t\t<\/div>\n\t\t\t\t\t<\/div>\n\t\t\t\t<\/div>\n\t\t<div class=\"elementor-element elementor-element-448b010 e-flex e-con-boxed e-con e-parent\" data-id=\"448b010\" data-element_type=\"container\">\n\t\t\t\t\t<div class=\"e-con-inner\">\n\t\t<div class=\"elementor-element elementor-element-eaa3f77 e-con-full e-flex e-con e-child\" data-id=\"eaa3f77\" data-element_type=\"container\">\n\t\t\t\t<div class=\"elementor-element elementor-element-e4f796d elementor-pagination-position-outside elementor-widget elementor-widget-image-carousel\" data-id=\"e4f796d\" data-element_type=\"widget\" data-settings=\"{&quot;slides_to_show&quot;:&quot;1&quot;,&quot;navigation&quot;:&quot;dots&quot;,&quot;autoplay&quot;:&quot;yes&quot;,&quot;pause_on_hover&quot;:&quot;yes&quot;,&quot;pause_on_interaction&quot;:&quot;yes&quot;,&quot;autoplay_speed&quot;:5000,&quot;infinite&quot;:&quot;yes&quot;,&quot;effect&quot;:&quot;slide&quot;,&quot;speed&quot;:500}\" data-widget_type=\"image-carousel.default\">\n\t\t\t\t<div class=\"elementor-widget-container\">\n\t\t\t\t\t\t\t<div class=\"elementor-image-carousel-wrapper swiper\" role=\"region\" aria-roledescription=\"carousel\" aria-label=\"Carrousel d\u2019images\" dir=\"ltr\">\n\t\t\t<div class=\"elementor-image-carousel swiper-wrapper swiper-image-stretch\" aria-live=\"off\">\n\t\t\t\t\t\t\t\t<div class=\"swiper-slide\" role=\"group\" aria-roledescription=\"slide\" aria-label=\"1 of 2\"><figure class=\"swiper-slide-inner\"><img decoding=\"async\" class=\"swiper-slide-image\" src=\"https:\/\/www.prossergy.com\/wp-content\/uploads\/2025\/01\/Img_Cata-1.jpg\" alt=\"Img_Cata\" \/><\/figure><\/div><div class=\"swiper-slide\" role=\"group\" aria-roledescription=\"slide\" aria-label=\"2 of 2\"><figure class=\"swiper-slide-inner\"><img decoding=\"async\" class=\"swiper-slide-image\" src=\"https:\/\/www.prossergy.com\/wp-content\/uploads\/2025\/01\/Img_Cata_2.jpg\" alt=\"Img_Cata_2\" \/><\/figure><\/div>\t\t\t<\/div>\n\t\t\t\t\t\t\t\n\t\t\t\t\t\t\t\t\t<div class=\"swiper-pagination\"><\/div>\n\t\t\t\t\t\t\t\t\t<\/div>\n\t\t\t\t\t\t<\/div>\n\t\t\t\t<\/div>\n\t\t\t\t<\/div>\n\t\t<div class=\"elementor-element elementor-element-87941ac e-con-full e-flex e-con e-child\" data-id=\"87941ac\" data-element_type=\"container\">\n\t\t\t\t<div class=\"elementor-element elementor-element-e3e0ecd elementor-widget elementor-widget-text-editor\" data-id=\"e3e0ecd\" data-element_type=\"widget\" data-widget_type=\"text-editor.default\">\n\t\t\t\t<div class=\"elementor-widget-container\">\n\t\t\t\t\t\t\t\t\tThe removal of compounds is achieved by passing the effluent through a catalyst. This activates the decomposition of pollutants at low temperatures, enabling high and sustainable abatement levels.\n\n<strong>Advantages of the catalytic process:<\/strong>\n<ul>\n \t<li>Custom design tailored to the installation being treated.<\/li>\n \t<li>High and stable performance (up to 99% or more).<\/li>\n \t<li>No formation of secondary effluents requiring additional treatment.<\/li>\n \t<li>Capability to treat a wide range of pollutants.<\/li>\n<\/ul>\n<strong>Two types of supports are available:<\/strong>\n<ul>\n \t<li>Pellets: Compact size, excellent Performance\/Temperature compromise.<\/li>\n \t<li>Monolith: Low pressure drop, dust resistance<\/li>\n<\/ul>\t\t\t\t\t\t\t\t<\/div>\n\t\t\t\t<\/div>\n\t\t\t\t<\/div>\n\t\t\t\t\t<\/div>\n\t\t\t\t<\/div>\n\t\t<div class=\"elementor-element elementor-element-02c2873 section-blue e-flex e-con-boxed e-con e-parent\" data-id=\"02c2873\" data-element_type=\"container\">\n\t\t\t\t\t<div class=\"e-con-inner\">\n\t\t<div class=\"elementor-element elementor-element-391d296 e-con-full e-flex e-con e-child\" data-id=\"391d296\" data-element_type=\"container\">\n\t\t\t\t<div class=\"elementor-element elementor-element-c49f81a elementor-widget elementor-widget-text-editor\" data-id=\"c49f81a\" data-element_type=\"widget\" data-widget_type=\"text-editor.default\">\n\t\t\t\t<div class=\"elementor-widget-container\">\n\t\t\t\t\t\t\t\t\t<strong>Particularly suited for processes in the chemical and gas treatment sectors with highly concentrated streams, the solutions also allow for multi-gas treatment:<\/strong>\n<ul>\n \t<li>NOx<\/li>\n \t<li>N2O<\/li>\n \t<li>VOCs<\/li>\n \t<li>NH3<\/li>\n \t<li>CO<\/li>\n \t<li>H2<\/li>\n \t<li>Dioxins<\/li>\n \t<li>\u2026 etc.<\/li>\n<\/ul>\nSpecific catalyst formulations can be developed to address the most complex issues.\t\t\t\t\t\t\t\t<\/div>\n\t\t\t\t<\/div>\n\t\t\t\t<\/div>\n\t\t<div class=\"elementor-element elementor-element-4052f2f e-con-full e-flex e-con e-child\" data-id=\"4052f2f\" data-element_type=\"container\">\n\t\t\t\t<div class=\"elementor-element elementor-element-c5af466 elementor-widget elementor-widget-image\" data-id=\"c5af466\" data-element_type=\"widget\" data-widget_type=\"image.default\">\n\t\t\t\t<div class=\"elementor-widget-container\">\n\t\t\t\t\t\t\t\t\t\t\t\t\t\t\t<img fetchpriority=\"high\" decoding=\"async\" width=\"640\" height=\"426\" src=\"https:\/\/www.prossergy.com\/wp-content\/uploads\/2025\/01\/white-powder-moving-conveyor-belt-food-processing-plant-1.jpg\" class=\"attachment-large size-large wp-image-781\" alt=\"\" srcset=\"https:\/\/www.prossergy.com\/wp-content\/uploads\/2025\/01\/white-powder-moving-conveyor-belt-food-processing-plant-1.jpg 800w, https:\/\/www.prossergy.com\/wp-content\/uploads\/2025\/01\/white-powder-moving-conveyor-belt-food-processing-plant-1-300x200.jpg 300w, https:\/\/www.prossergy.com\/wp-content\/uploads\/2025\/01\/white-powder-moving-conveyor-belt-food-processing-plant-1-768x512.jpg 768w\" sizes=\"(max-width: 640px) 100vw, 640px\" \/>\t\t\t\t\t\t\t\t\t\t\t\t\t\t\t<\/div>\n\t\t\t\t<\/div>\n\t\t\t\t<\/div>\n\t\t\t\t\t<\/div>\n\t\t\t\t<\/div>\n\t\t<div class=\"elementor-element elementor-element-3b8123e e-flex e-con-boxed e-con e-parent\" data-id=\"3b8123e\" data-element_type=\"container\">\n\t\t\t\t\t<div class=\"e-con-inner\">\n\t\t<div class=\"elementor-element elementor-element-7b843f4 e-con-full e-flex e-con e-child\" data-id=\"7b843f4\" data-element_type=\"container\">\n\t\t\t\t<div class=\"elementor-element elementor-element-719eb59 elementor-widget elementor-widget-image\" data-id=\"719eb59\" data-element_type=\"widget\" data-widget_type=\"image.default\">\n\t\t\t\t<div class=\"elementor-widget-container\">\n\t\t\t\t\t\t\t\t\t\t\t\t\t\t\t<img decoding=\"async\" width=\"640\" height=\"684\" src=\"https:\/\/www.prossergy.com\/wp-content\/uploads\/2025\/01\/Img_Arkema.jpg\" class=\"attachment-large size-large wp-image-776\" alt=\"\" srcset=\"https:\/\/www.prossergy.com\/wp-content\/uploads\/2025\/01\/Img_Arkema.jpg 765w, https:\/\/www.prossergy.com\/wp-content\/uploads\/2025\/01\/Img_Arkema-281x300.jpg 281w\" sizes=\"(max-width: 640px) 100vw, 640px\" \/>\t\t\t\t\t\t\t\t\t\t\t\t\t\t\t<\/div>\n\t\t\t\t<\/div>\n\t\t\t\t<\/div>\n\t\t<div class=\"elementor-element elementor-element-a530f5d e-con-full e-flex e-con e-child\" data-id=\"a530f5d\" data-element_type=\"container\">\n\t\t\t\t<div class=\"elementor-element elementor-element-9cb5fe1 elementor-widget elementor-widget-text-editor\" data-id=\"9cb5fe1\" data-element_type=\"widget\" data-widget_type=\"text-editor.default\">\n\t\t\t\t<div class=\"elementor-widget-container\">\n\t\t\t\t\t\t\t\t\t<strong>Catalytic processes require specialized design for implementation. PROSSERGY, thanks to many years of experience and know-how, will carry out with sucess your projects by designing high-performance and reliable units:<\/strong>\n<ul>\n \t<li>Multi-stage reactors.<\/li>\n \t<li>Heating systems to maintain the optimal reaction temperature.<\/li>\n \t<li>One or more heat exchangers to minimize energy consumption and, in some cases, recover produced energy.<\/li>\n \t<li>Control systems to ensure the reaction temperature within the optimal range.<\/li>\n \t<li>Reagent injection if necessary.<\/li>\n \t<li>Optimized aerodynamics and mixing, CFD studies.<\/li>\n \t<li>Optimized energy consumptions.<\/li>\n<\/ul>\t\t\t\t\t\t\t\t<\/div>\n\t\t\t\t<\/div>\n\t\t\t\t<\/div>\n\t\t\t\t\t<\/div>\n\t\t\t\t<\/div>\n\t\t\t\t<\/div>\n\t\t","protected":false},"excerpt":{"rendered":"<p>Very high efficiency catalytic treatment PROSSERGY offers high-efficiency catalytic gas treatment processes, custom-designed for clients&#8217; applications. The removal of compounds is achieved by passing the effluent through a catalyst. This activates the decomposition of pollutants at low temperatures, enabling high and sustainable abatement levels. Advantages of the catalytic process: Custom design tailored to the installation [&hellip;]<\/p>\n","protected":false},"author":1,"featured_media":0,"parent":708,"menu_order":0,"comment_status":"closed","ping_status":"closed","template":"","meta":{"_acf_changed":false,"footnotes":""},"class_list":["post-795","page","type-page","status-publish","hentry"],"acf":[],"yoast_head":"<!-- This site is optimized with the Yoast SEO plugin v26.0 - https:\/\/yoast.com\/wordpress\/plugins\/seo\/ -->\n<title>Very high efficiency catalytic treatment - Prossergy<\/title>\n<meta name=\"robots\" content=\"index, follow, max-snippet:-1, max-image-preview:large, max-video-preview:-1\" \/>\n<link rel=\"canonical\" href=\"https:\/\/www.prossergy.com\/en\/solutions\/very-high-efficiency-catalytic-treatment\/\" \/>\n<meta property=\"og:locale\" content=\"en_US\" \/>\n<meta property=\"og:type\" content=\"article\" \/>\n<meta property=\"og:title\" content=\"Very high efficiency catalytic treatment - Prossergy\" \/>\n<meta property=\"og:description\" content=\"Very high efficiency catalytic treatment PROSSERGY offers high-efficiency catalytic gas treatment processes, custom-designed for clients&#8217; applications. The removal of compounds is achieved by passing the effluent through a catalyst. This activates the decomposition of pollutants at low temperatures, enabling high and sustainable abatement levels. Advantages of the catalytic process: Custom design tailored to the installation [&hellip;]\" \/>\n<meta property=\"og:url\" content=\"https:\/\/www.prossergy.com\/en\/solutions\/very-high-efficiency-catalytic-treatment\/\" \/>\n<meta property=\"og:site_name\" content=\"Prossergy\" \/>\n<meta property=\"article:modified_time\" content=\"2025-02-03T15:05:31+00:00\" \/>\n<meta property=\"og:image\" content=\"https:\/\/www.prossergy.com\/wp-content\/uploads\/2025\/01\/Img_Cata-1.jpg\" \/>\n<meta name=\"twitter:card\" content=\"summary_large_image\" \/>\n<meta name=\"twitter:label1\" content=\"Est. reading time\" \/>\n\t<meta name=\"twitter:data1\" content=\"3 minutes\" \/>\n<script type=\"application\/ld+json\" class=\"yoast-schema-graph\">{\"@context\":\"https:\/\/schema.org\",\"@graph\":[{\"@type\":\"WebPage\",\"@id\":\"https:\/\/www.prossergy.com\/en\/solutions\/very-high-efficiency-catalytic-treatment\/\",\"url\":\"https:\/\/www.prossergy.com\/en\/solutions\/very-high-efficiency-catalytic-treatment\/\",\"name\":\"Very high efficiency catalytic treatment - Prossergy\",\"isPartOf\":{\"@id\":\"https:\/\/www.prossergy.com\/en\/#website\"},\"primaryImageOfPage\":{\"@id\":\"https:\/\/www.prossergy.com\/en\/solutions\/very-high-efficiency-catalytic-treatment\/#primaryimage\"},\"image\":{\"@id\":\"https:\/\/www.prossergy.com\/en\/solutions\/very-high-efficiency-catalytic-treatment\/#primaryimage\"},\"thumbnailUrl\":\"https:\/\/www.prossergy.com\/wp-content\/uploads\/2025\/01\/Img_Cata-1.jpg\",\"datePublished\":\"2025-01-28T15:40:11+00:00\",\"dateModified\":\"2025-02-03T15:05:31+00:00\",\"breadcrumb\":{\"@id\":\"https:\/\/www.prossergy.com\/en\/solutions\/very-high-efficiency-catalytic-treatment\/#breadcrumb\"},\"inLanguage\":\"en-US\",\"potentialAction\":[{\"@type\":\"ReadAction\",\"target\":[\"https:\/\/www.prossergy.com\/en\/solutions\/very-high-efficiency-catalytic-treatment\/\"]}]},{\"@type\":\"ImageObject\",\"inLanguage\":\"en-US\",\"@id\":\"https:\/\/www.prossergy.com\/en\/solutions\/very-high-efficiency-catalytic-treatment\/#primaryimage\",\"url\":\"https:\/\/www.prossergy.com\/wp-content\/uploads\/2025\/01\/Img_Cata-1.jpg\",\"contentUrl\":\"https:\/\/www.prossergy.com\/wp-content\/uploads\/2025\/01\/Img_Cata-1.jpg\"},{\"@type\":\"BreadcrumbList\",\"@id\":\"https:\/\/www.prossergy.com\/en\/solutions\/very-high-efficiency-catalytic-treatment\/#breadcrumb\",\"itemListElement\":[{\"@type\":\"ListItem\",\"position\":1,\"name\":\"Accueil\",\"item\":\"https:\/\/www.prossergy.com\/en\/\"},{\"@type\":\"ListItem\",\"position\":2,\"name\":\"Solutions\",\"item\":\"https:\/\/www.prossergy.com\/en\/solutions\/\"},{\"@type\":\"ListItem\",\"position\":3,\"name\":\"Very high efficiency catalytic treatment\"}]},{\"@type\":\"WebSite\",\"@id\":\"https:\/\/www.prossergy.com\/en\/#website\",\"url\":\"https:\/\/www.prossergy.com\/en\/\",\"name\":\"Prossergy\",\"description\":\"Des proc\u00e9d\u00e9s pour l&#039;\u00e9nergie\",\"publisher\":{\"@id\":\"https:\/\/www.prossergy.com\/en\/#organization\"},\"potentialAction\":[{\"@type\":\"SearchAction\",\"target\":{\"@type\":\"EntryPoint\",\"urlTemplate\":\"https:\/\/www.prossergy.com\/en\/?s={search_term_string}\"},\"query-input\":{\"@type\":\"PropertyValueSpecification\",\"valueRequired\":true,\"valueName\":\"search_term_string\"}}],\"inLanguage\":\"en-US\"},{\"@type\":\"Organization\",\"@id\":\"https:\/\/www.prossergy.com\/en\/#organization\",\"name\":\"Prossergy\",\"url\":\"https:\/\/www.prossergy.com\/en\/\",\"logo\":{\"@type\":\"ImageObject\",\"inLanguage\":\"en-US\",\"@id\":\"https:\/\/www.prossergy.com\/en\/#\/schema\/logo\/image\/\",\"url\":\"https:\/\/www.prossergy.com\/wp-content\/uploads\/2025\/02\/logo-prossergy.png\",\"contentUrl\":\"https:\/\/www.prossergy.com\/wp-content\/uploads\/2025\/02\/logo-prossergy.png\",\"width\":833,\"height\":227,\"caption\":\"Prossergy\"},\"image\":{\"@id\":\"https:\/\/www.prossergy.com\/en\/#\/schema\/logo\/image\/\"}}]}<\/script>\n<!-- \/ Yoast SEO plugin. -->","yoast_head_json":{"title":"Very high efficiency catalytic treatment - Prossergy","robots":{"index":"index","follow":"follow","max-snippet":"max-snippet:-1","max-image-preview":"max-image-preview:large","max-video-preview":"max-video-preview:-1"},"canonical":"https:\/\/www.prossergy.com\/en\/solutions\/very-high-efficiency-catalytic-treatment\/","og_locale":"en_US","og_type":"article","og_title":"Very high efficiency catalytic treatment - Prossergy","og_description":"Very high efficiency catalytic treatment PROSSERGY offers high-efficiency catalytic gas treatment processes, custom-designed for clients&#8217; applications. The removal of compounds is achieved by passing the effluent through a catalyst. This activates the decomposition of pollutants at low temperatures, enabling high and sustainable abatement levels. Advantages of the catalytic process: Custom design tailored to the installation [&hellip;]","og_url":"https:\/\/www.prossergy.com\/en\/solutions\/very-high-efficiency-catalytic-treatment\/","og_site_name":"Prossergy","article_modified_time":"2025-02-03T15:05:31+00:00","og_image":[{"url":"https:\/\/www.prossergy.com\/wp-content\/uploads\/2025\/01\/Img_Cata-1.jpg","type":"","width":"","height":""}],"twitter_card":"summary_large_image","twitter_misc":{"Est. reading time":"3 minutes"},"schema":{"@context":"https:\/\/schema.org","@graph":[{"@type":"WebPage","@id":"https:\/\/www.prossergy.com\/en\/solutions\/very-high-efficiency-catalytic-treatment\/","url":"https:\/\/www.prossergy.com\/en\/solutions\/very-high-efficiency-catalytic-treatment\/","name":"Very high efficiency catalytic treatment - Prossergy","isPartOf":{"@id":"https:\/\/www.prossergy.com\/en\/#website"},"primaryImageOfPage":{"@id":"https:\/\/www.prossergy.com\/en\/solutions\/very-high-efficiency-catalytic-treatment\/#primaryimage"},"image":{"@id":"https:\/\/www.prossergy.com\/en\/solutions\/very-high-efficiency-catalytic-treatment\/#primaryimage"},"thumbnailUrl":"https:\/\/www.prossergy.com\/wp-content\/uploads\/2025\/01\/Img_Cata-1.jpg","datePublished":"2025-01-28T15:40:11+00:00","dateModified":"2025-02-03T15:05:31+00:00","breadcrumb":{"@id":"https:\/\/www.prossergy.com\/en\/solutions\/very-high-efficiency-catalytic-treatment\/#breadcrumb"},"inLanguage":"en-US","potentialAction":[{"@type":"ReadAction","target":["https:\/\/www.prossergy.com\/en\/solutions\/very-high-efficiency-catalytic-treatment\/"]}]},{"@type":"ImageObject","inLanguage":"en-US","@id":"https:\/\/www.prossergy.com\/en\/solutions\/very-high-efficiency-catalytic-treatment\/#primaryimage","url":"https:\/\/www.prossergy.com\/wp-content\/uploads\/2025\/01\/Img_Cata-1.jpg","contentUrl":"https:\/\/www.prossergy.com\/wp-content\/uploads\/2025\/01\/Img_Cata-1.jpg"},{"@type":"BreadcrumbList","@id":"https:\/\/www.prossergy.com\/en\/solutions\/very-high-efficiency-catalytic-treatment\/#breadcrumb","itemListElement":[{"@type":"ListItem","position":1,"name":"Accueil","item":"https:\/\/www.prossergy.com\/en\/"},{"@type":"ListItem","position":2,"name":"Solutions","item":"https:\/\/www.prossergy.com\/en\/solutions\/"},{"@type":"ListItem","position":3,"name":"Very high efficiency catalytic treatment"}]},{"@type":"WebSite","@id":"https:\/\/www.prossergy.com\/en\/#website","url":"https:\/\/www.prossergy.com\/en\/","name":"Prossergy","description":"Des proc\u00e9d\u00e9s pour l&#039;\u00e9nergie","publisher":{"@id":"https:\/\/www.prossergy.com\/en\/#organization"},"potentialAction":[{"@type":"SearchAction","target":{"@type":"EntryPoint","urlTemplate":"https:\/\/www.prossergy.com\/en\/?s={search_term_string}"},"query-input":{"@type":"PropertyValueSpecification","valueRequired":true,"valueName":"search_term_string"}}],"inLanguage":"en-US"},{"@type":"Organization","@id":"https:\/\/www.prossergy.com\/en\/#organization","name":"Prossergy","url":"https:\/\/www.prossergy.com\/en\/","logo":{"@type":"ImageObject","inLanguage":"en-US","@id":"https:\/\/www.prossergy.com\/en\/#\/schema\/logo\/image\/","url":"https:\/\/www.prossergy.com\/wp-content\/uploads\/2025\/02\/logo-prossergy.png","contentUrl":"https:\/\/www.prossergy.com\/wp-content\/uploads\/2025\/02\/logo-prossergy.png","width":833,"height":227,"caption":"Prossergy"},"image":{"@id":"https:\/\/www.prossergy.com\/en\/#\/schema\/logo\/image\/"}}]}},"_links":{"self":[{"href":"https:\/\/www.prossergy.com\/en\/wp-json\/wp\/v2\/pages\/795","targetHints":{"allow":["GET"]}}],"collection":[{"href":"https:\/\/www.prossergy.com\/en\/wp-json\/wp\/v2\/pages"}],"about":[{"href":"https:\/\/www.prossergy.com\/en\/wp-json\/wp\/v2\/types\/page"}],"author":[{"embeddable":true,"href":"https:\/\/www.prossergy.com\/en\/wp-json\/wp\/v2\/users\/1"}],"replies":[{"embeddable":true,"href":"https:\/\/www.prossergy.com\/en\/wp-json\/wp\/v2\/comments?post=795"}],"version-history":[{"count":16,"href":"https:\/\/www.prossergy.com\/en\/wp-json\/wp\/v2\/pages\/795\/revisions"}],"predecessor-version":[{"id":850,"href":"https:\/\/www.prossergy.com\/en\/wp-json\/wp\/v2\/pages\/795\/revisions\/850"}],"up":[{"embeddable":true,"href":"https:\/\/www.prossergy.com\/en\/wp-json\/wp\/v2\/pages\/708"}],"wp:attachment":[{"href":"https:\/\/www.prossergy.com\/en\/wp-json\/wp\/v2\/media?parent=795"}],"curies":[{"name":"wp","href":"https:\/\/api.w.org\/{rel}","templated":true}]}}