{"id":905,"date":"2025-02-03T15:59:08","date_gmt":"2025-02-03T15:59:08","guid":{"rendered":"https:\/\/www.prossergy.com\/?page_id=905"},"modified":"2025-02-04T08:48:22","modified_gmt":"2025-02-04T08:48:22","slug":"legal-notice","status":"publish","type":"page","link":"https:\/\/www.prossergy.com\/en\/legal-notice\/","title":{"rendered":"Legal Notice"},"content":{"rendered":"\t\t<div data-elementor-type=\"wp-page\" data-elementor-id=\"905\" class=\"elementor elementor-905 elementor-901\" data-elementor-post-type=\"page\">\n\t\t\t\t<div class=\"elementor-element elementor-element-88ebe8d e-flex e-con-boxed e-con e-parent\" data-id=\"88ebe8d\" data-element_type=\"container\">\n\t\t\t\t\t<div class=\"e-con-inner\">\n\t\t<div class=\"elementor-element elementor-element-f07356e e-con-full e-flex e-con e-child\" data-id=\"f07356e\" data-element_type=\"container\">\n\t\t\t\t<div class=\"elementor-element elementor-element-66373a3 title-pseudo center elementor-widget elementor-widget-heading\" data-id=\"66373a3\" data-element_type=\"widget\" data-widget_type=\"heading.default\">\n\t\t\t\t<div class=\"elementor-widget-container\">\n\t\t\t\t\t<h1 class=\"elementor-heading-title elementor-size-default\">Mentions l\u00e9gales<\/h1>\t\t\t\t<\/div>\n\t\t\t\t<\/div>\n\t\t\t\t<\/div>\n\t\t\t\t\t<\/div>\n\t\t\t\t<\/div>\n\t\t<div class=\"elementor-element elementor-element-e73e3f8 e-flex e-con-boxed e-con e-parent\" data-id=\"e73e3f8\" data-element_type=\"container\">\n\t\t\t\t\t<div class=\"e-con-inner\">\n\t\t\t\t<div class=\"elementor-element elementor-element-ed401c9 elementor-widget elementor-widget-text-editor\" data-id=\"ed401c9\" data-element_type=\"widget\" data-widget_type=\"text-editor.default\">\n\t\t\t\t<div class=\"elementor-widget-container\">\n\t\t\t\t\t\t\t\t\t<div class=\"title-blue\"><h2>Site \u00e9dit\u00e9 par Ekypia pour le compte de PROSSERGY<\/h2><\/div><p>PROSSERGY, SARL unipersonnelle est active depuis le 21\/11\/2014 (10 ans).<\/p><p>\u00c9tablie \u00e0 ROCHE-LA-MOLIERE &#8211; 42230, elle est sp\u00e9cialis\u00e9e dans le secteur d&#8217;activit\u00e9 Fabrication d&#8217;\u00e9quipements a\u00e9rauliques et frigorifiques industriels.<\/p><p>ZA CHARLES CHANA, BOULEVARD DES MINEURS, 42230 ROCHE-LA-MOLIERE<\/p><p>SIRET : 80790023800021<br \/>SIREN : 807900238<br \/>Code APE :<\/p><p>28.25Z (Fabrication d&#8217;\u00e9quipements a\u00e9rauliques et frigorifiques industriels)<\/p><div class=\"title-blue\"><h2>Conception<\/h2><\/div><p>Cr\u00e9ation graphique et r\u00e9alisation du site internet : <a href=\"https:\/\/www.ekypia.fr\/\" target=\"_blank\" rel=\"noopener\">Ekypia<\/a><br \/>Cr\u00e9dit photo : PROSSERGY,<br \/>Adobe Stock, Pexels, Unsplash, Freepik.<\/p><div class=\"title-blue\"><h2>H\u00e9bergement<\/h2><\/div><p>Site h\u00e9berg\u00e9 par la soci\u00e9t\u00e9 OVH SAS<\/p><p>OVH SAS<br \/>140, quai du Sartel<br \/>59100 Roubaix<\/p><div class=\"title-blue\"><h2>Propri\u00e9t\u00e9 intellectuelle<\/h2><\/div><p>L\u2019utilisateur s\u2019engage \u00e0 ne pas reproduire, r\u00e9sumer, modifier, alt\u00e9rer ou rediffuser, sans autorisation expresse<br \/>pr\u00e9alable de l\u2019\u00e9diteur, quelque texte, titre, application, logo, marque, information ou illustration, pour un<br \/>usage autre que strictement priv\u00e9, ce qui exclut toute repr\u00e9sentation \u00e0 des fins professionnelles ou de<br \/>rediffusion en nombre. De m\u00eame, l\u2019utilisateur s\u2019engage \u00e0 ne pas recopier tout ou partie du site ou un r\u00e9seau<br \/>interne d\u2019entreprise.<\/p><div class=\"title-blue\"><h2>Le contenu du site<\/h2><\/div><p>Le site, les textes, les images, les sons, les photos, les graphiques, les fichiers t\u00e9l\u00e9chargeables et plus<br \/>g\u00e9n\u00e9ralement tous les objets contenus dans le site sont la propri\u00e9t\u00e9 exclusive de PROSSERGY et\/ou des auteurs<br \/>mentionn\u00e9s. Ce site et les \u00e9l\u00e9ments qui le composent constituent des \u0153uvres prot\u00e9g\u00e9es par la l\u00e9gislation<br \/>fran\u00e7aise et les conventions internationales relatives au droit d\u2019auteur et \u00e0 la propri\u00e9t\u00e9 intellectuelle.<\/p><p>La reproduction du site ou des \u00e9l\u00e9ments qui le composent pris individuellement est interdite sauf autorisation<br \/>expresse pr\u00e9alable du directeur de la publication. Pour toute reproduction autoris\u00e9e ou toute citation, devra<br \/>\u00eatre mentionn\u00e9 le nom de l\u2019auteur et la source.<\/p><div class=\"title-blue\"><h2>Donn\u00e9es personnelles et droit de rectification<\/h2><\/div><p>Conform\u00e9ment \u00e0 la loi n\u00b078-17 du 6 janvier 1978, dite Loi Informatique et Libert\u00e9, vous disposez d\u2019un droit<br \/>d\u2019acc\u00e8s, de modification, de rectification ou de suppression vous concernant en vous adressant \u00e0 :<\/p><div class=\"title-blue\"><h2>PROSSERGY<\/h2><\/div><p>ZA CHARLES CHANA, BOULEVARD DES MINEURS, 42230 ROCHE-LA-MOLIERE<\/p>\t\t\t\t\t\t\t\t<\/div>\n\t\t\t\t<\/div>\n\t\t\t\t\t<\/div>\n\t\t\t\t<\/div>\n\t\t\t\t<\/div>\n\t\t","protected":false},"excerpt":{"rendered":"<p>Mentions l\u00e9gales Site \u00e9dit\u00e9 par Ekypia pour le compte de PROSSERGY PROSSERGY, SARL unipersonnelle est active depuis le 21\/11\/2014 (10 ans). \u00c9tablie \u00e0 ROCHE-LA-MOLIERE &#8211; 42230, elle est sp\u00e9cialis\u00e9e dans le secteur d&#8217;activit\u00e9 Fabrication d&#8217;\u00e9quipements a\u00e9rauliques et frigorifiques industriels. ZA CHARLES CHANA, BOULEVARD DES MINEURS, 42230 ROCHE-LA-MOLIERE SIRET : 80790023800021SIREN : 807900238Code APE : 28.25Z [&hellip;]<\/p>\n","protected":false},"author":1,"featured_media":0,"parent":0,"menu_order":0,"comment_status":"closed","ping_status":"closed","template":"","meta":{"_acf_changed":false,"footnotes":""},"class_list":["post-905","page","type-page","status-publish","hentry"],"acf":[],"yoast_head":"<!-- This site is optimized with the Yoast SEO plugin v26.0 - https:\/\/yoast.com\/wordpress\/plugins\/seo\/ -->\n<title>Legal Notice - Prossergy<\/title>\n<meta name=\"robots\" content=\"index, follow, max-snippet:-1, max-image-preview:large, max-video-preview:-1\" \/>\n<link rel=\"canonical\" href=\"https:\/\/www.prossergy.com\/en\/legal-notice\/\" \/>\n<meta property=\"og:locale\" content=\"en_US\" \/>\n<meta property=\"og:type\" content=\"article\" \/>\n<meta property=\"og:title\" content=\"Legal Notice - Prossergy\" \/>\n<meta property=\"og:description\" content=\"Mentions l\u00e9gales Site \u00e9dit\u00e9 par Ekypia pour le compte de PROSSERGY PROSSERGY, SARL unipersonnelle est active depuis le 21\/11\/2014 (10 ans). \u00c9tablie \u00e0 ROCHE-LA-MOLIERE &#8211; 42230, elle est sp\u00e9cialis\u00e9e dans le secteur d&#8217;activit\u00e9 Fabrication d&#8217;\u00e9quipements a\u00e9rauliques et frigorifiques industriels. ZA CHARLES CHANA, BOULEVARD DES MINEURS, 42230 ROCHE-LA-MOLIERE SIRET : 80790023800021SIREN : 807900238Code APE : 28.25Z [&hellip;]\" \/>\n<meta property=\"og:url\" content=\"https:\/\/www.prossergy.com\/en\/legal-notice\/\" \/>\n<meta property=\"og:site_name\" content=\"Prossergy\" \/>\n<meta property=\"article:modified_time\" content=\"2025-02-04T08:48:22+00:00\" \/>\n<meta name=\"twitter:card\" content=\"summary_large_image\" \/>\n<meta name=\"twitter:label1\" content=\"Est. reading time\" \/>\n\t<meta name=\"twitter:data1\" content=\"2 minutes\" \/>\n<script type=\"application\/ld+json\" class=\"yoast-schema-graph\">{\"@context\":\"https:\/\/schema.org\",\"@graph\":[{\"@type\":\"WebPage\",\"@id\":\"https:\/\/www.prossergy.com\/en\/legal-notice\/\",\"url\":\"https:\/\/www.prossergy.com\/en\/legal-notice\/\",\"name\":\"Legal Notice - Prossergy\",\"isPartOf\":{\"@id\":\"https:\/\/www.prossergy.com\/en\/#website\"},\"datePublished\":\"2025-02-03T15:59:08+00:00\",\"dateModified\":\"2025-02-04T08:48:22+00:00\",\"breadcrumb\":{\"@id\":\"https:\/\/www.prossergy.com\/en\/legal-notice\/#breadcrumb\"},\"inLanguage\":\"en-US\",\"potentialAction\":[{\"@type\":\"ReadAction\",\"target\":[\"https:\/\/www.prossergy.com\/en\/legal-notice\/\"]}]},{\"@type\":\"BreadcrumbList\",\"@id\":\"https:\/\/www.prossergy.com\/en\/legal-notice\/#breadcrumb\",\"itemListElement\":[{\"@type\":\"ListItem\",\"position\":1,\"name\":\"Accueil\",\"item\":\"https:\/\/www.prossergy.com\/en\/\"},{\"@type\":\"ListItem\",\"position\":2,\"name\":\"Legal Notice\"}]},{\"@type\":\"WebSite\",\"@id\":\"https:\/\/www.prossergy.com\/en\/#website\",\"url\":\"https:\/\/www.prossergy.com\/en\/\",\"name\":\"Prossergy\",\"description\":\"Des proc\u00e9d\u00e9s pour l&#039;\u00e9nergie\",\"publisher\":{\"@id\":\"https:\/\/www.prossergy.com\/en\/#organization\"},\"potentialAction\":[{\"@type\":\"SearchAction\",\"target\":{\"@type\":\"EntryPoint\",\"urlTemplate\":\"https:\/\/www.prossergy.com\/en\/?s={search_term_string}\"},\"query-input\":{\"@type\":\"PropertyValueSpecification\",\"valueRequired\":true,\"valueName\":\"search_term_string\"}}],\"inLanguage\":\"en-US\"},{\"@type\":\"Organization\",\"@id\":\"https:\/\/www.prossergy.com\/en\/#organization\",\"name\":\"Prossergy\",\"url\":\"https:\/\/www.prossergy.com\/en\/\",\"logo\":{\"@type\":\"ImageObject\",\"inLanguage\":\"en-US\",\"@id\":\"https:\/\/www.prossergy.com\/en\/#\/schema\/logo\/image\/\",\"url\":\"https:\/\/www.prossergy.com\/wp-content\/uploads\/2025\/02\/logo-prossergy.png\",\"contentUrl\":\"https:\/\/www.prossergy.com\/wp-content\/uploads\/2025\/02\/logo-prossergy.png\",\"width\":833,\"height\":227,\"caption\":\"Prossergy\"},\"image\":{\"@id\":\"https:\/\/www.prossergy.com\/en\/#\/schema\/logo\/image\/\"}}]}<\/script>\n<!-- \/ Yoast SEO plugin. -->","yoast_head_json":{"title":"Legal Notice - Prossergy","robots":{"index":"index","follow":"follow","max-snippet":"max-snippet:-1","max-image-preview":"max-image-preview:large","max-video-preview":"max-video-preview:-1"},"canonical":"https:\/\/www.prossergy.com\/en\/legal-notice\/","og_locale":"en_US","og_type":"article","og_title":"Legal Notice - Prossergy","og_description":"Mentions l\u00e9gales Site \u00e9dit\u00e9 par Ekypia pour le compte de PROSSERGY PROSSERGY, SARL unipersonnelle est active depuis le 21\/11\/2014 (10 ans). \u00c9tablie \u00e0 ROCHE-LA-MOLIERE &#8211; 42230, elle est sp\u00e9cialis\u00e9e dans le secteur d&#8217;activit\u00e9 Fabrication d&#8217;\u00e9quipements a\u00e9rauliques et frigorifiques industriels. ZA CHARLES CHANA, BOULEVARD DES MINEURS, 42230 ROCHE-LA-MOLIERE SIRET : 80790023800021SIREN : 807900238Code APE : 28.25Z [&hellip;]","og_url":"https:\/\/www.prossergy.com\/en\/legal-notice\/","og_site_name":"Prossergy","article_modified_time":"2025-02-04T08:48:22+00:00","twitter_card":"summary_large_image","twitter_misc":{"Est. reading time":"2 minutes"},"schema":{"@context":"https:\/\/schema.org","@graph":[{"@type":"WebPage","@id":"https:\/\/www.prossergy.com\/en\/legal-notice\/","url":"https:\/\/www.prossergy.com\/en\/legal-notice\/","name":"Legal Notice - Prossergy","isPartOf":{"@id":"https:\/\/www.prossergy.com\/en\/#website"},"datePublished":"2025-02-03T15:59:08+00:00","dateModified":"2025-02-04T08:48:22+00:00","breadcrumb":{"@id":"https:\/\/www.prossergy.com\/en\/legal-notice\/#breadcrumb"},"inLanguage":"en-US","potentialAction":[{"@type":"ReadAction","target":["https:\/\/www.prossergy.com\/en\/legal-notice\/"]}]},{"@type":"BreadcrumbList","@id":"https:\/\/www.prossergy.com\/en\/legal-notice\/#breadcrumb","itemListElement":[{"@type":"ListItem","position":1,"name":"Accueil","item":"https:\/\/www.prossergy.com\/en\/"},{"@type":"ListItem","position":2,"name":"Legal Notice"}]},{"@type":"WebSite","@id":"https:\/\/www.prossergy.com\/en\/#website","url":"https:\/\/www.prossergy.com\/en\/","name":"Prossergy","description":"Des proc\u00e9d\u00e9s pour l&#039;\u00e9nergie","publisher":{"@id":"https:\/\/www.prossergy.com\/en\/#organization"},"potentialAction":[{"@type":"SearchAction","target":{"@type":"EntryPoint","urlTemplate":"https:\/\/www.prossergy.com\/en\/?s={search_term_string}"},"query-input":{"@type":"PropertyValueSpecification","valueRequired":true,"valueName":"search_term_string"}}],"inLanguage":"en-US"},{"@type":"Organization","@id":"https:\/\/www.prossergy.com\/en\/#organization","name":"Prossergy","url":"https:\/\/www.prossergy.com\/en\/","logo":{"@type":"ImageObject","inLanguage":"en-US","@id":"https:\/\/www.prossergy.com\/en\/#\/schema\/logo\/image\/","url":"https:\/\/www.prossergy.com\/wp-content\/uploads\/2025\/02\/logo-prossergy.png","contentUrl":"https:\/\/www.prossergy.com\/wp-content\/uploads\/2025\/02\/logo-prossergy.png","width":833,"height":227,"caption":"Prossergy"},"image":{"@id":"https:\/\/www.prossergy.com\/en\/#\/schema\/logo\/image\/"}}]}},"_links":{"self":[{"href":"https:\/\/www.prossergy.com\/en\/wp-json\/wp\/v2\/pages\/905","targetHints":{"allow":["GET"]}}],"collection":[{"href":"https:\/\/www.prossergy.com\/en\/wp-json\/wp\/v2\/pages"}],"about":[{"href":"https:\/\/www.prossergy.com\/en\/wp-json\/wp\/v2\/types\/page"}],"author":[{"embeddable":true,"href":"https:\/\/www.prossergy.com\/en\/wp-json\/wp\/v2\/users\/1"}],"replies":[{"embeddable":true,"href":"https:\/\/www.prossergy.com\/en\/wp-json\/wp\/v2\/comments?post=905"}],"version-history":[{"count":5,"href":"https:\/\/www.prossergy.com\/en\/wp-json\/wp\/v2\/pages\/905\/revisions"}],"predecessor-version":[{"id":932,"href":"https:\/\/www.prossergy.com\/en\/wp-json\/wp\/v2\/pages\/905\/revisions\/932"}],"wp:attachment":[{"href":"https:\/\/www.prossergy.com\/en\/wp-json\/wp\/v2\/media?parent=905"}],"curies":[{"name":"wp","href":"https:\/\/api.w.org\/{rel}","templated":true}]}}