{"id":15,"date":"2025-01-28T12:25:31","date_gmt":"2025-01-28T12:25:31","guid":{"rendered":"https:\/\/www.prossergy.com\/\/?page_id=15"},"modified":"2025-01-30T13:39:00","modified_gmt":"2025-01-30T13:39:00","slug":"services","status":"publish","type":"page","link":"https:\/\/www.prossergy.com\/fr\/services\/","title":{"rendered":"Services"},"content":{"rendered":"\t\t<div data-elementor-type=\"wp-page\" data-elementor-id=\"15\" class=\"elementor elementor-15\" data-elementor-post-type=\"page\">\n\t\t\t\t<div class=\"elementor-element elementor-element-ac42634 e-flex e-con-boxed e-con e-parent\" data-id=\"ac42634\" data-element_type=\"container\">\n\t\t\t\t\t<div class=\"e-con-inner\">\n\t\t<div class=\"elementor-element elementor-element-3d96cba e-con-full e-flex e-con e-child\" data-id=\"3d96cba\" data-element_type=\"container\">\n\t\t\t\t<div class=\"elementor-element elementor-element-48060fb title-pseudo elementor-widget elementor-widget-heading\" data-id=\"48060fb\" data-element_type=\"widget\" data-widget_type=\"heading.default\">\n\t\t\t\t<div class=\"elementor-widget-container\">\n\t\t\t\t\t<h1 class=\"elementor-heading-title elementor-size-default\">Services<\/h1>\t\t\t\t<\/div>\n\t\t\t\t<\/div>\n\t\t\t\t<div class=\"elementor-element elementor-element-29587cb mb-0 elementor-widget elementor-widget-text-editor\" data-id=\"29587cb\" data-element_type=\"widget\" data-widget_type=\"text-editor.default\">\n\t\t\t\t<div class=\"elementor-widget-container\">\n\t\t\t\t\t\t\t\t\t<p><strong>PROSSERGY offre une gamme de services r\u00e9actifs adapt\u00e9s aux besoins des exploitants afin d\u2019optimiser et fiabiliser leurs installations de traitement de fum\u00e9es :<\/strong><\/p>\t\t\t\t\t\t\t\t<\/div>\n\t\t\t\t<\/div>\n\t\t\t\t<div class=\"elementor-element elementor-element-70378a2 mb-0 elementor-widget elementor-widget-text-editor\" data-id=\"70378a2\" data-element_type=\"widget\" data-widget_type=\"text-editor.default\">\n\t\t\t\t<div class=\"elementor-widget-container\">\n\t\t\t\t\t\t\t\t\t<ul><li>Maintenance et pi\u00e8ces de rechange<\/li><li>Expertise et d\u00e9pannage<\/li><li>Gestion des catalyseurs<\/li><li>Support technique et formation<\/li><\/ul>\t\t\t\t\t\t\t\t<\/div>\n\t\t\t\t<\/div>\n\t\t\t\t<div class=\"elementor-element elementor-element-9cd9179 elementor-widget elementor-widget-text-editor\" data-id=\"9cd9179\" data-element_type=\"widget\" data-widget_type=\"text-editor.default\">\n\t\t\t\t<div class=\"elementor-widget-container\">\n\t\t\t\t\t\t\t\t\t<p>Nos \u00e9quipes, fortes de leur expertise et exp\u00e9rience importante sur les proc\u00e9d\u00e9s de traitement de fum\u00e9es, sont \u00e0 en capacit\u00e9 de r\u00e9pondre dans les meilleurs d\u00e9lais aux demandes des exploitants.<\/p>\t\t\t\t\t\t\t\t<\/div>\n\t\t\t\t<\/div>\n\t\t\t\t<\/div>\n\t\t<div class=\"elementor-element elementor-element-08afaca e-con-full e-flex e-con e-child\" data-id=\"08afaca\" data-element_type=\"container\">\n\t\t\t\t<div class=\"elementor-element elementor-element-b4fda39 elementor-hidden-mobile elementor-widget elementor-widget-image\" data-id=\"b4fda39\" data-element_type=\"widget\" data-widget_type=\"image.default\">\n\t\t\t\t<div class=\"elementor-widget-container\">\n\t\t\t\t\t\t\t\t\t\t\t\t\t\t\t<img fetchpriority=\"high\" decoding=\"async\" width=\"640\" height=\"426\" src=\"https:\/\/www.prossergy.com\/wp-content\/uploads\/2025\/01\/AdobeStock_211266712.jpg\" class=\"attachment-large size-large wp-image-400\" alt=\"\" srcset=\"https:\/\/www.prossergy.com\/wp-content\/uploads\/2025\/01\/AdobeStock_211266712.jpg 800w, https:\/\/www.prossergy.com\/wp-content\/uploads\/2025\/01\/AdobeStock_211266712-300x200.jpg 300w, https:\/\/www.prossergy.com\/wp-content\/uploads\/2025\/01\/AdobeStock_211266712-768x512.jpg 768w\" sizes=\"(max-width: 640px) 100vw, 640px\" \/>\t\t\t\t\t\t\t\t\t\t\t\t\t\t\t<\/div>\n\t\t\t\t<\/div>\n\t\t\t\t<\/div>\n\t\t\t\t\t<\/div>\n\t\t\t\t<\/div>\n\t\t<div class=\"elementor-element elementor-element-8d26d02 e-flex e-con-boxed e-con e-parent\" data-id=\"8d26d02\" data-element_type=\"container\">\n\t\t\t\t\t<div class=\"e-con-inner\">\n\t\t<div class=\"elementor-element elementor-element-bd2843a e-con-full e-flex e-con e-child\" data-id=\"bd2843a\" data-element_type=\"container\">\n\t\t\t\t<div class=\"elementor-element elementor-element-431225c elementor-widget elementor-widget-image\" data-id=\"431225c\" data-element_type=\"widget\" data-widget_type=\"image.default\">\n\t\t\t\t<div class=\"elementor-widget-container\">\n\t\t\t\t\t\t\t\t\t\t\t\t\t\t\t<img decoding=\"async\" width=\"640\" height=\"400\" src=\"https:\/\/www.prossergy.com\/wp-content\/uploads\/2025\/01\/AdobeStock_176145628.jpg\" class=\"attachment-large size-large wp-image-402\" alt=\"\" srcset=\"https:\/\/www.prossergy.com\/wp-content\/uploads\/2025\/01\/AdobeStock_176145628.jpg 800w, https:\/\/www.prossergy.com\/wp-content\/uploads\/2025\/01\/AdobeStock_176145628-300x188.jpg 300w, https:\/\/www.prossergy.com\/wp-content\/uploads\/2025\/01\/AdobeStock_176145628-768x480.jpg 768w\" sizes=\"(max-width: 640px) 100vw, 640px\" \/>\t\t\t\t\t\t\t\t\t\t\t\t\t\t\t<\/div>\n\t\t\t\t<\/div>\n\t\t\t\t<\/div>\n\t\t<div class=\"elementor-element elementor-element-da5b33d e-con-full e-flex e-con e-child\" data-id=\"da5b33d\" data-element_type=\"container\">\n\t\t\t\t<div class=\"elementor-element elementor-element-671d55b elementor-widget elementor-widget-heading\" data-id=\"671d55b\" data-element_type=\"widget\" data-widget_type=\"heading.default\">\n\t\t\t\t<div class=\"elementor-widget-container\">\n\t\t\t\t\t<h2 class=\"elementor-heading-title elementor-size-default\">Maintenance et pi\u00e8ces de rechange<\/h2>\t\t\t\t<\/div>\n\t\t\t\t<\/div>\n\t\t\t\t<div class=\"elementor-element elementor-element-23355a6 elementor-widget elementor-widget-text-editor\" data-id=\"23355a6\" data-element_type=\"widget\" data-widget_type=\"text-editor.default\">\n\t\t\t\t<div class=\"elementor-widget-container\">\n\t\t\t\t\t\t\t\t\t<p><strong>Solutions de maintenance sur mesure, en fonction des besoins des clients et des sp\u00e9cificit\u00e9s de leurs unit\u00e9s.<\/strong><\/p><p>Vous r\u00e9duisez ainsi les temps d\u2019arr\u00eat, renforcez la s\u00e9curit\u00e9 d\u2019exploitation et prolongez la dur\u00e9e de vie de votre installation :<\/p><ul><li>Visites annuelles ou semestrielles, avec inspection et contr\u00f4le des performances<\/li><li>D\u00e9finitions des programmes de maintenance et besoins en pi\u00e8ces d\u00e9tach\u00e9es<\/li><li>R\u00e9alisation ou assistance des op\u00e9rations de maintenance<\/li><li>Suivi de fonctionnement<\/li><li>Hotline et d\u00e9pannage<\/li><\/ul><p>PROSSERGY dispose d\u2019un stock important de pi\u00e8ces de rechange et de partenaires r\u00e9actifs, afin de r\u00e9pondre dans les meilleurs d\u00e9lais aux besoins des exploitants.<\/p>\t\t\t\t\t\t\t\t<\/div>\n\t\t\t\t<\/div>\n\t\t\t\t<\/div>\n\t\t\t\t\t<\/div>\n\t\t\t\t<\/div>\n\t\t<div class=\"elementor-element elementor-element-e14a7dc e-flex e-con-boxed e-con e-parent\" data-id=\"e14a7dc\" data-element_type=\"container\">\n\t\t\t\t\t<div class=\"e-con-inner\">\n\t\t<div class=\"elementor-element elementor-element-6005550 e-con-full e-flex e-con e-child\" data-id=\"6005550\" data-element_type=\"container\">\n\t\t\t\t<div class=\"elementor-element elementor-element-a37c1bc elementor-widget elementor-widget-heading\" data-id=\"a37c1bc\" data-element_type=\"widget\" data-widget_type=\"heading.default\">\n\t\t\t\t<div class=\"elementor-widget-container\">\n\t\t\t\t\t<h2 class=\"elementor-heading-title elementor-size-default\">Expertise et d\u00e9pannage<\/h2>\t\t\t\t<\/div>\n\t\t\t\t<\/div>\n\t\t\t\t<div class=\"elementor-element elementor-element-b10f2f2 elementor-widget elementor-widget-text-editor\" data-id=\"b10f2f2\" data-element_type=\"widget\" data-widget_type=\"text-editor.default\">\n\t\t\t\t<div class=\"elementor-widget-container\">\n\t\t\t\t\t\t\t\t\t<p><strong>En cas de panne ou de dysfonctionnement, nous intervenons rapidement pour diagnostiquer et r\u00e9soudre le probl\u00e8me :<\/strong><\/p><ul><li>M\u00e9trologie sur site et analyse de gaz<\/li><li>Ing\u00e9nierie \/ calcul proc\u00e9d\u00e9<\/li><li>Mise a disposition d\u2019\u00e9quipements de secours (skids d\u2019injection de r\u00e9actif)<\/li><\/ul>\t\t\t\t\t\t\t\t<\/div>\n\t\t\t\t<\/div>\n\t\t\t\t<\/div>\n\t\t<div class=\"elementor-element elementor-element-c35cda0 e-con-full e-flex e-con e-child\" data-id=\"c35cda0\" data-element_type=\"container\">\n\t\t\t\t<div class=\"elementor-element elementor-element-27c1720 elementor-widget elementor-widget-image\" data-id=\"27c1720\" data-element_type=\"widget\" data-widget_type=\"image.default\">\n\t\t\t\t<div class=\"elementor-widget-container\">\n\t\t\t\t\t\t\t\t\t\t\t\t\t\t\t<img decoding=\"async\" width=\"640\" height=\"426\" src=\"https:\/\/www.prossergy.com\/wp-content\/uploads\/2025\/01\/AdobeStock_748806486.jpg\" class=\"attachment-large size-large wp-image-404\" alt=\"\" srcset=\"https:\/\/www.prossergy.com\/wp-content\/uploads\/2025\/01\/AdobeStock_748806486.jpg 800w, https:\/\/www.prossergy.com\/wp-content\/uploads\/2025\/01\/AdobeStock_748806486-300x200.jpg 300w, https:\/\/www.prossergy.com\/wp-content\/uploads\/2025\/01\/AdobeStock_748806486-768x512.jpg 768w\" sizes=\"(max-width: 640px) 100vw, 640px\" \/>\t\t\t\t\t\t\t\t\t\t\t\t\t\t\t<\/div>\n\t\t\t\t<\/div>\n\t\t\t\t<\/div>\n\t\t\t\t\t<\/div>\n\t\t\t\t<\/div>\n\t\t<div class=\"elementor-element elementor-element-dac3c42 e-flex e-con-boxed e-con e-parent\" data-id=\"dac3c42\" data-element_type=\"container\">\n\t\t\t\t\t<div class=\"e-con-inner\">\n\t\t<div class=\"elementor-element elementor-element-e750d96 e-con-full e-flex e-con e-child\" data-id=\"e750d96\" data-element_type=\"container\">\n\t\t\t\t<div class=\"elementor-element elementor-element-6caa06a elementor-widget elementor-widget-image\" data-id=\"6caa06a\" data-element_type=\"widget\" data-widget_type=\"image.default\">\n\t\t\t\t<div class=\"elementor-widget-container\">\n\t\t\t\t\t\t\t\t\t\t\t\t\t\t\t<img loading=\"lazy\" decoding=\"async\" width=\"640\" height=\"355\" src=\"https:\/\/www.prossergy.com\/wp-content\/uploads\/2025\/01\/IMG_Cata.jpg\" class=\"attachment-large size-large wp-image-406\" alt=\"\" srcset=\"https:\/\/www.prossergy.com\/wp-content\/uploads\/2025\/01\/IMG_Cata.jpg 800w, https:\/\/www.prossergy.com\/wp-content\/uploads\/2025\/01\/IMG_Cata-300x167.jpg 300w, https:\/\/www.prossergy.com\/wp-content\/uploads\/2025\/01\/IMG_Cata-768x426.jpg 768w\" sizes=\"(max-width: 640px) 100vw, 640px\" \/>\t\t\t\t\t\t\t\t\t\t\t\t\t\t\t<\/div>\n\t\t\t\t<\/div>\n\t\t\t\t<\/div>\n\t\t<div class=\"elementor-element elementor-element-6b39c3c e-con-full e-flex e-con e-child\" data-id=\"6b39c3c\" data-element_type=\"container\">\n\t\t\t\t<div class=\"elementor-element elementor-element-059c8e0 elementor-widget elementor-widget-heading\" data-id=\"059c8e0\" data-element_type=\"widget\" data-widget_type=\"heading.default\">\n\t\t\t\t<div class=\"elementor-widget-container\">\n\t\t\t\t\t<h2 class=\"elementor-heading-title elementor-size-default\">Gestion des catalyseurs<\/h2>\t\t\t\t<\/div>\n\t\t\t\t<\/div>\n\t\t\t\t<div class=\"elementor-element elementor-element-a40c9f9 elementor-widget elementor-widget-text-editor\" data-id=\"a40c9f9\" data-element_type=\"widget\" data-widget_type=\"text-editor.default\">\n\t\t\t\t<div class=\"elementor-widget-container\">\n\t\t\t\t\t\t\t\t\t<p><strong>PROSSERGY associe ses importantes connaissances sur les proc\u00e9d\u00e9s de DeNOx avec son partenaire Enercat &#8211; Alsys Group pour proposer une gamme compl\u00e8te de services autour des catalyseurs de traitement de NOx et dioxines :<\/strong><\/p><ul><li>Pr\u00e9l\u00e8vement et analyse de catalyseur (acticit\u00e9, caract\u00e9risation physico-chimique \u2026 etc.)<\/li><li>Surveillance de l\u2019activit\u00e9 et du vieillissement<\/li><li>Remplacement de catalyseurs usag\u00e9s<\/li><li>Modification r\u00e9acteur, augmentation de capacit\u00e9<\/li><li>R\u00e9g\u00e9n\u00e9ration et rechargement<\/li><\/ul>\t\t\t\t\t\t\t\t<\/div>\n\t\t\t\t<\/div>\n\t\t\t\t<\/div>\n\t\t\t\t\t<\/div>\n\t\t\t\t<\/div>\n\t\t<div class=\"elementor-element elementor-element-afba55b section-blue e-flex e-con-boxed e-con e-parent\" data-id=\"afba55b\" data-element_type=\"container\">\n\t\t\t\t\t<div class=\"e-con-inner\">\n\t\t<div class=\"elementor-element elementor-element-82607af e-con-full e-flex e-con e-child\" data-id=\"82607af\" data-element_type=\"container\">\n\t\t\t\t<div class=\"elementor-element elementor-element-d56f2ff elementor-widget elementor-widget-heading\" data-id=\"d56f2ff\" data-element_type=\"widget\" data-widget_type=\"heading.default\">\n\t\t\t\t<div class=\"elementor-widget-container\">\n\t\t\t\t\t<h2 class=\"elementor-heading-title elementor-size-default\">Support Technique et Formation<\/h2>\t\t\t\t<\/div>\n\t\t\t\t<\/div>\n\t\t\t\t<div class=\"elementor-element elementor-element-af291ff elementor-widget elementor-widget-text-editor\" data-id=\"af291ff\" data-element_type=\"widget\" data-widget_type=\"text-editor.default\">\n\t\t\t\t<div class=\"elementor-widget-container\">\n\t\t\t\t\t\t\t\t\t<p><strong>Un panel complet de services aux exploitants afin d\u2019am\u00e9liorer les performances et optimiser le fonctionnement de leurs installations de traitement de fum\u00e9es.<\/strong><\/p><ul><li>Expertise du traitement de fum\u00e9es et de sa boucle thermique<\/li><li>\u00c9tudes d\u2019optimisation des performances :<ul><li>R\u00e9duction des VLE<\/li><li>R\u00e9duction de la consommation de r\u00e9actif<\/li><li>Diminution des consommations \u00e9lectriques et utilit\u00e9s<\/li><li>Am\u00e9lioration du rendement thermique<\/li><li>Fiabilisation, am\u00e9lioration de la disponibilit\u00e9, augmentation de la dur\u00e9e de vie des \u00e9quipements<\/li><\/ul><\/li><li>Assistance \u00e0 l\u2019exploitation :<ul><li>Suivi des performances dans le temps<\/li><li>Programme d\u2019am\u00e9lioration continue<\/li><li>D\u00e9tection de d\u00e9rives et de pannes<\/li><li>Planification de maintenance<\/li><\/ul><\/li><\/ul><p>PROSSERGY propose \u00e9galement des formations aux exploitants sur les volets proc\u00e9d\u00e9s et maintenance.<\/p>\t\t\t\t\t\t\t\t<\/div>\n\t\t\t\t<\/div>\n\t\t\t\t<\/div>\n\t\t<div class=\"elementor-element elementor-element-a5a51bb e-con-full e-flex e-con e-child\" data-id=\"a5a51bb\" data-element_type=\"container\">\n\t\t\t\t<div class=\"elementor-element elementor-element-c5861d9 elementor-widget elementor-widget-image\" data-id=\"c5861d9\" data-element_type=\"widget\" data-widget_type=\"image.default\">\n\t\t\t\t<div class=\"elementor-widget-container\">\n\t\t\t\t\t\t\t\t\t\t\t\t\t\t\t<img loading=\"lazy\" decoding=\"async\" width=\"640\" height=\"358\" src=\"https:\/\/www.prossergy.com\/wp-content\/uploads\/2025\/01\/AdobeStock_828297667.jpg\" class=\"attachment-large size-large wp-image-410\" alt=\"\" srcset=\"https:\/\/www.prossergy.com\/wp-content\/uploads\/2025\/01\/AdobeStock_828297667.jpg 800w, https:\/\/www.prossergy.com\/wp-content\/uploads\/2025\/01\/AdobeStock_828297667-300x168.jpg 300w, https:\/\/www.prossergy.com\/wp-content\/uploads\/2025\/01\/AdobeStock_828297667-768x430.jpg 768w\" sizes=\"(max-width: 640px) 100vw, 640px\" \/>\t\t\t\t\t\t\t\t\t\t\t\t\t\t\t<\/div>\n\t\t\t\t<\/div>\n\t\t\t\t<\/div>\n\t\t\t\t\t<\/div>\n\t\t\t\t<\/div>\n\t\t\t\t<\/div>\n\t\t","protected":false},"excerpt":{"rendered":"<p>Services PROSSERGY offre une gamme de services r\u00e9actifs adapt\u00e9s aux besoins des exploitants afin d\u2019optimiser et fiabiliser leurs installations de traitement de fum\u00e9es : Maintenance et pi\u00e8ces de rechange Expertise et d\u00e9pannage Gestion des catalyseurs Support technique et formation Nos \u00e9quipes, fortes de leur expertise et exp\u00e9rience importante sur les proc\u00e9d\u00e9s de traitement de fum\u00e9es, [&hellip;]<\/p>\n","protected":false},"author":1,"featured_media":0,"parent":0,"menu_order":0,"comment_status":"closed","ping_status":"closed","template":"","meta":{"_acf_changed":false,"footnotes":""},"class_list":["post-15","page","type-page","status-publish","hentry"],"acf":[],"yoast_head":"<!-- This site is optimized with the Yoast SEO plugin v26.0 - https:\/\/yoast.com\/wordpress\/plugins\/seo\/ -->\n<title>Services - Prossergy<\/title>\n<meta name=\"robots\" content=\"index, follow, max-snippet:-1, max-image-preview:large, max-video-preview:-1\" \/>\n<link rel=\"canonical\" href=\"https:\/\/www.prossergy.com\/fr\/services\/\" \/>\n<meta property=\"og:locale\" content=\"fr_FR\" \/>\n<meta property=\"og:type\" content=\"article\" \/>\n<meta property=\"og:title\" content=\"Services - Prossergy\" \/>\n<meta property=\"og:description\" content=\"Services PROSSERGY offre une gamme de services r\u00e9actifs adapt\u00e9s aux besoins des exploitants afin d\u2019optimiser et fiabiliser leurs installations de traitement de fum\u00e9es : Maintenance et pi\u00e8ces de rechange Expertise et d\u00e9pannage Gestion des catalyseurs Support technique et formation Nos \u00e9quipes, fortes de leur expertise et exp\u00e9rience importante sur les proc\u00e9d\u00e9s de traitement de fum\u00e9es, [&hellip;]\" \/>\n<meta property=\"og:url\" content=\"https:\/\/www.prossergy.com\/fr\/services\/\" \/>\n<meta property=\"og:site_name\" content=\"Prossergy\" \/>\n<meta property=\"article:modified_time\" content=\"2025-01-30T13:39:00+00:00\" \/>\n<meta property=\"og:image\" content=\"https:\/\/www.prossergy.com\/\/wp-content\/uploads\/2025\/01\/AdobeStock_211266712.jpg\" \/>\n<meta name=\"twitter:card\" content=\"summary_large_image\" \/>\n<meta name=\"twitter:label1\" content=\"Dur\u00e9e de lecture estim\u00e9e\" \/>\n\t<meta name=\"twitter:data1\" content=\"3 minutes\" \/>\n<script type=\"application\/ld+json\" class=\"yoast-schema-graph\">{\"@context\":\"https:\/\/schema.org\",\"@graph\":[{\"@type\":\"WebPage\",\"@id\":\"https:\/\/www.prossergy.com\/fr\/services\/\",\"url\":\"https:\/\/www.prossergy.com\/fr\/services\/\",\"name\":\"Services - Prossergy\",\"isPartOf\":{\"@id\":\"https:\/\/www.prossergy.com\/fr\/#website\"},\"primaryImageOfPage\":{\"@id\":\"https:\/\/www.prossergy.com\/fr\/services\/#primaryimage\"},\"image\":{\"@id\":\"https:\/\/www.prossergy.com\/fr\/services\/#primaryimage\"},\"thumbnailUrl\":\"https:\/\/www.prossergy.com\/\/wp-content\/uploads\/2025\/01\/AdobeStock_211266712.jpg\",\"datePublished\":\"2025-01-28T12:25:31+00:00\",\"dateModified\":\"2025-01-30T13:39:00+00:00\",\"breadcrumb\":{\"@id\":\"https:\/\/www.prossergy.com\/fr\/services\/#breadcrumb\"},\"inLanguage\":\"fr-FR\",\"potentialAction\":[{\"@type\":\"ReadAction\",\"target\":[\"https:\/\/www.prossergy.com\/fr\/services\/\"]}]},{\"@type\":\"ImageObject\",\"inLanguage\":\"fr-FR\",\"@id\":\"https:\/\/www.prossergy.com\/fr\/services\/#primaryimage\",\"url\":\"https:\/\/www.prossergy.com\/\/wp-content\/uploads\/2025\/01\/AdobeStock_211266712.jpg\",\"contentUrl\":\"https:\/\/www.prossergy.com\/\/wp-content\/uploads\/2025\/01\/AdobeStock_211266712.jpg\"},{\"@type\":\"BreadcrumbList\",\"@id\":\"https:\/\/www.prossergy.com\/fr\/services\/#breadcrumb\",\"itemListElement\":[{\"@type\":\"ListItem\",\"position\":1,\"name\":\"Accueil\",\"item\":\"https:\/\/www.prossergy.com\/fr\/\"},{\"@type\":\"ListItem\",\"position\":2,\"name\":\"Services\"}]},{\"@type\":\"WebSite\",\"@id\":\"https:\/\/www.prossergy.com\/fr\/#website\",\"url\":\"https:\/\/www.prossergy.com\/fr\/\",\"name\":\"Prossergy\",\"description\":\"Des proc\u00e9d\u00e9s pour l&#039;\u00e9nergie\",\"publisher\":{\"@id\":\"https:\/\/www.prossergy.com\/fr\/#organization\"},\"potentialAction\":[{\"@type\":\"SearchAction\",\"target\":{\"@type\":\"EntryPoint\",\"urlTemplate\":\"https:\/\/www.prossergy.com\/fr\/?s={search_term_string}\"},\"query-input\":{\"@type\":\"PropertyValueSpecification\",\"valueRequired\":true,\"valueName\":\"search_term_string\"}}],\"inLanguage\":\"fr-FR\"},{\"@type\":\"Organization\",\"@id\":\"https:\/\/www.prossergy.com\/fr\/#organization\",\"name\":\"Prossergy\",\"url\":\"https:\/\/www.prossergy.com\/fr\/\",\"logo\":{\"@type\":\"ImageObject\",\"inLanguage\":\"fr-FR\",\"@id\":\"https:\/\/www.prossergy.com\/fr\/#\/schema\/logo\/image\/\",\"url\":\"https:\/\/www.prossergy.com\/wp-content\/uploads\/2025\/02\/logo-prossergy.png\",\"contentUrl\":\"https:\/\/www.prossergy.com\/wp-content\/uploads\/2025\/02\/logo-prossergy.png\",\"width\":833,\"height\":227,\"caption\":\"Prossergy\"},\"image\":{\"@id\":\"https:\/\/www.prossergy.com\/fr\/#\/schema\/logo\/image\/\"}}]}<\/script>\n<!-- \/ Yoast SEO plugin. -->","yoast_head_json":{"title":"Services - Prossergy","robots":{"index":"index","follow":"follow","max-snippet":"max-snippet:-1","max-image-preview":"max-image-preview:large","max-video-preview":"max-video-preview:-1"},"canonical":"https:\/\/www.prossergy.com\/fr\/services\/","og_locale":"fr_FR","og_type":"article","og_title":"Services - Prossergy","og_description":"Services PROSSERGY offre une gamme de services r\u00e9actifs adapt\u00e9s aux besoins des exploitants afin d\u2019optimiser et fiabiliser leurs installations de traitement de fum\u00e9es : Maintenance et pi\u00e8ces de rechange Expertise et d\u00e9pannage Gestion des catalyseurs Support technique et formation Nos \u00e9quipes, fortes de leur expertise et exp\u00e9rience importante sur les proc\u00e9d\u00e9s de traitement de fum\u00e9es, [&hellip;]","og_url":"https:\/\/www.prossergy.com\/fr\/services\/","og_site_name":"Prossergy","article_modified_time":"2025-01-30T13:39:00+00:00","og_image":[{"url":"https:\/\/www.prossergy.com\/\/wp-content\/uploads\/2025\/01\/AdobeStock_211266712.jpg","type":"","width":"","height":""}],"twitter_card":"summary_large_image","twitter_misc":{"Dur\u00e9e de lecture estim\u00e9e":"3 minutes"},"schema":{"@context":"https:\/\/schema.org","@graph":[{"@type":"WebPage","@id":"https:\/\/www.prossergy.com\/fr\/services\/","url":"https:\/\/www.prossergy.com\/fr\/services\/","name":"Services - Prossergy","isPartOf":{"@id":"https:\/\/www.prossergy.com\/fr\/#website"},"primaryImageOfPage":{"@id":"https:\/\/www.prossergy.com\/fr\/services\/#primaryimage"},"image":{"@id":"https:\/\/www.prossergy.com\/fr\/services\/#primaryimage"},"thumbnailUrl":"https:\/\/www.prossergy.com\/\/wp-content\/uploads\/2025\/01\/AdobeStock_211266712.jpg","datePublished":"2025-01-28T12:25:31+00:00","dateModified":"2025-01-30T13:39:00+00:00","breadcrumb":{"@id":"https:\/\/www.prossergy.com\/fr\/services\/#breadcrumb"},"inLanguage":"fr-FR","potentialAction":[{"@type":"ReadAction","target":["https:\/\/www.prossergy.com\/fr\/services\/"]}]},{"@type":"ImageObject","inLanguage":"fr-FR","@id":"https:\/\/www.prossergy.com\/fr\/services\/#primaryimage","url":"https:\/\/www.prossergy.com\/\/wp-content\/uploads\/2025\/01\/AdobeStock_211266712.jpg","contentUrl":"https:\/\/www.prossergy.com\/\/wp-content\/uploads\/2025\/01\/AdobeStock_211266712.jpg"},{"@type":"BreadcrumbList","@id":"https:\/\/www.prossergy.com\/fr\/services\/#breadcrumb","itemListElement":[{"@type":"ListItem","position":1,"name":"Accueil","item":"https:\/\/www.prossergy.com\/fr\/"},{"@type":"ListItem","position":2,"name":"Services"}]},{"@type":"WebSite","@id":"https:\/\/www.prossergy.com\/fr\/#website","url":"https:\/\/www.prossergy.com\/fr\/","name":"Prossergy","description":"Des proc\u00e9d\u00e9s pour l&#039;\u00e9nergie","publisher":{"@id":"https:\/\/www.prossergy.com\/fr\/#organization"},"potentialAction":[{"@type":"SearchAction","target":{"@type":"EntryPoint","urlTemplate":"https:\/\/www.prossergy.com\/fr\/?s={search_term_string}"},"query-input":{"@type":"PropertyValueSpecification","valueRequired":true,"valueName":"search_term_string"}}],"inLanguage":"fr-FR"},{"@type":"Organization","@id":"https:\/\/www.prossergy.com\/fr\/#organization","name":"Prossergy","url":"https:\/\/www.prossergy.com\/fr\/","logo":{"@type":"ImageObject","inLanguage":"fr-FR","@id":"https:\/\/www.prossergy.com\/fr\/#\/schema\/logo\/image\/","url":"https:\/\/www.prossergy.com\/wp-content\/uploads\/2025\/02\/logo-prossergy.png","contentUrl":"https:\/\/www.prossergy.com\/wp-content\/uploads\/2025\/02\/logo-prossergy.png","width":833,"height":227,"caption":"Prossergy"},"image":{"@id":"https:\/\/www.prossergy.com\/fr\/#\/schema\/logo\/image\/"}}]}},"_links":{"self":[{"href":"https:\/\/www.prossergy.com\/fr\/wp-json\/wp\/v2\/pages\/15","targetHints":{"allow":["GET"]}}],"collection":[{"href":"https:\/\/www.prossergy.com\/fr\/wp-json\/wp\/v2\/pages"}],"about":[{"href":"https:\/\/www.prossergy.com\/fr\/wp-json\/wp\/v2\/types\/page"}],"author":[{"embeddable":true,"href":"https:\/\/www.prossergy.com\/fr\/wp-json\/wp\/v2\/users\/1"}],"replies":[{"embeddable":true,"href":"https:\/\/www.prossergy.com\/fr\/wp-json\/wp\/v2\/comments?post=15"}],"version-history":[{"count":64,"href":"https:\/\/www.prossergy.com\/fr\/wp-json\/wp\/v2\/pages\/15\/revisions"}],"predecessor-version":[{"id":633,"href":"https:\/\/www.prossergy.com\/fr\/wp-json\/wp\/v2\/pages\/15\/revisions\/633"}],"wp:attachment":[{"href":"https:\/\/www.prossergy.com\/fr\/wp-json\/wp\/v2\/media?parent=15"}],"curies":[{"name":"wp","href":"https:\/\/api.w.org\/{rel}","templated":true}]}}