{"id":179,"date":"2025-01-28T15:40:11","date_gmt":"2025-01-28T15:40:11","guid":{"rendered":"https:\/\/www.prossergy.com\/\/?page_id=179"},"modified":"2025-02-03T15:43:13","modified_gmt":"2025-02-03T15:43:13","slug":"traitement-catalytique-tres-haute-efficacite","status":"publish","type":"page","link":"https:\/\/www.prossergy.com\/fr\/nos-solutions\/traitement-catalytique-tres-haute-efficacite\/","title":{"rendered":"Traitement catalytique tr\u00e8s haute efficacit\u00e9"},"content":{"rendered":"\t\t<div data-elementor-type=\"wp-page\" data-elementor-id=\"179\" class=\"elementor elementor-179\" data-elementor-post-type=\"page\">\n\t\t\t\t<div class=\"elementor-element elementor-element-5576e6c e-flex e-con-boxed e-con e-parent\" data-id=\"5576e6c\" data-element_type=\"container\">\n\t\t\t\t\t<div class=\"e-con-inner\">\n\t\t<div class=\"elementor-element elementor-element-291148b e-con-full e-flex e-con e-child\" data-id=\"291148b\" data-element_type=\"container\">\n\t\t\t\t<div class=\"elementor-element elementor-element-9eaee9c title-pseudo center elementor-widget elementor-widget-heading\" data-id=\"9eaee9c\" data-element_type=\"widget\" data-widget_type=\"heading.default\">\n\t\t\t\t<div class=\"elementor-widget-container\">\n\t\t\t\t\t<h1 class=\"elementor-heading-title elementor-size-default\">Traitement catalytique tr\u00e8s haute efficacit\u00e9<\/h1>\t\t\t\t<\/div>\n\t\t\t\t<\/div>\n\t\t\t\t<div class=\"elementor-element elementor-element-0222e96 mb-0 elementor-widget elementor-widget-text-editor\" data-id=\"0222e96\" data-element_type=\"widget\" data-widget_type=\"text-editor.default\">\n\t\t\t\t<div class=\"elementor-widget-container\">\n\t\t\t\t\t\t\t\t\t<p><strong>PROSSERGY propose des proc\u00e9d\u00e9s catalytiques de traitement de gaz tr\u00e8s haute<br \/>efficacit\u00e9, con\u00e7us sur mesure pour les applications de ses clients.<\/strong><\/p>\t\t\t\t\t\t\t\t<\/div>\n\t\t\t\t<\/div>\n\t\t\t\t<\/div>\n\t\t\t\t\t<\/div>\n\t\t\t\t<\/div>\n\t\t<div class=\"elementor-element elementor-element-448b010 e-flex e-con-boxed e-con e-parent\" data-id=\"448b010\" data-element_type=\"container\">\n\t\t\t\t\t<div class=\"e-con-inner\">\n\t\t<div class=\"elementor-element elementor-element-eaa3f77 e-con-full e-flex e-con e-child\" data-id=\"eaa3f77\" data-element_type=\"container\">\n\t\t\t\t<div class=\"elementor-element elementor-element-e4f796d elementor-pagination-position-outside elementor-widget elementor-widget-image-carousel\" data-id=\"e4f796d\" data-element_type=\"widget\" data-settings=\"{&quot;slides_to_show&quot;:&quot;1&quot;,&quot;navigation&quot;:&quot;dots&quot;,&quot;autoplay&quot;:&quot;yes&quot;,&quot;pause_on_hover&quot;:&quot;yes&quot;,&quot;pause_on_interaction&quot;:&quot;yes&quot;,&quot;autoplay_speed&quot;:5000,&quot;infinite&quot;:&quot;yes&quot;,&quot;effect&quot;:&quot;slide&quot;,&quot;speed&quot;:500}\" data-widget_type=\"image-carousel.default\">\n\t\t\t\t<div class=\"elementor-widget-container\">\n\t\t\t\t\t\t\t<div class=\"elementor-image-carousel-wrapper swiper\" role=\"region\" aria-roledescription=\"carousel\" aria-label=\"Carrousel d\u2019images\" dir=\"ltr\">\n\t\t\t<div class=\"elementor-image-carousel swiper-wrapper swiper-image-stretch\" aria-live=\"off\">\n\t\t\t\t\t\t\t\t<div class=\"swiper-slide\" role=\"group\" aria-roledescription=\"slide\" aria-label=\"1 sur 2\"><figure class=\"swiper-slide-inner\"><img decoding=\"async\" class=\"swiper-slide-image\" src=\"https:\/\/www.prossergy.com\/wp-content\/uploads\/2025\/01\/Img_Cata-1.jpg\" alt=\"Img_Cata\" \/><\/figure><\/div><div class=\"swiper-slide\" role=\"group\" aria-roledescription=\"slide\" aria-label=\"2 sur 2\"><figure class=\"swiper-slide-inner\"><img decoding=\"async\" class=\"swiper-slide-image\" src=\"https:\/\/www.prossergy.com\/wp-content\/uploads\/2025\/01\/Img_Cata_2.jpg\" alt=\"Img_Cata_2\" \/><\/figure><\/div>\t\t\t<\/div>\n\t\t\t\t\t\t\t\n\t\t\t\t\t\t\t\t\t<div class=\"swiper-pagination\"><\/div>\n\t\t\t\t\t\t\t\t\t<\/div>\n\t\t\t\t\t\t<\/div>\n\t\t\t\t<\/div>\n\t\t\t\t<\/div>\n\t\t<div class=\"elementor-element elementor-element-87941ac e-con-full e-flex e-con e-child\" data-id=\"87941ac\" data-element_type=\"container\">\n\t\t\t\t<div class=\"elementor-element elementor-element-e3e0ecd elementor-widget elementor-widget-text-editor\" data-id=\"e3e0ecd\" data-element_type=\"widget\" data-widget_type=\"text-editor.default\">\n\t\t\t\t<div class=\"elementor-widget-container\">\n\t\t\t\t\t\t\t\t\t<p>L\u2019\u00e9limination des compos\u00e9s \u00e0 traiter s\u2019op\u00e8re par passage de l\u2019effluent \u00e0 travers un catalyseur. Celui-ci active la d\u00e9composition des polluants \u00e0 basse temp\u00e9rature et permet d\u2019atteindre des niveaux d\u2019abattement \u00e9lev\u00e9s et durables<\/p><p><strong>Les avantages du proc\u00e9d\u00e9 catalytique :<\/strong><\/p><ul><li>Conception sur mesure en fonction de l\u2019installation \u00e0 traiter<\/li><li>Performances \u00e9lev\u00e9es et stables (jusqu\u2019\u00e0 99% et plus)<\/li><li>Pas de formation d\u2019effluents secondaires devant \u00eatre retrait\u00e9s<\/li><li>Possibilit\u00e9 de traiter un grand nombre de polluants<\/li><\/ul><p><strong>Les avantages du proc\u00e9d\u00e9 catalytique :<\/strong><\/p><ul><li>Pellets : Encombrement r\u00e9duit, excellent compromis Performance \/ Temp\u00e9rature<\/li><li>Monolithe : Faible perte de charge, r\u00e9sistance aux poussi\u00e8res<\/li><\/ul>\t\t\t\t\t\t\t\t<\/div>\n\t\t\t\t<\/div>\n\t\t\t\t<\/div>\n\t\t\t\t\t<\/div>\n\t\t\t\t<\/div>\n\t\t<div class=\"elementor-element elementor-element-02c2873 section-blue e-flex e-con-boxed e-con e-parent\" data-id=\"02c2873\" data-element_type=\"container\">\n\t\t\t\t\t<div class=\"e-con-inner\">\n\t\t<div class=\"elementor-element elementor-element-391d296 e-con-full e-flex e-con e-child\" data-id=\"391d296\" data-element_type=\"container\">\n\t\t\t\t<div class=\"elementor-element elementor-element-c49f81a elementor-widget elementor-widget-text-editor\" data-id=\"c49f81a\" data-element_type=\"widget\" data-widget_type=\"text-editor.default\">\n\t\t\t\t<div class=\"elementor-widget-container\">\n\t\t\t\t\t\t\t\t\t<p><strong>Particuli\u00e8rement adapt\u00e9s pour les proc\u00e9d\u00e9s dans le domaine de la chimie et du traitement de gaz, avec des flux tr\u00e8s concentr\u00e9s, les solutions propos\u00e9es permettent \u00e9galement des traitements multi gaz :<\/strong><\/p><ul><li>NOx<\/li><li>N2O<\/li><li>NH3<\/li><li>COV<\/li><li>CO<\/li><li>H2<\/li><li>Dioxines<\/li><li>etc.<\/li><\/ul><p>Des formulations sp\u00e9cifiques de catalyseur sont possibles afin de r\u00e9pondre aux probl\u00e9matiques les plus complexes.<\/p>\t\t\t\t\t\t\t\t<\/div>\n\t\t\t\t<\/div>\n\t\t\t\t<\/div>\n\t\t<div class=\"elementor-element elementor-element-4052f2f e-con-full e-flex e-con e-child\" data-id=\"4052f2f\" data-element_type=\"container\">\n\t\t\t\t<div class=\"elementor-element elementor-element-c5af466 elementor-widget elementor-widget-image\" data-id=\"c5af466\" data-element_type=\"widget\" data-widget_type=\"image.default\">\n\t\t\t\t<div class=\"elementor-widget-container\">\n\t\t\t\t\t\t\t\t\t\t\t\t\t\t\t<img fetchpriority=\"high\" decoding=\"async\" width=\"640\" height=\"426\" src=\"https:\/\/www.prossergy.com\/wp-content\/uploads\/2025\/01\/white-powder-moving-conveyor-belt-food-processing-plant-1.jpg\" class=\"attachment-large size-large wp-image-780\" alt=\"\" srcset=\"https:\/\/www.prossergy.com\/wp-content\/uploads\/2025\/01\/white-powder-moving-conveyor-belt-food-processing-plant-1.jpg 800w, https:\/\/www.prossergy.com\/wp-content\/uploads\/2025\/01\/white-powder-moving-conveyor-belt-food-processing-plant-1-300x200.jpg 300w, https:\/\/www.prossergy.com\/wp-content\/uploads\/2025\/01\/white-powder-moving-conveyor-belt-food-processing-plant-1-768x512.jpg 768w\" sizes=\"(max-width: 640px) 100vw, 640px\" \/>\t\t\t\t\t\t\t\t\t\t\t\t\t\t\t<\/div>\n\t\t\t\t<\/div>\n\t\t\t\t<\/div>\n\t\t\t\t\t<\/div>\n\t\t\t\t<\/div>\n\t\t<div class=\"elementor-element elementor-element-3b8123e e-flex e-con-boxed e-con e-parent\" data-id=\"3b8123e\" data-element_type=\"container\">\n\t\t\t\t\t<div class=\"e-con-inner\">\n\t\t<div class=\"elementor-element elementor-element-7b843f4 e-con-full e-flex e-con e-child\" data-id=\"7b843f4\" data-element_type=\"container\">\n\t\t\t\t<div class=\"elementor-element elementor-element-719eb59 elementor-widget elementor-widget-image\" data-id=\"719eb59\" data-element_type=\"widget\" data-widget_type=\"image.default\">\n\t\t\t\t<div class=\"elementor-widget-container\">\n\t\t\t\t\t\t\t\t\t\t\t\t\t\t\t<img decoding=\"async\" width=\"640\" height=\"684\" src=\"https:\/\/www.prossergy.com\/wp-content\/uploads\/2025\/01\/Img_Arkema.jpg\" class=\"attachment-large size-large wp-image-775\" alt=\"\" srcset=\"https:\/\/www.prossergy.com\/wp-content\/uploads\/2025\/01\/Img_Arkema.jpg 765w, https:\/\/www.prossergy.com\/wp-content\/uploads\/2025\/01\/Img_Arkema-281x300.jpg 281w\" sizes=\"(max-width: 640px) 100vw, 640px\" \/>\t\t\t\t\t\t\t\t\t\t\t\t\t\t\t<\/div>\n\t\t\t\t<\/div>\n\t\t\t\t<\/div>\n\t\t<div class=\"elementor-element elementor-element-a530f5d e-con-full e-flex e-con e-child\" data-id=\"a530f5d\" data-element_type=\"container\">\n\t\t\t\t<div class=\"elementor-element elementor-element-9cb5fe1 elementor-widget elementor-widget-text-editor\" data-id=\"9cb5fe1\" data-element_type=\"widget\" data-widget_type=\"text-editor.default\">\n\t\t\t\t<div class=\"elementor-widget-container\">\n\t\t\t\t\t\t\t\t\t<p><strong>Les proc\u00e9d\u00e9s catalytiques n\u00e9cessitent une conception particuli\u00e8re pour leur mise en \u0153uvre, PROSSERGY poss\u00e8de l\u2019exp\u00e9rience n\u00e9cessaire pour mener \u00e0 bien vos projets et concevoir des unit\u00e9s performantes et fiables :<\/strong><\/p><ul><li>R\u00e9acteurs multi\u00e9tages <\/li><li>Syst\u00e8me de r\u00e9chauffage pour le maintien \u00e0 la temp\u00e9rature optimale de r\u00e9action<\/li><li>Un ou plusieurs \u00e9changeurs pour limiter la consommation \u00e9nerg\u00e9tique, et dans certains cas r\u00e9cup\u00e9rer l\u2019\u00e9nergie produite<\/li><li>Organes de r\u00e9gulation afin d\u2019obtenir une temp\u00e9rature de r\u00e9action dans la plage optimale<\/li><li>Injection de r\u00e9actif si n\u00e9cessaire<\/li><li>A\u00e9rauliques et m\u00e9langes optimis\u00e9s, \u00e9tudes CFD<\/li><li>Consommations \u00e9nerg\u00e9tiques optimis\u00e9es<\/li><\/ul>\t\t\t\t\t\t\t\t<\/div>\n\t\t\t\t<\/div>\n\t\t\t\t<\/div>\n\t\t\t\t\t<\/div>\n\t\t\t\t<\/div>\n\t\t\t\t<\/div>\n\t\t","protected":false},"excerpt":{"rendered":"<p>Traitement catalytique tr\u00e8s haute efficacit\u00e9 PROSSERGY propose des proc\u00e9d\u00e9s catalytiques de traitement de gaz tr\u00e8s hauteefficacit\u00e9, con\u00e7us sur mesure pour les applications de ses clients. L\u2019\u00e9limination des compos\u00e9s \u00e0 traiter s\u2019op\u00e8re par passage de l\u2019effluent \u00e0 travers un catalyseur. Celui-ci active la d\u00e9composition des polluants \u00e0 basse temp\u00e9rature et permet d\u2019atteindre des niveaux d\u2019abattement \u00e9lev\u00e9s [&hellip;]<\/p>\n","protected":false},"author":1,"featured_media":0,"parent":13,"menu_order":0,"comment_status":"closed","ping_status":"closed","template":"","meta":{"_acf_changed":false,"footnotes":""},"class_list":["post-179","page","type-page","status-publish","hentry"],"acf":[],"yoast_head":"<!-- This site is optimized with the Yoast SEO plugin v26.0 - https:\/\/yoast.com\/wordpress\/plugins\/seo\/ -->\n<title>Traitement catalytique tr\u00e8s haute efficacit\u00e9 - Prossergy<\/title>\n<meta name=\"description\" content=\"PROSSERGY propose des proc\u00e9d\u00e9s catalytiques de traitement de gaz tr\u00e8s haute efficacit\u00e9, con\u00e7us sur mesure pour les applications de ses clients.\" \/>\n<meta name=\"robots\" content=\"index, follow, max-snippet:-1, max-image-preview:large, max-video-preview:-1\" \/>\n<link rel=\"canonical\" href=\"https:\/\/www.prossergy.com\/fr\/nos-solutions\/traitement-catalytique-tres-haute-efficacite\/\" \/>\n<meta property=\"og:locale\" content=\"fr_FR\" \/>\n<meta property=\"og:type\" content=\"article\" \/>\n<meta property=\"og:title\" content=\"Traitement catalytique tr\u00e8s haute efficacit\u00e9 - Prossergy\" \/>\n<meta property=\"og:description\" content=\"PROSSERGY propose des proc\u00e9d\u00e9s catalytiques de traitement de gaz tr\u00e8s haute efficacit\u00e9, con\u00e7us sur mesure pour les applications de ses clients.\" \/>\n<meta property=\"og:url\" content=\"https:\/\/www.prossergy.com\/fr\/nos-solutions\/traitement-catalytique-tres-haute-efficacite\/\" \/>\n<meta property=\"og:site_name\" content=\"Prossergy\" \/>\n<meta property=\"article:modified_time\" content=\"2025-02-03T15:43:13+00:00\" \/>\n<meta property=\"og:image\" content=\"https:\/\/www.prossergy.com\/\/wp-content\/uploads\/2025\/01\/Img_Cata-1.jpg\" \/>\n<meta name=\"twitter:card\" content=\"summary_large_image\" \/>\n<meta name=\"twitter:label1\" content=\"Dur\u00e9e de lecture estim\u00e9e\" \/>\n\t<meta name=\"twitter:data1\" content=\"3 minutes\" \/>\n<script type=\"application\/ld+json\" class=\"yoast-schema-graph\">{\"@context\":\"https:\/\/schema.org\",\"@graph\":[{\"@type\":\"WebPage\",\"@id\":\"https:\/\/www.prossergy.com\/fr\/nos-solutions\/traitement-catalytique-tres-haute-efficacite\/\",\"url\":\"https:\/\/www.prossergy.com\/fr\/nos-solutions\/traitement-catalytique-tres-haute-efficacite\/\",\"name\":\"Traitement catalytique tr\u00e8s haute efficacit\u00e9 - Prossergy\",\"isPartOf\":{\"@id\":\"https:\/\/www.prossergy.com\/fr\/#website\"},\"primaryImageOfPage\":{\"@id\":\"https:\/\/www.prossergy.com\/fr\/nos-solutions\/traitement-catalytique-tres-haute-efficacite\/#primaryimage\"},\"image\":{\"@id\":\"https:\/\/www.prossergy.com\/fr\/nos-solutions\/traitement-catalytique-tres-haute-efficacite\/#primaryimage\"},\"thumbnailUrl\":\"https:\/\/www.prossergy.com\/\/wp-content\/uploads\/2025\/01\/Img_Cata-1.jpg\",\"datePublished\":\"2025-01-28T15:40:11+00:00\",\"dateModified\":\"2025-02-03T15:43:13+00:00\",\"description\":\"PROSSERGY propose des proc\u00e9d\u00e9s catalytiques de traitement de gaz tr\u00e8s haute efficacit\u00e9, con\u00e7us sur mesure pour les applications de ses clients.\",\"breadcrumb\":{\"@id\":\"https:\/\/www.prossergy.com\/fr\/nos-solutions\/traitement-catalytique-tres-haute-efficacite\/#breadcrumb\"},\"inLanguage\":\"fr-FR\",\"potentialAction\":[{\"@type\":\"ReadAction\",\"target\":[\"https:\/\/www.prossergy.com\/fr\/nos-solutions\/traitement-catalytique-tres-haute-efficacite\/\"]}]},{\"@type\":\"ImageObject\",\"inLanguage\":\"fr-FR\",\"@id\":\"https:\/\/www.prossergy.com\/fr\/nos-solutions\/traitement-catalytique-tres-haute-efficacite\/#primaryimage\",\"url\":\"https:\/\/www.prossergy.com\/\/wp-content\/uploads\/2025\/01\/Img_Cata-1.jpg\",\"contentUrl\":\"https:\/\/www.prossergy.com\/\/wp-content\/uploads\/2025\/01\/Img_Cata-1.jpg\"},{\"@type\":\"BreadcrumbList\",\"@id\":\"https:\/\/www.prossergy.com\/fr\/nos-solutions\/traitement-catalytique-tres-haute-efficacite\/#breadcrumb\",\"itemListElement\":[{\"@type\":\"ListItem\",\"position\":1,\"name\":\"Accueil\",\"item\":\"https:\/\/www.prossergy.com\/fr\/\"},{\"@type\":\"ListItem\",\"position\":2,\"name\":\"Nos solutions\",\"item\":\"https:\/\/www.prossergy.com\/fr\/nos-solutions\/\"},{\"@type\":\"ListItem\",\"position\":3,\"name\":\"Traitement catalytique tr\u00e8s haute efficacit\u00e9\"}]},{\"@type\":\"WebSite\",\"@id\":\"https:\/\/www.prossergy.com\/fr\/#website\",\"url\":\"https:\/\/www.prossergy.com\/fr\/\",\"name\":\"Prossergy\",\"description\":\"Des proc\u00e9d\u00e9s pour l&#039;\u00e9nergie\",\"publisher\":{\"@id\":\"https:\/\/www.prossergy.com\/fr\/#organization\"},\"potentialAction\":[{\"@type\":\"SearchAction\",\"target\":{\"@type\":\"EntryPoint\",\"urlTemplate\":\"https:\/\/www.prossergy.com\/fr\/?s={search_term_string}\"},\"query-input\":{\"@type\":\"PropertyValueSpecification\",\"valueRequired\":true,\"valueName\":\"search_term_string\"}}],\"inLanguage\":\"fr-FR\"},{\"@type\":\"Organization\",\"@id\":\"https:\/\/www.prossergy.com\/fr\/#organization\",\"name\":\"Prossergy\",\"url\":\"https:\/\/www.prossergy.com\/fr\/\",\"logo\":{\"@type\":\"ImageObject\",\"inLanguage\":\"fr-FR\",\"@id\":\"https:\/\/www.prossergy.com\/fr\/#\/schema\/logo\/image\/\",\"url\":\"https:\/\/www.prossergy.com\/wp-content\/uploads\/2025\/02\/logo-prossergy.png\",\"contentUrl\":\"https:\/\/www.prossergy.com\/wp-content\/uploads\/2025\/02\/logo-prossergy.png\",\"width\":833,\"height\":227,\"caption\":\"Prossergy\"},\"image\":{\"@id\":\"https:\/\/www.prossergy.com\/fr\/#\/schema\/logo\/image\/\"}}]}<\/script>\n<!-- \/ Yoast SEO plugin. -->","yoast_head_json":{"title":"Traitement catalytique tr\u00e8s haute efficacit\u00e9 - Prossergy","description":"PROSSERGY propose des proc\u00e9d\u00e9s catalytiques de traitement de gaz tr\u00e8s haute efficacit\u00e9, con\u00e7us sur mesure pour les applications de ses clients.","robots":{"index":"index","follow":"follow","max-snippet":"max-snippet:-1","max-image-preview":"max-image-preview:large","max-video-preview":"max-video-preview:-1"},"canonical":"https:\/\/www.prossergy.com\/fr\/nos-solutions\/traitement-catalytique-tres-haute-efficacite\/","og_locale":"fr_FR","og_type":"article","og_title":"Traitement catalytique tr\u00e8s haute efficacit\u00e9 - Prossergy","og_description":"PROSSERGY propose des proc\u00e9d\u00e9s catalytiques de traitement de gaz tr\u00e8s haute efficacit\u00e9, con\u00e7us sur mesure pour les applications de ses clients.","og_url":"https:\/\/www.prossergy.com\/fr\/nos-solutions\/traitement-catalytique-tres-haute-efficacite\/","og_site_name":"Prossergy","article_modified_time":"2025-02-03T15:43:13+00:00","og_image":[{"url":"https:\/\/www.prossergy.com\/\/wp-content\/uploads\/2025\/01\/Img_Cata-1.jpg","type":"","width":"","height":""}],"twitter_card":"summary_large_image","twitter_misc":{"Dur\u00e9e de lecture estim\u00e9e":"3 minutes"},"schema":{"@context":"https:\/\/schema.org","@graph":[{"@type":"WebPage","@id":"https:\/\/www.prossergy.com\/fr\/nos-solutions\/traitement-catalytique-tres-haute-efficacite\/","url":"https:\/\/www.prossergy.com\/fr\/nos-solutions\/traitement-catalytique-tres-haute-efficacite\/","name":"Traitement catalytique tr\u00e8s haute efficacit\u00e9 - Prossergy","isPartOf":{"@id":"https:\/\/www.prossergy.com\/fr\/#website"},"primaryImageOfPage":{"@id":"https:\/\/www.prossergy.com\/fr\/nos-solutions\/traitement-catalytique-tres-haute-efficacite\/#primaryimage"},"image":{"@id":"https:\/\/www.prossergy.com\/fr\/nos-solutions\/traitement-catalytique-tres-haute-efficacite\/#primaryimage"},"thumbnailUrl":"https:\/\/www.prossergy.com\/\/wp-content\/uploads\/2025\/01\/Img_Cata-1.jpg","datePublished":"2025-01-28T15:40:11+00:00","dateModified":"2025-02-03T15:43:13+00:00","description":"PROSSERGY propose des proc\u00e9d\u00e9s catalytiques de traitement de gaz tr\u00e8s haute efficacit\u00e9, con\u00e7us sur mesure pour les applications de ses clients.","breadcrumb":{"@id":"https:\/\/www.prossergy.com\/fr\/nos-solutions\/traitement-catalytique-tres-haute-efficacite\/#breadcrumb"},"inLanguage":"fr-FR","potentialAction":[{"@type":"ReadAction","target":["https:\/\/www.prossergy.com\/fr\/nos-solutions\/traitement-catalytique-tres-haute-efficacite\/"]}]},{"@type":"ImageObject","inLanguage":"fr-FR","@id":"https:\/\/www.prossergy.com\/fr\/nos-solutions\/traitement-catalytique-tres-haute-efficacite\/#primaryimage","url":"https:\/\/www.prossergy.com\/\/wp-content\/uploads\/2025\/01\/Img_Cata-1.jpg","contentUrl":"https:\/\/www.prossergy.com\/\/wp-content\/uploads\/2025\/01\/Img_Cata-1.jpg"},{"@type":"BreadcrumbList","@id":"https:\/\/www.prossergy.com\/fr\/nos-solutions\/traitement-catalytique-tres-haute-efficacite\/#breadcrumb","itemListElement":[{"@type":"ListItem","position":1,"name":"Accueil","item":"https:\/\/www.prossergy.com\/fr\/"},{"@type":"ListItem","position":2,"name":"Nos solutions","item":"https:\/\/www.prossergy.com\/fr\/nos-solutions\/"},{"@type":"ListItem","position":3,"name":"Traitement catalytique tr\u00e8s haute efficacit\u00e9"}]},{"@type":"WebSite","@id":"https:\/\/www.prossergy.com\/fr\/#website","url":"https:\/\/www.prossergy.com\/fr\/","name":"Prossergy","description":"Des proc\u00e9d\u00e9s pour l&#039;\u00e9nergie","publisher":{"@id":"https:\/\/www.prossergy.com\/fr\/#organization"},"potentialAction":[{"@type":"SearchAction","target":{"@type":"EntryPoint","urlTemplate":"https:\/\/www.prossergy.com\/fr\/?s={search_term_string}"},"query-input":{"@type":"PropertyValueSpecification","valueRequired":true,"valueName":"search_term_string"}}],"inLanguage":"fr-FR"},{"@type":"Organization","@id":"https:\/\/www.prossergy.com\/fr\/#organization","name":"Prossergy","url":"https:\/\/www.prossergy.com\/fr\/","logo":{"@type":"ImageObject","inLanguage":"fr-FR","@id":"https:\/\/www.prossergy.com\/fr\/#\/schema\/logo\/image\/","url":"https:\/\/www.prossergy.com\/wp-content\/uploads\/2025\/02\/logo-prossergy.png","contentUrl":"https:\/\/www.prossergy.com\/wp-content\/uploads\/2025\/02\/logo-prossergy.png","width":833,"height":227,"caption":"Prossergy"},"image":{"@id":"https:\/\/www.prossergy.com\/fr\/#\/schema\/logo\/image\/"}}]}},"_links":{"self":[{"href":"https:\/\/www.prossergy.com\/fr\/wp-json\/wp\/v2\/pages\/179","targetHints":{"allow":["GET"]}}],"collection":[{"href":"https:\/\/www.prossergy.com\/fr\/wp-json\/wp\/v2\/pages"}],"about":[{"href":"https:\/\/www.prossergy.com\/fr\/wp-json\/wp\/v2\/types\/page"}],"author":[{"embeddable":true,"href":"https:\/\/www.prossergy.com\/fr\/wp-json\/wp\/v2\/users\/1"}],"replies":[{"embeddable":true,"href":"https:\/\/www.prossergy.com\/fr\/wp-json\/wp\/v2\/comments?post=179"}],"version-history":[{"count":17,"href":"https:\/\/www.prossergy.com\/fr\/wp-json\/wp\/v2\/pages\/179\/revisions"}],"predecessor-version":[{"id":887,"href":"https:\/\/www.prossergy.com\/fr\/wp-json\/wp\/v2\/pages\/179\/revisions\/887"}],"up":[{"embeddable":true,"href":"https:\/\/www.prossergy.com\/fr\/wp-json\/wp\/v2\/pages\/13"}],"wp:attachment":[{"href":"https:\/\/www.prossergy.com\/fr\/wp-json\/wp\/v2\/media?parent=179"}],"curies":[{"name":"wp","href":"https:\/\/api.w.org\/{rel}","templated":true}]}}