{"id":181,"date":"2025-01-28T15:40:23","date_gmt":"2025-01-28T15:40:23","guid":{"rendered":"https:\/\/www.prossergy.com\/\/?page_id=181"},"modified":"2025-02-03T15:41:44","modified_gmt":"2025-02-03T15:41:44","slug":"injection-reutilisation-des-eaux-industrielles","status":"publish","type":"page","link":"https:\/\/www.prossergy.com\/fr\/nos-solutions\/injection-reutilisation-des-eaux-industrielles\/","title":{"rendered":"Injection \/ r\u00e9utilisation des eaux industrielles"},"content":{"rendered":"\t\t<div data-elementor-type=\"wp-page\" data-elementor-id=\"181\" class=\"elementor elementor-181\" data-elementor-post-type=\"page\">\n\t\t\t\t<div class=\"elementor-element elementor-element-cec5ce4 e-flex e-con-boxed e-con e-parent\" data-id=\"cec5ce4\" data-element_type=\"container\">\n\t\t\t\t\t<div class=\"e-con-inner\">\n\t\t<div class=\"elementor-element elementor-element-629d80e e-con-full e-flex e-con e-child\" data-id=\"629d80e\" data-element_type=\"container\">\n\t\t\t\t<div class=\"elementor-element elementor-element-0b03f74 title-pseudo center elementor-widget elementor-widget-heading\" data-id=\"0b03f74\" data-element_type=\"widget\" data-widget_type=\"heading.default\">\n\t\t\t\t<div class=\"elementor-widget-container\">\n\t\t\t\t\t<h1 class=\"elementor-heading-title elementor-size-default\">Injection \/ r\u00e9utilisation des eaux industrielles<\/h1>\t\t\t\t<\/div>\n\t\t\t\t<\/div>\n\t\t\t\t<\/div>\n\t\t\t\t\t<\/div>\n\t\t\t\t<\/div>\n\t\t<div class=\"elementor-element elementor-element-76cc336 e-flex e-con-boxed e-con e-parent\" data-id=\"76cc336\" data-element_type=\"container\">\n\t\t\t\t\t<div class=\"e-con-inner\">\n\t\t<div class=\"elementor-element elementor-element-4f0ecf4 e-con-full e-flex e-con e-child\" data-id=\"4f0ecf4\" data-element_type=\"container\">\n\t\t\t\t<div class=\"elementor-element elementor-element-0d25ec6 elementor-widget elementor-widget-image\" data-id=\"0d25ec6\" data-element_type=\"widget\" data-widget_type=\"image.default\">\n\t\t\t\t<div class=\"elementor-widget-container\">\n\t\t\t\t\t\t\t\t\t\t\t\t\t\t\t<img fetchpriority=\"high\" decoding=\"async\" width=\"640\" height=\"274\" src=\"https:\/\/www.prossergy.com\/wp-content\/uploads\/2025\/01\/closeup-industrial-pipelines-around-factor-sunny-day.jpg\" class=\"attachment-large size-large wp-image-123\" alt=\"\" srcset=\"https:\/\/www.prossergy.com\/wp-content\/uploads\/2025\/01\/closeup-industrial-pipelines-around-factor-sunny-day.jpg 800w, https:\/\/www.prossergy.com\/wp-content\/uploads\/2025\/01\/closeup-industrial-pipelines-around-factor-sunny-day-300x129.jpg 300w, https:\/\/www.prossergy.com\/wp-content\/uploads\/2025\/01\/closeup-industrial-pipelines-around-factor-sunny-day-768x329.jpg 768w\" sizes=\"(max-width: 640px) 100vw, 640px\" \/>\t\t\t\t\t\t\t\t\t\t\t\t\t\t\t<\/div>\n\t\t\t\t<\/div>\n\t\t\t\t<\/div>\n\t\t<div class=\"elementor-element elementor-element-33fe2ee e-con-full e-flex e-con e-child\" data-id=\"33fe2ee\" data-element_type=\"container\">\n\t\t\t\t<div class=\"elementor-element elementor-element-7901428 elementor-widget elementor-widget-text-editor\" data-id=\"7901428\" data-element_type=\"widget\" data-widget_type=\"text-editor.default\">\n\t\t\t\t<div class=\"elementor-widget-container\">\n\t\t\t\t\t\t\t\t\t<p><strong>Prossergy propose des solutions \u00ab z\u00e9ro rejet \u00bb, afin de valoriser les eaux r\u00e9siduelles des sites industriels :<\/strong><\/p><ul><li>Injection d\u2019eau dans les fours :<ul><li>Augmentation des d\u00e9bits et charges thermiques<\/li><li>Elimination des eaux process<\/li><li>R\u00e9duction de l\u2019encrassement dans les chaudi\u00e8res<\/li><\/ul><\/li><li>Refroidissement de gaz<\/li><\/ul>\t\t\t\t\t\t\t\t<\/div>\n\t\t\t\t<\/div>\n\t\t\t\t<\/div>\n\t\t\t\t\t<\/div>\n\t\t\t\t<\/div>\n\t\t<div class=\"elementor-element elementor-element-c9b4af4 e-flex e-con-boxed e-con e-parent\" data-id=\"c9b4af4\" data-element_type=\"container\">\n\t\t\t\t\t<div class=\"e-con-inner\">\n\t\t<div class=\"elementor-element elementor-element-5d11e77 e-con-full e-flex e-con e-child\" data-id=\"5d11e77\" data-element_type=\"container\">\n\t\t\t\t<div class=\"elementor-element elementor-element-551a635 elementor-widget elementor-widget-text-editor\" data-id=\"551a635\" data-element_type=\"widget\" data-widget_type=\"text-editor.default\">\n\t\t\t\t<div class=\"elementor-widget-container\">\n\t\t\t\t\t\t\t\t\t<p><strong>Prossergy con\u00e7oit et r\u00e9alise des solutions sur-mesure et adapt\u00e9es a chaque site et \u00e0 chaque besoin, notamment en fonction de la qualit\u00e9 des eaux utilis\u00e9es et des sp\u00e9cificit\u00e9s des \u00e9quipements \u00e0 alimenter.<br \/><\/strong><\/p><p>La combinaison des diff\u00e9rents proc\u00e9d\u00e9s permet d\u2019assurer une fiabilit\u00e9 optimale :<\/p><ul><li>Pompage\/ Filtration multi-\u00e9tages<ul><li>D\u00e9cantation<\/li><li>Pompage immerg\u00e9 \/ de surface<\/li><li>Pr\u00e9filtration m\u00e9canique<\/li><li>D\u00e9colmatage automatique<\/li><li>Filtres \u00e0 sables<\/li><\/ul><\/li><li>Acidification \/ Additivation<ul><li>Acidification pour la r\u00e9utilisation d\u2019eaux salines<\/li><li>Additivation pour le traitement pr\u00e9ventif des d\u00e9p\u00f4ts<\/li><\/ul><\/li><li>Dosage \/Pulv\u00e9risation<ul><li>Dosage \u2013 r\u00e9gulation de d\u00e9bit<\/li><li>Cannes d\u2019injection avec pulv\u00e9risation bi-fluide optimale et refroidissement<\/li><li>Contr\u00f4le avanc\u00e9 du proc\u00e9d\u00e9<\/li><\/ul><\/li><\/ul>\t\t\t\t\t\t\t\t<\/div>\n\t\t\t\t<\/div>\n\t\t\t\t<\/div>\n\t\t<div class=\"elementor-element elementor-element-fd0e441 e-con-full e-flex e-con e-child\" data-id=\"fd0e441\" data-element_type=\"container\">\n\t\t\t\t<div class=\"elementor-element elementor-element-501501f elementor-widget elementor-widget-image\" data-id=\"501501f\" data-element_type=\"widget\" data-widget_type=\"image.default\">\n\t\t\t\t<div class=\"elementor-widget-container\">\n\t\t\t\t\t\t\t\t\t\t\t\t\t\t\t<img decoding=\"async\" width=\"600\" height=\"396\" src=\"https:\/\/www.prossergy.com\/wp-content\/uploads\/2025\/01\/Inj-eau.jpg\" class=\"attachment-large size-large wp-image-510\" alt=\"\" srcset=\"https:\/\/www.prossergy.com\/wp-content\/uploads\/2025\/01\/Inj-eau.jpg 600w, https:\/\/www.prossergy.com\/wp-content\/uploads\/2025\/01\/Inj-eau-300x198.jpg 300w\" sizes=\"(max-width: 600px) 100vw, 600px\" \/>\t\t\t\t\t\t\t\t\t\t\t\t\t\t\t<\/div>\n\t\t\t\t<\/div>\n\t\t\t\t<\/div>\n\t\t\t\t\t<\/div>\n\t\t\t\t<\/div>\n\t\t\t\t<\/div>\n\t\t","protected":false},"excerpt":{"rendered":"<p>Injection \/ r\u00e9utilisation des eaux industrielles Prossergy propose des solutions \u00ab z\u00e9ro rejet \u00bb, afin de valoriser les eaux r\u00e9siduelles des sites industriels : Injection d\u2019eau dans les fours : Augmentation des d\u00e9bits et charges thermiques Elimination des eaux process R\u00e9duction de l\u2019encrassement dans les chaudi\u00e8res Refroidissement de gaz Prossergy con\u00e7oit et r\u00e9alise des solutions [&hellip;]<\/p>\n","protected":false},"author":1,"featured_media":0,"parent":13,"menu_order":0,"comment_status":"closed","ping_status":"closed","template":"","meta":{"_acf_changed":false,"footnotes":""},"class_list":["post-181","page","type-page","status-publish","hentry"],"acf":[],"yoast_head":"<!-- This site is optimized with the Yoast SEO plugin v26.0 - https:\/\/yoast.com\/wordpress\/plugins\/seo\/ -->\n<title>Injection \/ r\u00e9utilisation des eaux industrielles - Prossergy<\/title>\n<meta name=\"description\" content=\"Prossergy propose des solutions \u00ab z\u00e9ro rejet \u00bb, afin de valoriser les eaux r\u00e9siduelles des sites industriels.\" \/>\n<meta name=\"robots\" content=\"index, follow, max-snippet:-1, max-image-preview:large, max-video-preview:-1\" \/>\n<link rel=\"canonical\" href=\"https:\/\/www.prossergy.com\/fr\/nos-solutions\/injection-reutilisation-des-eaux-industrielles\/\" \/>\n<meta property=\"og:locale\" content=\"fr_FR\" \/>\n<meta property=\"og:type\" content=\"article\" \/>\n<meta property=\"og:title\" content=\"Injection \/ r\u00e9utilisation des eaux industrielles - Prossergy\" \/>\n<meta property=\"og:description\" content=\"Prossergy propose des solutions \u00ab z\u00e9ro rejet \u00bb, afin de valoriser les eaux r\u00e9siduelles des sites industriels.\" \/>\n<meta property=\"og:url\" content=\"https:\/\/www.prossergy.com\/fr\/nos-solutions\/injection-reutilisation-des-eaux-industrielles\/\" \/>\n<meta property=\"og:site_name\" content=\"Prossergy\" \/>\n<meta property=\"article:modified_time\" content=\"2025-02-03T15:41:44+00:00\" \/>\n<meta property=\"og:image\" content=\"https:\/\/www.prossergy.com\/\/wp-content\/uploads\/2025\/01\/closeup-industrial-pipelines-around-factor-sunny-day.jpg\" \/>\n<meta name=\"twitter:card\" content=\"summary_large_image\" \/>\n<meta name=\"twitter:label1\" content=\"Dur\u00e9e de lecture estim\u00e9e\" \/>\n\t<meta name=\"twitter:data1\" content=\"2 minutes\" \/>\n<script type=\"application\/ld+json\" class=\"yoast-schema-graph\">{\"@context\":\"https:\/\/schema.org\",\"@graph\":[{\"@type\":\"WebPage\",\"@id\":\"https:\/\/www.prossergy.com\/fr\/nos-solutions\/injection-reutilisation-des-eaux-industrielles\/\",\"url\":\"https:\/\/www.prossergy.com\/fr\/nos-solutions\/injection-reutilisation-des-eaux-industrielles\/\",\"name\":\"Injection \/ r\u00e9utilisation des eaux industrielles - Prossergy\",\"isPartOf\":{\"@id\":\"https:\/\/www.prossergy.com\/fr\/#website\"},\"primaryImageOfPage\":{\"@id\":\"https:\/\/www.prossergy.com\/fr\/nos-solutions\/injection-reutilisation-des-eaux-industrielles\/#primaryimage\"},\"image\":{\"@id\":\"https:\/\/www.prossergy.com\/fr\/nos-solutions\/injection-reutilisation-des-eaux-industrielles\/#primaryimage\"},\"thumbnailUrl\":\"https:\/\/www.prossergy.com\/\/wp-content\/uploads\/2025\/01\/closeup-industrial-pipelines-around-factor-sunny-day.jpg\",\"datePublished\":\"2025-01-28T15:40:23+00:00\",\"dateModified\":\"2025-02-03T15:41:44+00:00\",\"description\":\"Prossergy propose des solutions \u00ab z\u00e9ro rejet \u00bb, afin de valoriser les eaux r\u00e9siduelles des sites industriels.\",\"breadcrumb\":{\"@id\":\"https:\/\/www.prossergy.com\/fr\/nos-solutions\/injection-reutilisation-des-eaux-industrielles\/#breadcrumb\"},\"inLanguage\":\"fr-FR\",\"potentialAction\":[{\"@type\":\"ReadAction\",\"target\":[\"https:\/\/www.prossergy.com\/fr\/nos-solutions\/injection-reutilisation-des-eaux-industrielles\/\"]}]},{\"@type\":\"ImageObject\",\"inLanguage\":\"fr-FR\",\"@id\":\"https:\/\/www.prossergy.com\/fr\/nos-solutions\/injection-reutilisation-des-eaux-industrielles\/#primaryimage\",\"url\":\"https:\/\/www.prossergy.com\/\/wp-content\/uploads\/2025\/01\/closeup-industrial-pipelines-around-factor-sunny-day.jpg\",\"contentUrl\":\"https:\/\/www.prossergy.com\/\/wp-content\/uploads\/2025\/01\/closeup-industrial-pipelines-around-factor-sunny-day.jpg\"},{\"@type\":\"BreadcrumbList\",\"@id\":\"https:\/\/www.prossergy.com\/fr\/nos-solutions\/injection-reutilisation-des-eaux-industrielles\/#breadcrumb\",\"itemListElement\":[{\"@type\":\"ListItem\",\"position\":1,\"name\":\"Accueil\",\"item\":\"https:\/\/www.prossergy.com\/fr\/\"},{\"@type\":\"ListItem\",\"position\":2,\"name\":\"Nos solutions\",\"item\":\"https:\/\/www.prossergy.com\/fr\/nos-solutions\/\"},{\"@type\":\"ListItem\",\"position\":3,\"name\":\"Injection \/ r\u00e9utilisation des eaux industrielles\"}]},{\"@type\":\"WebSite\",\"@id\":\"https:\/\/www.prossergy.com\/fr\/#website\",\"url\":\"https:\/\/www.prossergy.com\/fr\/\",\"name\":\"Prossergy\",\"description\":\"Des proc\u00e9d\u00e9s pour l&#039;\u00e9nergie\",\"publisher\":{\"@id\":\"https:\/\/www.prossergy.com\/fr\/#organization\"},\"potentialAction\":[{\"@type\":\"SearchAction\",\"target\":{\"@type\":\"EntryPoint\",\"urlTemplate\":\"https:\/\/www.prossergy.com\/fr\/?s={search_term_string}\"},\"query-input\":{\"@type\":\"PropertyValueSpecification\",\"valueRequired\":true,\"valueName\":\"search_term_string\"}}],\"inLanguage\":\"fr-FR\"},{\"@type\":\"Organization\",\"@id\":\"https:\/\/www.prossergy.com\/fr\/#organization\",\"name\":\"Prossergy\",\"url\":\"https:\/\/www.prossergy.com\/fr\/\",\"logo\":{\"@type\":\"ImageObject\",\"inLanguage\":\"fr-FR\",\"@id\":\"https:\/\/www.prossergy.com\/fr\/#\/schema\/logo\/image\/\",\"url\":\"https:\/\/www.prossergy.com\/wp-content\/uploads\/2025\/02\/logo-prossergy.png\",\"contentUrl\":\"https:\/\/www.prossergy.com\/wp-content\/uploads\/2025\/02\/logo-prossergy.png\",\"width\":833,\"height\":227,\"caption\":\"Prossergy\"},\"image\":{\"@id\":\"https:\/\/www.prossergy.com\/fr\/#\/schema\/logo\/image\/\"}}]}<\/script>\n<!-- \/ Yoast SEO plugin. -->","yoast_head_json":{"title":"Injection \/ r\u00e9utilisation des eaux industrielles - Prossergy","description":"Prossergy propose des solutions \u00ab z\u00e9ro rejet \u00bb, afin de valoriser les eaux r\u00e9siduelles des sites industriels.","robots":{"index":"index","follow":"follow","max-snippet":"max-snippet:-1","max-image-preview":"max-image-preview:large","max-video-preview":"max-video-preview:-1"},"canonical":"https:\/\/www.prossergy.com\/fr\/nos-solutions\/injection-reutilisation-des-eaux-industrielles\/","og_locale":"fr_FR","og_type":"article","og_title":"Injection \/ r\u00e9utilisation des eaux industrielles - Prossergy","og_description":"Prossergy propose des solutions \u00ab z\u00e9ro rejet \u00bb, afin de valoriser les eaux r\u00e9siduelles des sites industriels.","og_url":"https:\/\/www.prossergy.com\/fr\/nos-solutions\/injection-reutilisation-des-eaux-industrielles\/","og_site_name":"Prossergy","article_modified_time":"2025-02-03T15:41:44+00:00","og_image":[{"url":"https:\/\/www.prossergy.com\/\/wp-content\/uploads\/2025\/01\/closeup-industrial-pipelines-around-factor-sunny-day.jpg","type":"","width":"","height":""}],"twitter_card":"summary_large_image","twitter_misc":{"Dur\u00e9e de lecture estim\u00e9e":"2 minutes"},"schema":{"@context":"https:\/\/schema.org","@graph":[{"@type":"WebPage","@id":"https:\/\/www.prossergy.com\/fr\/nos-solutions\/injection-reutilisation-des-eaux-industrielles\/","url":"https:\/\/www.prossergy.com\/fr\/nos-solutions\/injection-reutilisation-des-eaux-industrielles\/","name":"Injection \/ r\u00e9utilisation des eaux industrielles - Prossergy","isPartOf":{"@id":"https:\/\/www.prossergy.com\/fr\/#website"},"primaryImageOfPage":{"@id":"https:\/\/www.prossergy.com\/fr\/nos-solutions\/injection-reutilisation-des-eaux-industrielles\/#primaryimage"},"image":{"@id":"https:\/\/www.prossergy.com\/fr\/nos-solutions\/injection-reutilisation-des-eaux-industrielles\/#primaryimage"},"thumbnailUrl":"https:\/\/www.prossergy.com\/\/wp-content\/uploads\/2025\/01\/closeup-industrial-pipelines-around-factor-sunny-day.jpg","datePublished":"2025-01-28T15:40:23+00:00","dateModified":"2025-02-03T15:41:44+00:00","description":"Prossergy propose des solutions \u00ab z\u00e9ro rejet \u00bb, afin de valoriser les eaux r\u00e9siduelles des sites industriels.","breadcrumb":{"@id":"https:\/\/www.prossergy.com\/fr\/nos-solutions\/injection-reutilisation-des-eaux-industrielles\/#breadcrumb"},"inLanguage":"fr-FR","potentialAction":[{"@type":"ReadAction","target":["https:\/\/www.prossergy.com\/fr\/nos-solutions\/injection-reutilisation-des-eaux-industrielles\/"]}]},{"@type":"ImageObject","inLanguage":"fr-FR","@id":"https:\/\/www.prossergy.com\/fr\/nos-solutions\/injection-reutilisation-des-eaux-industrielles\/#primaryimage","url":"https:\/\/www.prossergy.com\/\/wp-content\/uploads\/2025\/01\/closeup-industrial-pipelines-around-factor-sunny-day.jpg","contentUrl":"https:\/\/www.prossergy.com\/\/wp-content\/uploads\/2025\/01\/closeup-industrial-pipelines-around-factor-sunny-day.jpg"},{"@type":"BreadcrumbList","@id":"https:\/\/www.prossergy.com\/fr\/nos-solutions\/injection-reutilisation-des-eaux-industrielles\/#breadcrumb","itemListElement":[{"@type":"ListItem","position":1,"name":"Accueil","item":"https:\/\/www.prossergy.com\/fr\/"},{"@type":"ListItem","position":2,"name":"Nos solutions","item":"https:\/\/www.prossergy.com\/fr\/nos-solutions\/"},{"@type":"ListItem","position":3,"name":"Injection \/ r\u00e9utilisation des eaux industrielles"}]},{"@type":"WebSite","@id":"https:\/\/www.prossergy.com\/fr\/#website","url":"https:\/\/www.prossergy.com\/fr\/","name":"Prossergy","description":"Des proc\u00e9d\u00e9s pour l&#039;\u00e9nergie","publisher":{"@id":"https:\/\/www.prossergy.com\/fr\/#organization"},"potentialAction":[{"@type":"SearchAction","target":{"@type":"EntryPoint","urlTemplate":"https:\/\/www.prossergy.com\/fr\/?s={search_term_string}"},"query-input":{"@type":"PropertyValueSpecification","valueRequired":true,"valueName":"search_term_string"}}],"inLanguage":"fr-FR"},{"@type":"Organization","@id":"https:\/\/www.prossergy.com\/fr\/#organization","name":"Prossergy","url":"https:\/\/www.prossergy.com\/fr\/","logo":{"@type":"ImageObject","inLanguage":"fr-FR","@id":"https:\/\/www.prossergy.com\/fr\/#\/schema\/logo\/image\/","url":"https:\/\/www.prossergy.com\/wp-content\/uploads\/2025\/02\/logo-prossergy.png","contentUrl":"https:\/\/www.prossergy.com\/wp-content\/uploads\/2025\/02\/logo-prossergy.png","width":833,"height":227,"caption":"Prossergy"},"image":{"@id":"https:\/\/www.prossergy.com\/fr\/#\/schema\/logo\/image\/"}}]}},"_links":{"self":[{"href":"https:\/\/www.prossergy.com\/fr\/wp-json\/wp\/v2\/pages\/181","targetHints":{"allow":["GET"]}}],"collection":[{"href":"https:\/\/www.prossergy.com\/fr\/wp-json\/wp\/v2\/pages"}],"about":[{"href":"https:\/\/www.prossergy.com\/fr\/wp-json\/wp\/v2\/types\/page"}],"author":[{"embeddable":true,"href":"https:\/\/www.prossergy.com\/fr\/wp-json\/wp\/v2\/users\/1"}],"replies":[{"embeddable":true,"href":"https:\/\/www.prossergy.com\/fr\/wp-json\/wp\/v2\/comments?post=181"}],"version-history":[{"count":22,"href":"https:\/\/www.prossergy.com\/fr\/wp-json\/wp\/v2\/pages\/181\/revisions"}],"predecessor-version":[{"id":642,"href":"https:\/\/www.prossergy.com\/fr\/wp-json\/wp\/v2\/pages\/181\/revisions\/642"}],"up":[{"embeddable":true,"href":"https:\/\/www.prossergy.com\/fr\/wp-json\/wp\/v2\/pages\/13"}],"wp:attachment":[{"href":"https:\/\/www.prossergy.com\/fr\/wp-json\/wp\/v2\/media?parent=181"}],"curies":[{"name":"wp","href":"https:\/\/api.w.org\/{rel}","templated":true}]}}