{"id":183,"date":"2025-01-28T15:40:39","date_gmt":"2025-01-28T15:40:39","guid":{"rendered":"https:\/\/www.prossergy.com\/\/?page_id=183"},"modified":"2025-02-03T15:42:11","modified_gmt":"2025-02-03T15:42:11","slug":"stockage-et-manutention-des-produits-chimiques","status":"publish","type":"page","link":"https:\/\/www.prossergy.com\/fr\/nos-solutions\/stockage-et-manutention-des-produits-chimiques\/","title":{"rendered":"Stockage et manutention des produits chimiques"},"content":{"rendered":"\t\t<div data-elementor-type=\"wp-page\" data-elementor-id=\"183\" class=\"elementor elementor-183\" data-elementor-post-type=\"page\">\n\t\t\t\t<div class=\"elementor-element elementor-element-97db617 e-flex e-con-boxed e-con e-parent\" data-id=\"97db617\" data-element_type=\"container\">\n\t\t\t\t\t<div class=\"e-con-inner\">\n\t\t<div class=\"elementor-element elementor-element-8110016 e-con-full e-flex e-con e-child\" data-id=\"8110016\" data-element_type=\"container\">\n\t\t\t\t<div class=\"elementor-element elementor-element-3a326e5 title-pseudo center elementor-widget elementor-widget-heading\" data-id=\"3a326e5\" data-element_type=\"widget\" data-widget_type=\"heading.default\">\n\t\t\t\t<div class=\"elementor-widget-container\">\n\t\t\t\t\t<h1 class=\"elementor-heading-title elementor-size-default\">Stockage et manutention des produits chimiques<\/h1>\t\t\t\t<\/div>\n\t\t\t\t<\/div>\n\t\t\t\t<\/div>\n\t\t\t\t\t<\/div>\n\t\t\t\t<\/div>\n\t\t<div class=\"elementor-element elementor-element-7868ed0 e-flex e-con-boxed e-con e-parent\" data-id=\"7868ed0\" data-element_type=\"container\">\n\t\t\t\t\t<div class=\"e-con-inner\">\n\t\t<div class=\"elementor-element elementor-element-cc123ae e-con-full e-flex e-con e-child\" data-id=\"cc123ae\" data-element_type=\"container\">\n\t\t\t\t<div class=\"elementor-element elementor-element-72e3078 elementor-widget elementor-widget-image\" data-id=\"72e3078\" data-element_type=\"widget\" data-widget_type=\"image.default\">\n\t\t\t\t<div class=\"elementor-widget-container\">\n\t\t\t\t\t\t\t\t\t\t\t\t\t\t\t<img fetchpriority=\"high\" decoding=\"async\" width=\"640\" height=\"427\" src=\"https:\/\/www.prossergy.com\/wp-content\/uploads\/2025\/01\/AdobeStock_561831575.jpg\" class=\"attachment-large size-large wp-image-524\" alt=\"\" srcset=\"https:\/\/www.prossergy.com\/wp-content\/uploads\/2025\/01\/AdobeStock_561831575.jpg 700w, https:\/\/www.prossergy.com\/wp-content\/uploads\/2025\/01\/AdobeStock_561831575-300x200.jpg 300w\" sizes=\"(max-width: 640px) 100vw, 640px\" \/>\t\t\t\t\t\t\t\t\t\t\t\t\t\t\t<\/div>\n\t\t\t\t<\/div>\n\t\t\t\t<\/div>\n\t\t<div class=\"elementor-element elementor-element-508623d e-con-full e-flex e-con e-child\" data-id=\"508623d\" data-element_type=\"container\">\n\t\t\t\t<div class=\"elementor-element elementor-element-91a7676 elementor-widget elementor-widget-text-editor\" data-id=\"91a7676\" data-element_type=\"widget\" data-widget_type=\"text-editor.default\">\n\t\t\t\t<div class=\"elementor-widget-container\">\n\t\t\t\t\t\t\t\t\t<p><strong>PROSSERGY propose des unit\u00e9s de stockage\/ manutention produits chimiques liquides \u00ab clef en main \u00bb pour tout type d\u2019application industrielle :<\/strong><\/p><ul><li>Ur\u00e9e \/ Adblue<\/li><li>Production de solution liquide \u00e0 partir d\u2019ur\u00e9e solide<\/li><li>Eau ammoniacale<\/li><li>Hydrocarbures \/ lubrifiants<\/li><li>Adjuvant \/ additif<\/li><\/ul>\t\t\t\t\t\t\t\t<\/div>\n\t\t\t\t<\/div>\n\t\t\t\t<\/div>\n\t\t\t\t\t<\/div>\n\t\t\t\t<\/div>\n\t\t\t\t<\/div>\n\t\t","protected":false},"excerpt":{"rendered":"<p>Stockage et manutention des produits chimiques PROSSERGY propose des unit\u00e9s de stockage\/ manutention produits chimiques liquides \u00ab clef en main \u00bb pour tout type d\u2019application industrielle : Ur\u00e9e \/ Adblue Production de solution liquide \u00e0 partir d\u2019ur\u00e9e solide Eau ammoniacale Hydrocarbures \/ lubrifiants Adjuvant \/ additif<\/p>\n","protected":false},"author":1,"featured_media":0,"parent":13,"menu_order":0,"comment_status":"closed","ping_status":"closed","template":"","meta":{"_acf_changed":false,"footnotes":""},"class_list":["post-183","page","type-page","status-publish","hentry"],"acf":[],"yoast_head":"<!-- This site is optimized with the Yoast SEO plugin v26.0 - https:\/\/yoast.com\/wordpress\/plugins\/seo\/ -->\n<title>Stockage et manutention des produits chimiques - Prossergy<\/title>\n<meta name=\"description\" content=\"PROSSERGY propose des unit\u00e9s de stockage\/ manutention produits chimiques liquides \u00ab clef en main \u00bb pour tout type d\u2019application industrielle.\" \/>\n<meta name=\"robots\" content=\"index, follow, max-snippet:-1, max-image-preview:large, max-video-preview:-1\" \/>\n<link rel=\"canonical\" href=\"https:\/\/www.prossergy.com\/fr\/nos-solutions\/stockage-et-manutention-des-produits-chimiques\/\" \/>\n<meta property=\"og:locale\" content=\"fr_FR\" \/>\n<meta property=\"og:type\" content=\"article\" \/>\n<meta property=\"og:title\" content=\"Stockage et manutention des produits chimiques - Prossergy\" \/>\n<meta property=\"og:description\" content=\"PROSSERGY propose des unit\u00e9s de stockage\/ manutention produits chimiques liquides \u00ab clef en main \u00bb pour tout type d\u2019application industrielle.\" \/>\n<meta property=\"og:url\" content=\"https:\/\/www.prossergy.com\/fr\/nos-solutions\/stockage-et-manutention-des-produits-chimiques\/\" \/>\n<meta property=\"og:site_name\" content=\"Prossergy\" \/>\n<meta property=\"article:modified_time\" content=\"2025-02-03T15:42:11+00:00\" \/>\n<meta property=\"og:image\" content=\"https:\/\/www.prossergy.com\/\/wp-content\/uploads\/2025\/01\/AdobeStock_561831575.jpg\" \/>\n<meta name=\"twitter:card\" content=\"summary_large_image\" \/>\n<meta name=\"twitter:label1\" content=\"Dur\u00e9e de lecture estim\u00e9e\" \/>\n\t<meta name=\"twitter:data1\" content=\"1 minute\" \/>\n<script type=\"application\/ld+json\" class=\"yoast-schema-graph\">{\"@context\":\"https:\/\/schema.org\",\"@graph\":[{\"@type\":\"WebPage\",\"@id\":\"https:\/\/www.prossergy.com\/fr\/nos-solutions\/stockage-et-manutention-des-produits-chimiques\/\",\"url\":\"https:\/\/www.prossergy.com\/fr\/nos-solutions\/stockage-et-manutention-des-produits-chimiques\/\",\"name\":\"Stockage et manutention des produits chimiques - Prossergy\",\"isPartOf\":{\"@id\":\"https:\/\/www.prossergy.com\/fr\/#website\"},\"primaryImageOfPage\":{\"@id\":\"https:\/\/www.prossergy.com\/fr\/nos-solutions\/stockage-et-manutention-des-produits-chimiques\/#primaryimage\"},\"image\":{\"@id\":\"https:\/\/www.prossergy.com\/fr\/nos-solutions\/stockage-et-manutention-des-produits-chimiques\/#primaryimage\"},\"thumbnailUrl\":\"https:\/\/www.prossergy.com\/\/wp-content\/uploads\/2025\/01\/AdobeStock_561831575.jpg\",\"datePublished\":\"2025-01-28T15:40:39+00:00\",\"dateModified\":\"2025-02-03T15:42:11+00:00\",\"description\":\"PROSSERGY propose des unit\u00e9s de stockage\/ manutention produits chimiques liquides \u00ab clef en main \u00bb pour tout type d\u2019application industrielle.\",\"breadcrumb\":{\"@id\":\"https:\/\/www.prossergy.com\/fr\/nos-solutions\/stockage-et-manutention-des-produits-chimiques\/#breadcrumb\"},\"inLanguage\":\"fr-FR\",\"potentialAction\":[{\"@type\":\"ReadAction\",\"target\":[\"https:\/\/www.prossergy.com\/fr\/nos-solutions\/stockage-et-manutention-des-produits-chimiques\/\"]}]},{\"@type\":\"ImageObject\",\"inLanguage\":\"fr-FR\",\"@id\":\"https:\/\/www.prossergy.com\/fr\/nos-solutions\/stockage-et-manutention-des-produits-chimiques\/#primaryimage\",\"url\":\"https:\/\/www.prossergy.com\/\/wp-content\/uploads\/2025\/01\/AdobeStock_561831575.jpg\",\"contentUrl\":\"https:\/\/www.prossergy.com\/\/wp-content\/uploads\/2025\/01\/AdobeStock_561831575.jpg\"},{\"@type\":\"BreadcrumbList\",\"@id\":\"https:\/\/www.prossergy.com\/fr\/nos-solutions\/stockage-et-manutention-des-produits-chimiques\/#breadcrumb\",\"itemListElement\":[{\"@type\":\"ListItem\",\"position\":1,\"name\":\"Accueil\",\"item\":\"https:\/\/www.prossergy.com\/fr\/\"},{\"@type\":\"ListItem\",\"position\":2,\"name\":\"Nos solutions\",\"item\":\"https:\/\/www.prossergy.com\/fr\/nos-solutions\/\"},{\"@type\":\"ListItem\",\"position\":3,\"name\":\"Stockage et manutention des produits chimiques\"}]},{\"@type\":\"WebSite\",\"@id\":\"https:\/\/www.prossergy.com\/fr\/#website\",\"url\":\"https:\/\/www.prossergy.com\/fr\/\",\"name\":\"Prossergy\",\"description\":\"Des proc\u00e9d\u00e9s pour l&#039;\u00e9nergie\",\"publisher\":{\"@id\":\"https:\/\/www.prossergy.com\/fr\/#organization\"},\"potentialAction\":[{\"@type\":\"SearchAction\",\"target\":{\"@type\":\"EntryPoint\",\"urlTemplate\":\"https:\/\/www.prossergy.com\/fr\/?s={search_term_string}\"},\"query-input\":{\"@type\":\"PropertyValueSpecification\",\"valueRequired\":true,\"valueName\":\"search_term_string\"}}],\"inLanguage\":\"fr-FR\"},{\"@type\":\"Organization\",\"@id\":\"https:\/\/www.prossergy.com\/fr\/#organization\",\"name\":\"Prossergy\",\"url\":\"https:\/\/www.prossergy.com\/fr\/\",\"logo\":{\"@type\":\"ImageObject\",\"inLanguage\":\"fr-FR\",\"@id\":\"https:\/\/www.prossergy.com\/fr\/#\/schema\/logo\/image\/\",\"url\":\"https:\/\/www.prossergy.com\/wp-content\/uploads\/2025\/02\/logo-prossergy.png\",\"contentUrl\":\"https:\/\/www.prossergy.com\/wp-content\/uploads\/2025\/02\/logo-prossergy.png\",\"width\":833,\"height\":227,\"caption\":\"Prossergy\"},\"image\":{\"@id\":\"https:\/\/www.prossergy.com\/fr\/#\/schema\/logo\/image\/\"}}]}<\/script>\n<!-- \/ Yoast SEO plugin. -->","yoast_head_json":{"title":"Stockage et manutention des produits chimiques - Prossergy","description":"PROSSERGY propose des unit\u00e9s de stockage\/ manutention produits chimiques liquides \u00ab clef en main \u00bb pour tout type d\u2019application industrielle.","robots":{"index":"index","follow":"follow","max-snippet":"max-snippet:-1","max-image-preview":"max-image-preview:large","max-video-preview":"max-video-preview:-1"},"canonical":"https:\/\/www.prossergy.com\/fr\/nos-solutions\/stockage-et-manutention-des-produits-chimiques\/","og_locale":"fr_FR","og_type":"article","og_title":"Stockage et manutention des produits chimiques - Prossergy","og_description":"PROSSERGY propose des unit\u00e9s de stockage\/ manutention produits chimiques liquides \u00ab clef en main \u00bb pour tout type d\u2019application industrielle.","og_url":"https:\/\/www.prossergy.com\/fr\/nos-solutions\/stockage-et-manutention-des-produits-chimiques\/","og_site_name":"Prossergy","article_modified_time":"2025-02-03T15:42:11+00:00","og_image":[{"url":"https:\/\/www.prossergy.com\/\/wp-content\/uploads\/2025\/01\/AdobeStock_561831575.jpg","type":"","width":"","height":""}],"twitter_card":"summary_large_image","twitter_misc":{"Dur\u00e9e de lecture estim\u00e9e":"1 minute"},"schema":{"@context":"https:\/\/schema.org","@graph":[{"@type":"WebPage","@id":"https:\/\/www.prossergy.com\/fr\/nos-solutions\/stockage-et-manutention-des-produits-chimiques\/","url":"https:\/\/www.prossergy.com\/fr\/nos-solutions\/stockage-et-manutention-des-produits-chimiques\/","name":"Stockage et manutention des produits chimiques - Prossergy","isPartOf":{"@id":"https:\/\/www.prossergy.com\/fr\/#website"},"primaryImageOfPage":{"@id":"https:\/\/www.prossergy.com\/fr\/nos-solutions\/stockage-et-manutention-des-produits-chimiques\/#primaryimage"},"image":{"@id":"https:\/\/www.prossergy.com\/fr\/nos-solutions\/stockage-et-manutention-des-produits-chimiques\/#primaryimage"},"thumbnailUrl":"https:\/\/www.prossergy.com\/\/wp-content\/uploads\/2025\/01\/AdobeStock_561831575.jpg","datePublished":"2025-01-28T15:40:39+00:00","dateModified":"2025-02-03T15:42:11+00:00","description":"PROSSERGY propose des unit\u00e9s de stockage\/ manutention produits chimiques liquides \u00ab clef en main \u00bb pour tout type d\u2019application industrielle.","breadcrumb":{"@id":"https:\/\/www.prossergy.com\/fr\/nos-solutions\/stockage-et-manutention-des-produits-chimiques\/#breadcrumb"},"inLanguage":"fr-FR","potentialAction":[{"@type":"ReadAction","target":["https:\/\/www.prossergy.com\/fr\/nos-solutions\/stockage-et-manutention-des-produits-chimiques\/"]}]},{"@type":"ImageObject","inLanguage":"fr-FR","@id":"https:\/\/www.prossergy.com\/fr\/nos-solutions\/stockage-et-manutention-des-produits-chimiques\/#primaryimage","url":"https:\/\/www.prossergy.com\/\/wp-content\/uploads\/2025\/01\/AdobeStock_561831575.jpg","contentUrl":"https:\/\/www.prossergy.com\/\/wp-content\/uploads\/2025\/01\/AdobeStock_561831575.jpg"},{"@type":"BreadcrumbList","@id":"https:\/\/www.prossergy.com\/fr\/nos-solutions\/stockage-et-manutention-des-produits-chimiques\/#breadcrumb","itemListElement":[{"@type":"ListItem","position":1,"name":"Accueil","item":"https:\/\/www.prossergy.com\/fr\/"},{"@type":"ListItem","position":2,"name":"Nos solutions","item":"https:\/\/www.prossergy.com\/fr\/nos-solutions\/"},{"@type":"ListItem","position":3,"name":"Stockage et manutention des produits chimiques"}]},{"@type":"WebSite","@id":"https:\/\/www.prossergy.com\/fr\/#website","url":"https:\/\/www.prossergy.com\/fr\/","name":"Prossergy","description":"Des proc\u00e9d\u00e9s pour l&#039;\u00e9nergie","publisher":{"@id":"https:\/\/www.prossergy.com\/fr\/#organization"},"potentialAction":[{"@type":"SearchAction","target":{"@type":"EntryPoint","urlTemplate":"https:\/\/www.prossergy.com\/fr\/?s={search_term_string}"},"query-input":{"@type":"PropertyValueSpecification","valueRequired":true,"valueName":"search_term_string"}}],"inLanguage":"fr-FR"},{"@type":"Organization","@id":"https:\/\/www.prossergy.com\/fr\/#organization","name":"Prossergy","url":"https:\/\/www.prossergy.com\/fr\/","logo":{"@type":"ImageObject","inLanguage":"fr-FR","@id":"https:\/\/www.prossergy.com\/fr\/#\/schema\/logo\/image\/","url":"https:\/\/www.prossergy.com\/wp-content\/uploads\/2025\/02\/logo-prossergy.png","contentUrl":"https:\/\/www.prossergy.com\/wp-content\/uploads\/2025\/02\/logo-prossergy.png","width":833,"height":227,"caption":"Prossergy"},"image":{"@id":"https:\/\/www.prossergy.com\/fr\/#\/schema\/logo\/image\/"}}]}},"_links":{"self":[{"href":"https:\/\/www.prossergy.com\/fr\/wp-json\/wp\/v2\/pages\/183","targetHints":{"allow":["GET"]}}],"collection":[{"href":"https:\/\/www.prossergy.com\/fr\/wp-json\/wp\/v2\/pages"}],"about":[{"href":"https:\/\/www.prossergy.com\/fr\/wp-json\/wp\/v2\/types\/page"}],"author":[{"embeddable":true,"href":"https:\/\/www.prossergy.com\/fr\/wp-json\/wp\/v2\/users\/1"}],"replies":[{"embeddable":true,"href":"https:\/\/www.prossergy.com\/fr\/wp-json\/wp\/v2\/comments?post=183"}],"version-history":[{"count":21,"href":"https:\/\/www.prossergy.com\/fr\/wp-json\/wp\/v2\/pages\/183\/revisions"}],"predecessor-version":[{"id":740,"href":"https:\/\/www.prossergy.com\/fr\/wp-json\/wp\/v2\/pages\/183\/revisions\/740"}],"up":[{"embeddable":true,"href":"https:\/\/www.prossergy.com\/fr\/wp-json\/wp\/v2\/pages\/13"}],"wp:attachment":[{"href":"https:\/\/www.prossergy.com\/fr\/wp-json\/wp\/v2\/media?parent=183"}],"curies":[{"name":"wp","href":"https:\/\/api.w.org\/{rel}","templated":true}]}}